{"id":1029,"date":"2016-04-18T21:46:02","date_gmt":"2016-04-18T21:46:02","guid":{"rendered":"http:\/\/clubegolfecaixa.pt\/golfe\/?page_id=1029"},"modified":"2018-01-31T00:28:14","modified_gmt":"2018-01-31T00:28:14","slug":"ordem-de-merito-2017","status":"publish","type":"page","link":"https:\/\/clubegolfecaixa.pt\/golfe\/ordem-de-merito\/ordem-de-merito-2017\/","title":{"rendered":"Ordem de M\u00e9rito"},"content":{"rendered":"<p>[et_pb_section bb_built=&#8221;1&#8243; custom_padding_last_edited=&#8221;on|desktop&#8221; _builder_version=&#8221;3.0.82&#8243; background_image=&#8221;https:\/\/clubegolfecaixa.pt\/golfe\/wp-content\/uploads\/2015\/06\/phpThumb_generated_thumbnail.jpg&#8221; custom_padding=&#8221;|50px||50px&#8221; custom_padding_tablet=&#8221;50px|0|50px|0&#8243; transparent_background=&#8221;off&#8221; box_shadow_position=&#8221;outer&#8221;][et_pb_row padding_mobile=&#8221;off&#8221; background_color=&#8221;rgba(0,0,0,0.35)&#8221; column_padding_mobile=&#8221;on&#8221; parallax_method_1=&#8221;off&#8221; _builder_version=&#8221;3.0.47&#8243; background_size=&#8221;initial&#8221; background_position=&#8221;top_left&#8221; background_repeat=&#8221;repeat&#8221; _i=&#8221;0&#8243; _address=&#8221;0.0&#8243;][et_pb_column type=&#8221;4_4&#8243;][et_pb_blurb admin_label=&#8221;Titulo OM (Blurb)&#8221; title=&#8221;Ordem de M\u00e9rito &#8211; 2017&#8243; use_icon=&#8221;on&#8221; font_icon=&#8221;%%111%%&#8221; icon_color=&#8221;#7ebec5&#8243; use_circle=&#8221;on&#8221; circle_color=&#8221;rgba(224,224,224,0.1)&#8221; use_circle_border=&#8221;on&#8221; icon_placement=&#8221;left&#8221; use_icon_font_size=&#8221;on&#8221; icon_font_size=&#8221;32px&#8221; _builder_version=&#8221;3.0.92&#8243; header_font_size=&#8221;38&#8243; header_text_color=&#8221;#7ebec5&#8243; background_size=&#8221;initial&#8221; background_position=&#8221;top_left&#8221; background_repeat=&#8221;repeat&#8221; text_orientation=&#8221;center&#8221; animation=&#8221;right&#8221; url_new_window=&#8221;off&#8221; background_layout=&#8221;dark&#8221; \/][\/et_pb_column][\/et_pb_row][\/et_pb_section][et_pb_section bb_built=&#8221;1&#8243; admin_label=&#8221;section&#8221; background_color=&#8221;#dbdbdb&#8221; inner_shadow=&#8221;on&#8221; disabled_on=&#8221;on||&#8221; custom_padding_last_edited=&#8221;on|desktop&#8221; _builder_version=&#8221;3.0.47&#8243; custom_padding=&#8221;23px|0px|16px|0px&#8221; custom_padding_tablet=&#8221;50px|0|50px|0&#8243; transparent_background=&#8221;off&#8221; padding_mobile=&#8221;off&#8221;][et_pb_row admin_label=&#8221;row&#8221; custom_padding=&#8221;11px|0px|0px|0px&#8221; padding_mobile=&#8221;off&#8221; column_padding_mobile=&#8221;on&#8221; _builder_version=&#8221;3.0.47&#8243; background_size=&#8221;initial&#8221; background_position=&#8221;top_left&#8221; background_repeat=&#8221;repeat&#8221; _i=&#8221;0&#8243; _address=&#8221;1.0&#8243;][et_pb_column type=&#8221;1_4&#8243;][et_pb_button button_url=&#8221;#gross&#8221; button_text=&#8221;OM CGD &#8211; Gross&#8221; button_alignment=&#8221;center&#8221; _builder_version=&#8221;3.0.47&#8243; custom_button=&#8221;on&#8221; button_text_size=&#8221;15px&#8221; button_icon=&#8221;3&#8243; \/][\/et_pb_column][et_pb_column type=&#8221;1_4&#8243;][et_pb_button button_url=&#8221;#net&#8221; button_text=&#8221;OM CGD &#8211; Net&#8221; button_alignment=&#8221;center&#8221; _builder_version=&#8221;3.0.47&#8243; custom_button=&#8221;on&#8221; button_text_size=&#8221;15px&#8221; button_icon=&#8221;3&#8243; \/][\/et_pb_column][et_pb_column type=&#8221;1_4&#8243;][et_pb_button button_url=&#8221;#aposgross&#8221; button_text=&#8221;OM Aposentados &#8211; Gross&#8221; button_alignment=&#8221;center&#8221; _builder_version=&#8221;3.0.47&#8243; custom_button=&#8221;on&#8221; button_text_size=&#8221;15px&#8221; button_icon=&#8221;3&#8243; \/][\/et_pb_column][et_pb_column type=&#8221;1_4&#8243;][et_pb_button button_url=&#8221;#aposnet&#8221; button_text=&#8221;OM Aposentados &#8211; Net&#8221; button_alignment=&#8221;center&#8221; _builder_version=&#8221;3.0.47&#8243; custom_button=&#8221;on&#8221; button_text_size=&#8221;15px&#8221; button_icon=&#8221;3&#8243; \/][\/et_pb_column][\/et_pb_row][\/et_pb_section][et_pb_section bb_built=&#8221;1&#8243; admin_label=&#8221;section&#8221; background_color=&#8221;#0a5f66&#8243; inner_shadow=&#8221;on&#8221; module_id=&#8221;gross&#8221; custom_padding_last_edited=&#8221;on|desktop&#8221; _builder_version=&#8221;3.0.47&#8243; custom_padding=&#8221;0px|0px|18px|0px&#8221; custom_padding_tablet=&#8221;50px|0|50px|0&#8243; transparent_background=&#8221;off&#8221; padding_mobile=&#8221;off&#8221;][et_pb_row admin_label=&#8221;row&#8221; custom_padding=&#8221;12px|0px|7px|0px&#8221; padding_mobile=&#8221;off&#8221; column_padding_mobile=&#8221;on&#8221; _builder_version=&#8221;3.0.47&#8243; background_size=&#8221;initial&#8221; background_position=&#8221;top_left&#8221; background_repeat=&#8221;repeat&#8221; _i=&#8221;0&#8243; _address=&#8221;2.0&#8243;][et_pb_column type=&#8221;1_4&#8243;][\/et_pb_column][et_pb_column type=&#8221;1_2&#8243;][et_pb_text admin_label=&#8221;OM 2017 GROSS (ORDEM-MERITO-CGD-2017-GROSS.pdf)&#8221; _builder_version=&#8221;3.0.82&#8243; background_size=&#8221;initial&#8221; background_position=&#8221;top_left&#8221; background_repeat=&#8221;repeat&#8221; module_alignment=&#8221;left&#8221; _i=&#8221;0&#8243; _address=&#8221;2.0.1.0&#8243; background_layout=&#8221;light&#8221; border_style=&#8221;solid&#8221; box_shadow_position=&#8221;outer&#8221;]<\/p>\n<h3 style=\"text-align: center;\"><a href=\"..\/wp-content\/uploads\/ORDEM-MERITO-CGD-2017-GROSS.pdf\" target=\"_blank\" rel=\"noopener\"><span style=\"color: #dbdbdb;\">Ordem de M\u00e9rito &#8211; GROSS<\/span><\/a><\/h3>\n<p>[\/et_pb_text][\/et_pb_column][et_pb_column type=&#8221;1_4&#8243;][et_pb_button button_url=&#8221;#net&#8221; button_text=&#8221; &#8221; button_alignment=&#8221;center&#8221; disabled_on=&#8221;on|off|off&#8221; _builder_version=&#8221;3.0.82&#8243; custom_button=&#8221;on&#8221; button_text_size=&#8221;24px&#8221; button_border_width=&#8221;0px&#8221; button_border_radius=&#8221;1px&#8221; button_icon=&#8221;%%26%%&#8221; button_icon_color=&#8221;rgba(255,255,255,0.74)&#8221; button_on_hover=&#8221;off&#8221; url_new_window=&#8221;off&#8221; background_layout=&#8221;light&#8221; button_icon_placement=&#8221;right&#8221; box_shadow_position=&#8221;outer&#8221; \/][\/et_pb_column][\/et_pb_row][\/et_pb_section][et_pb_section bb_built=&#8221;1&#8243; admin_label=&#8221;CGDGross&#8221; background_color=&#8221;#525659&#8243; fullwidth=&#8221;on&#8221; disabled_on=&#8221;on|off|off&#8221; custom_padding_last_edited=&#8221;on|desktop&#8221; _builder_version=&#8221;3.0.47&#8243; custom_padding_tablet=&#8221;50px|0|50px|0&#8243; transparent_background=&#8221;off&#8221; padding_mobile=&#8221;off&#8221;][et_pb_fullwidth_code admin_label=&#8221;Fullwidth Code (ORDEM-MERITO-CGD-2017-GROSS.pdf)&#8221; _builder_version=&#8221;3.0.82&#8243;]&lt;div style=&quot;width: 100%; height: 100%; position: relative; padding-bottom: 56%;&quot;&gt;&lt;iframe style=&quot;width: 100%; height: 100%; position: absolute;&quot; src=&quot;\/golfe\/wp-content\/uploads\/ORDEM-MERITO-CGD-2017-GROSS.pdf&quot; width=&quot;300&quot; height=&quot;450&quot; frameborder=&quot;0&quot; allowfullscreen=&quot;allowfullscreen&quot;&gt;&lt;\/iframe&gt;&lt;\/div&gt;[\/et_pb_fullwidth_code][\/et_pb_section][et_pb_section bb_built=&#8221;1&#8243; admin_label=&#8221;section&#8221; background_color=&#8221;#0a5f66&#8243; inner_shadow=&#8221;on&#8221; module_id=&#8221;net&#8221; custom_padding_last_edited=&#8221;on|desktop&#8221; _builder_version=&#8221;3.0.47&#8243; custom_padding=&#8221;0px|0px|20px|0px&#8221; custom_padding_tablet=&#8221;50px|0|50px|0&#8243; transparent_background=&#8221;off&#8221; padding_mobile=&#8221;off&#8221;][et_pb_row admin_label=&#8221;row&#8221; custom_padding=&#8221;12px|0px|7px|0px&#8221; padding_mobile=&#8221;off&#8221; column_padding_mobile=&#8221;on&#8221; _builder_version=&#8221;3.0.47&#8243; background_size=&#8221;initial&#8221; background_position=&#8221;top_left&#8221; background_repeat=&#8221;repeat&#8221; _i=&#8221;0&#8243; _address=&#8221;4.0&#8243;][et_pb_column type=&#8221;1_4&#8243;][et_pb_button button_url=&#8221;#gross&#8221; button_text=&#8221; &#8221; button_alignment=&#8221;center&#8221; disabled_on=&#8221;on|off|off&#8221; _builder_version=&#8221;3.0.82&#8243; custom_button=&#8221;on&#8221; button_text_size=&#8221;24px&#8221; button_border_width=&#8221;0px&#8221; button_border_radius=&#8221;1px&#8221; button_icon=&#8221;%%25%%&#8221; button_icon_color=&#8221;rgba(255,255,255,0.74)&#8221; button_on_hover=&#8221;off&#8221; url_new_window=&#8221;off&#8221; background_layout=&#8221;light&#8221; button_icon_placement=&#8221;right&#8221; box_shadow_position=&#8221;outer&#8221; \/][\/et_pb_column][et_pb_column type=&#8221;1_2&#8243;][et_pb_text admin_label=&#8221;(ORDEM-MERITO-CGD-2017-NET.pdf)&#8221; _builder_version=&#8221;3.0.82&#8243; background_size=&#8221;initial&#8221; background_position=&#8221;top_left&#8221; background_repeat=&#8221;repeat&#8221; text_orientation=&#8221;center&#8221; module_alignment=&#8221;center&#8221; _i=&#8221;0&#8243; _address=&#8221;4.0.1.0&#8243; background_layout=&#8221;light&#8221; border_style=&#8221;solid&#8221; box_shadow_position=&#8221;outer&#8221;]<\/p>\n<h3><span style=\"color: #dbdbdb;\"><a href=\"\/golfe\/wp-content\/uploads\/ORDEM-MERITO-CGD-2017-NET.pdf\" target=\"_blank\" rel=\"noopener\">Ordem de M\u00e9rito &#8211; NET<\/a><\/span><\/h3>\n<p>[\/et_pb_text][\/et_pb_column][et_pb_column type=&#8221;1_4&#8243;][et_pb_button button_url=&#8221;#aposgross&#8221; button_text=&#8221; &#8221; button_alignment=&#8221;center&#8221; disabled_on=&#8221;on|off|off&#8221; _builder_version=&#8221;3.0.82&#8243; custom_button=&#8221;on&#8221; button_text_size=&#8221;24px&#8221; button_border_width=&#8221;0px&#8221; button_border_radius=&#8221;1px&#8221; button_icon=&#8221;%%26%%&#8221; button_icon_color=&#8221;rgba(255,255,255,0.74)&#8221; button_on_hover=&#8221;off&#8221; url_new_window=&#8221;off&#8221; background_layout=&#8221;light&#8221; button_icon_placement=&#8221;right&#8221; box_shadow_position=&#8221;outer&#8221; \/][\/et_pb_column][\/et_pb_row][\/et_pb_section][et_pb_section bb_built=&#8221;1&#8243; admin_label=&#8221;CGDNet&#8221; background_color=&#8221;#525659&#8243; fullwidth=&#8221;on&#8221; disabled_on=&#8221;on|off|off&#8221; custom_padding_last_edited=&#8221;on|desktop&#8221; _builder_version=&#8221;3.0.47&#8243; custom_padding=&#8221;0px|0px|0px|0px&#8221; custom_padding_tablet=&#8221;50px|0|50px|0&#8243; transparent_background=&#8221;off&#8221; padding_mobile=&#8221;off&#8221;][et_pb_fullwidth_code admin_label=&#8221;Fullwidth Code (ORDEM-MERITO-CGD-2017-NET.pdf)&#8221; _builder_version=&#8221;3.0.82&#8243;]&lt;div style=&quot;width: 100%; height: 100%; position: relative; padding-bottom: 56%;&quot;&gt;&lt;iframe style=&quot;width: 100%; height: 100%; position: absolute;&quot; src=&quot;\/golfe\/wp-content\/uploads\/ORDEM-MERITO-CGD-2017-NET.pdf&quot; width=&quot;300&quot; height=&quot;450&quot; frameborder=&quot;0&quot; allowfullscreen=&quot;allowfullscreen&quot;&gt;&lt;\/iframe&gt;&lt;\/div&gt;[\/et_pb_fullwidth_code][\/et_pb_section][et_pb_section bb_built=&#8221;1&#8243; admin_label=&#8221;section&#8221; background_color=&#8221;#0a5f66&#8243; inner_shadow=&#8221;on&#8221; module_id=&#8221;aposgross&#8221; custom_padding_last_edited=&#8221;on|desktop&#8221; _builder_version=&#8221;3.0.47&#8243; custom_padding=&#8221;0px|0px|18px|0px&#8221; custom_padding_tablet=&#8221;50px|0|50px|0&#8243; transparent_background=&#8221;off&#8221; padding_mobile=&#8221;off&#8221;][et_pb_row admin_label=&#8221;row&#8221; custom_padding=&#8221;12px|0px|7px|0px&#8221; padding_mobile=&#8221;off&#8221; column_padding_mobile=&#8221;on&#8221; _builder_version=&#8221;3.0.47&#8243; background_size=&#8221;initial&#8221; background_position=&#8221;top_left&#8221; background_repeat=&#8221;repeat&#8221; _i=&#8221;0&#8243; _address=&#8221;6.0&#8243;][et_pb_column type=&#8221;1_4&#8243;][et_pb_button button_url=&#8221;#net&#8221; button_text=&#8221; &#8221; button_alignment=&#8221;center&#8221; disabled_on=&#8221;on|off|off&#8221; _builder_version=&#8221;3.0.82&#8243; custom_button=&#8221;on&#8221; button_text_size=&#8221;24px&#8221; button_border_width=&#8221;0px&#8221; button_border_radius=&#8221;1px&#8221; button_icon=&#8221;%%25%%&#8221; button_icon_color=&#8221;rgba(255,255,255,0.74)&#8221; button_on_hover=&#8221;off&#8221; url_new_window=&#8221;off&#8221; background_layout=&#8221;light&#8221; button_icon_placement=&#8221;right&#8221; box_shadow_position=&#8221;outer&#8221; \/][\/et_pb_column][et_pb_column type=&#8221;1_2&#8243;][et_pb_text admin_label=&#8221;Text (ORDEM-MERITO-CGD-2017-GROSS_APOS.pdf)&#8221; _builder_version=&#8221;3.0.82&#8243; background_size=&#8221;initial&#8221; background_position=&#8221;top_left&#8221; background_repeat=&#8221;repeat&#8221; text_orientation=&#8221;center&#8221; module_alignment=&#8221;center&#8221; _i=&#8221;0&#8243; _address=&#8221;6.0.1.0&#8243; background_layout=&#8221;light&#8221; border_style=&#8221;solid&#8221; box_shadow_position=&#8221;outer&#8221;]<\/p>\n<h3><span style=\"color: #dbdbdb;\"><a href=\"\/golfe\/wp-content\/uploads\/ORDEM-MERITO-CGD-2017-GROSS_APOS.pdf\" target=\"_blank\" rel=\"noopener\">Ordem de M\u00e9rito Aposentados &#8211; GROSS<\/a><\/span><\/h3>\n<p>[\/et_pb_text][\/et_pb_column][et_pb_column type=&#8221;1_4&#8243;][et_pb_button button_url=&#8221;#aposnet&#8221; button_text=&#8221; &#8221; button_alignment=&#8221;center&#8221; disabled_on=&#8221;on|off|off&#8221; _builder_version=&#8221;3.0.82&#8243; custom_button=&#8221;on&#8221; button_text_size=&#8221;24px&#8221; button_border_width=&#8221;0px&#8221; button_border_radius=&#8221;1px&#8221; button_icon=&#8221;%%26%%&#8221; button_icon_color=&#8221;rgba(255,255,255,0.74)&#8221; button_on_hover=&#8221;off&#8221; url_new_window=&#8221;off&#8221; background_layout=&#8221;light&#8221; button_icon_placement=&#8221;right&#8221; box_shadow_position=&#8221;outer&#8221; \/][\/et_pb_column][\/et_pb_row][\/et_pb_section][et_pb_section bb_built=&#8221;1&#8243; admin_label=&#8221;AposentadosGross&#8221; background_color=&#8221;#525659&#8243; fullwidth=&#8221;on&#8221; disabled_on=&#8221;on|off|off&#8221; custom_padding_last_edited=&#8221;on|desktop&#8221; _builder_version=&#8221;3.0.47&#8243; custom_padding=&#8221;0px|0px|0px|0px&#8221; custom_padding_tablet=&#8221;50px|0|50px|0&#8243; transparent_background=&#8221;off&#8221; padding_mobile=&#8221;off&#8221;][et_pb_fullwidth_code admin_label=&#8221;Fullwidth Code (ORDEM-MERITO-CGD-2017-GROSS_APOS.pdf)&#8221; _builder_version=&#8221;3.0.82&#8243;]&lt;div style=&quot;width: 100%; height: 100%; position: relative; padding-bottom: 56%;&quot;&gt;&lt;iframe style=&quot;width: 100%; height: 100%; position: absolute;&quot; src=&quot;\/golfe\/wp-content\/uploads\/ORDEM-MERITO-CGD-2017-GROSS_APOS.pdf&quot; width=&quot;300&quot; height=&quot;450&quot; frameborder=&quot;0&quot; allowfullscreen=&quot;allowfullscreen&quot;&gt;&lt;\/iframe&gt;&lt;\/div&gt;[\/et_pb_fullwidth_code][\/et_pb_section][et_pb_section bb_built=&#8221;1&#8243; admin_label=&#8221;section&#8221; background_color=&#8221;#0a5f66&#8243; inner_shadow=&#8221;on&#8221; module_id=&#8221;aposnet&#8221; custom_padding_last_edited=&#8221;on|desktop&#8221; _builder_version=&#8221;3.0.47&#8243; custom_padding=&#8221;0px|0px|20px|0px&#8221; custom_padding_tablet=&#8221;50px|0|50px|0&#8243; transparent_background=&#8221;off&#8221; padding_mobile=&#8221;off&#8221;][et_pb_row admin_label=&#8221;row&#8221; custom_padding=&#8221;12px|0px|7px|0px&#8221; padding_mobile=&#8221;off&#8221; column_padding_mobile=&#8221;on&#8221; _builder_version=&#8221;3.0.47&#8243; background_size=&#8221;initial&#8221; background_position=&#8221;top_left&#8221; background_repeat=&#8221;repeat&#8221; _i=&#8221;0&#8243; _address=&#8221;8.0&#8243;][et_pb_column type=&#8221;1_4&#8243;][et_pb_button button_url=&#8221;#aposgross&#8221; button_text=&#8221; &#8221; button_alignment=&#8221;center&#8221; disabled_on=&#8221;on|off|off&#8221; _builder_version=&#8221;3.0.82&#8243; custom_button=&#8221;on&#8221; button_text_size=&#8221;24px&#8221; button_border_width=&#8221;0px&#8221; button_border_radius=&#8221;1px&#8221; button_icon=&#8221;%%25%%&#8221; button_icon_color=&#8221;rgba(255,255,255,0.74)&#8221; button_on_hover=&#8221;off&#8221; url_new_window=&#8221;off&#8221; background_layout=&#8221;light&#8221; button_icon_placement=&#8221;right&#8221; box_shadow_position=&#8221;outer&#8221; \/][\/et_pb_column][et_pb_column type=&#8221;1_2&#8243;][et_pb_text admin_label=&#8221;Text (ORDEM-MERITO-CGD-2017-NET_APOS.pdf)&#8221; _builder_version=&#8221;3.0.82&#8243; background_size=&#8221;initial&#8221; background_position=&#8221;top_left&#8221; background_repeat=&#8221;repeat&#8221; text_orientation=&#8221;center&#8221; module_alignment=&#8221;center&#8221; _i=&#8221;0&#8243; _address=&#8221;8.0.1.0&#8243; background_layout=&#8221;light&#8221; border_style=&#8221;solid&#8221; box_shadow_position=&#8221;outer&#8221;]<\/p>\n<h3><span style=\"color: #dbdbdb;\"><a href=\"\/golfe\/wp-content\/uploads\/ORDEM-MERITO-CGD-2017-NET_APOS.pdf\" target=\"_blank\" rel=\"noopener\">Ordem de M\u00e9rito Aposentados &#8211; NET<\/a><\/span><\/h3>\n<p>[\/et_pb_text][\/et_pb_column][et_pb_column type=&#8221;1_4&#8243;][\/et_pb_column][\/et_pb_row][\/et_pb_section][et_pb_section bb_built=&#8221;1&#8243; admin_label=&#8221;AposentadosNet&#8221; background_color=&#8221;#525659&#8243; fullwidth=&#8221;on&#8221; disabled_on=&#8221;on|off|off&#8221; custom_padding_last_edited=&#8221;on|desktop&#8221; _builder_version=&#8221;3.0.47&#8243; custom_padding_tablet=&#8221;50px|0|50px|0&#8243; transparent_background=&#8221;off&#8221; padding_mobile=&#8221;off&#8221;][et_pb_fullwidth_code admin_label=&#8221;Fullwidth Code (ORDEM-MERITO-CGD-2017-NET_APOS.pdf)&#8221; _builder_version=&#8221;3.0.82&#8243;]&lt;div style=&quot;width: 100%; height: 100%; position: relative; padding-bottom: 56%;&quot;&gt;&lt;iframe style=&quot;width: 100%; height: 100%; position: absolute;&quot; src=&quot;\/golfe\/wp-content\/uploads\/ORDEM-MERITO-CGD-2017-NET_APOS.pdf&quot; width=&quot;300&quot; height=&quot;450&quot; frameborder=&quot;0&quot; allowfullscreen=&quot;allowfullscreen&quot;&gt;&lt;\/iframe&gt;&lt;\/div&gt;[\/et_pb_fullwidth_code][\/et_pb_section]<\/p>\n","protected":false},"excerpt":{"rendered":"<p>Ordem de M\u00e9rito &#8211; GROSS Ordem de M\u00e9rito &#8211; NET Ordem de M\u00e9rito Aposentados &#8211; GROSS Ordem de M\u00e9rito Aposentados &#8211; NET<\/p>\n","protected":false},"author":1,"featured_media":0,"parent":29034,"menu_order":0,"comment_status":"closed","ping_status":"closed","template":"","meta":{"_et_pb_use_builder":"on","_et_pb_old_content":"","_et_gb_content_width":"","footnotes":""},"class_list":["post-1029","page","type-page","status-publish","hentry"],"_links":{"self":[{"href":"https:\/\/clubegolfecaixa.pt\/golfe\/wp-json\/wp\/v2\/pages\/1029","targetHints":{"allow":["GET"]}}],"collection":[{"href":"https:\/\/clubegolfecaixa.pt\/golfe\/wp-json\/wp\/v2\/pages"}],"about":[{"href":"https:\/\/clubegolfecaixa.pt\/golfe\/wp-json\/wp\/v2\/types\/page"}],"author":[{"embeddable":true,"href":"https:\/\/clubegolfecaixa.pt\/golfe\/wp-json\/wp\/v2\/users\/1"}],"replies":[{"embeddable":true,"href":"https:\/\/clubegolfecaixa.pt\/golfe\/wp-json\/wp\/v2\/comments?post=1029"}],"version-history":[{"count":69,"href":"https:\/\/clubegolfecaixa.pt\/golfe\/wp-json\/wp\/v2\/pages\/1029\/revisions"}],"predecessor-version":[{"id":29130,"href":"https:\/\/clubegolfecaixa.pt\/golfe\/wp-json\/wp\/v2\/pages\/1029\/revisions\/29130"}],"up":[{"embeddable":true,"href":"https:\/\/clubegolfecaixa.pt\/golfe\/wp-json\/wp\/v2\/pages\/29034"}],"wp:attachment":[{"href":"https:\/\/clubegolfecaixa.pt\/golfe\/wp-json\/wp\/v2\/media?parent=1029"}],"curies":[{"name":"wp","href":"https:\/\/api.w.org\/{rel}","templated":true}]}}