{"id":1213,"date":"2016-04-27T23:52:28","date_gmt":"2016-04-27T23:52:28","guid":{"rendered":"http:\/\/clubegolfecaixa.pt\/golfe\/?page_id=1213"},"modified":"2016-05-01T19:28:57","modified_gmt":"2016-05-01T19:28:57","slug":"o-professor","status":"publish","type":"page","link":"https:\/\/clubegolfecaixa.pt\/golfe\/formacao-e-treino\/o-professor\/","title":{"rendered":"O Professor"},"content":{"rendered":"<p>[et_pb_section admin_label=&#8221;Section&#8221; fullwidth=&#8221;off&#8221; specialty=&#8221;off&#8221; background_image=&#8221;http:\/\/clubegolfecaixa.pt\/golfe\/wp-content\/uploads\/bg.png&#8221; transparent_background=&#8221;off&#8221; background_color=&#8221;rgba(255,255,255,0.63)&#8221; allow_player_pause=&#8221;off&#8221; inner_shadow=&#8221;off&#8221; parallax=&#8221;off&#8221; parallax_method=&#8221;off&#8221; padding_mobile=&#8221;off&#8221; make_fullwidth=&#8221;off&#8221; use_custom_width=&#8221;off&#8221; width_unit=&#8221;on&#8221; make_equal=&#8221;off&#8221; use_custom_gutter=&#8221;off&#8221;][et_pb_row admin_label=&#8221;Row&#8221; make_fullwidth=&#8221;off&#8221; use_custom_width=&#8221;off&#8221; width_unit=&#8221;on&#8221; use_custom_gutter=&#8221;off&#8221; padding_mobile=&#8221;off&#8221; background_color=&#8221;rgba(0,0,0,0.22)&#8221; allow_player_pause=&#8221;off&#8221; parallax=&#8221;off&#8221; parallax_method=&#8221;off&#8221; make_equal=&#8221;off&#8221; parallax_1=&#8221;off&#8221; parallax_method_1=&#8221;off&#8221; parallax_2=&#8221;off&#8221; parallax_method_2=&#8221;off&#8221; column_padding_mobile=&#8221;on&#8221;][et_pb_column type=&#8221;2_3&#8243;][et_pb_team_member admin_label=&#8221;Person&#8221; name=&#8221;Domingos Moita&#8221; position=&#8221;Professor&#8221; image_url=&#8221;http:\/\/clubegolfecaixa.pt\/golfe\/wp-content\/uploads\/2016\/03\/Moita.jpg&#8221; animation=&#8221;left&#8221; background_layout=&#8221;dark&#8221; use_border_color=&#8221;off&#8221; border_color=&#8221;#ffffff&#8221; border_style=&#8221;solid&#8221; body_text_color=&#8221;#000000&#8243; header_text_color=&#8221;#0e547c&#8221; header_font_size=&#8221;33&#8243; background_color=&#8221;rgba(219,219,219,0.37)&#8221; header_line_height=&#8221;1.4em&#8221;]<\/p>\n<p>Profissional desde 1976 e s\u00f3cio n\u00ba28 da PGA (Professional Golf Association)<\/p>\n<p>Participa\u00e7\u00e3o em Cursos de forma\u00e7\u00e3o com Howard Bennet e Dick Farley.<\/p>\n<p>Frequ\u00eancia do Curso de ensino de Golfe, organizado pela PGA e FPG<\/p>\n<p>A metodologia de trabalho tem como base a implementa\u00e7\u00e3o do &#8221; Swing Cl\u00e1ssico &#8220;, estabelecendo bases fundamentais para a boa evolu\u00e7\u00e3o na Modalidade<\/p>\n<p>O M\u00e9todo de ensino aplica-se na forma EDA (Explica\u00e7\u00e3o, demonstra\u00e7\u00e3o e aplica\u00e7\u00e3o)<\/p>\n<p>[\/et_pb_team_member][\/et_pb_column][et_pb_column type=&#8221;1_3&#8243;][et_pb_image admin_label=&#8221;PGA Logo&#8221; src=&#8221;http:\/\/clubegolfecaixa.pt\/golfe\/wp-content\/uploads\/PGA_Logo.jpg&#8221; title_text=&#8221;Membro n\u00ba 47&#8243; show_in_lightbox=&#8221;off&#8221; url=&#8221;http:\/\/www.pgaportugal.pt\/profissionais\/domingos-moita_3155&#8243; url_new_window=&#8221;on&#8221; use_overlay=&#8221;on&#8221; animation=&#8221;bottom&#8221; sticky=&#8221;off&#8221; align=&#8221;center&#8221; force_fullwidth=&#8221;off&#8221; always_center_on_mobile=&#8221;on&#8221; use_border_color=&#8221;off&#8221; border_color=&#8221;#ffffff&#8221; border_style=&#8221;solid&#8221;] [\/et_pb_image][\/et_pb_column][\/et_pb_row][\/et_pb_section]<\/p>\n","protected":false},"excerpt":{"rendered":"<p>Profissional desde 1976 e s\u00f3cio n\u00ba28 da PGA (Professional Golf Association) Participa\u00e7\u00e3o em Cursos de forma\u00e7\u00e3o com Howard Bennet e Dick Farley. Frequ\u00eancia do Curso de ensino de Golfe, organizado pela PGA e FPG A metodologia de trabalho tem como base a implementa\u00e7\u00e3o do &#8221; Swing Cl\u00e1ssico &#8220;, estabelecendo bases fundamentais para a boa evolu\u00e7\u00e3o [&hellip;]<\/p>\n","protected":false},"author":1,"featured_media":0,"parent":320,"menu_order":0,"comment_status":"closed","ping_status":"closed","template":"","meta":{"_et_pb_use_builder":"on","_et_pb_old_content":"","_et_gb_content_width":"","footnotes":""},"class_list":["post-1213","page","type-page","status-publish","hentry"],"_links":{"self":[{"href":"https:\/\/clubegolfecaixa.pt\/golfe\/wp-json\/wp\/v2\/pages\/1213","targetHints":{"allow":["GET"]}}],"collection":[{"href":"https:\/\/clubegolfecaixa.pt\/golfe\/wp-json\/wp\/v2\/pages"}],"about":[{"href":"https:\/\/clubegolfecaixa.pt\/golfe\/wp-json\/wp\/v2\/types\/page"}],"author":[{"embeddable":true,"href":"https:\/\/clubegolfecaixa.pt\/golfe\/wp-json\/wp\/v2\/users\/1"}],"replies":[{"embeddable":true,"href":"https:\/\/clubegolfecaixa.pt\/golfe\/wp-json\/wp\/v2\/comments?post=1213"}],"version-history":[{"count":34,"href":"https:\/\/clubegolfecaixa.pt\/golfe\/wp-json\/wp\/v2\/pages\/1213\/revisions"}],"predecessor-version":[{"id":1245,"href":"https:\/\/clubegolfecaixa.pt\/golfe\/wp-json\/wp\/v2\/pages\/1213\/revisions\/1245"}],"up":[{"embeddable":true,"href":"https:\/\/clubegolfecaixa.pt\/golfe\/wp-json\/wp\/v2\/pages\/320"}],"wp:attachment":[{"href":"https:\/\/clubegolfecaixa.pt\/golfe\/wp-json\/wp\/v2\/media?parent=1213"}],"curies":[{"name":"wp","href":"https:\/\/api.w.org\/{rel}","templated":true}]}}