{"id":28010,"date":"2017-04-18T22:18:14","date_gmt":"2017-04-18T22:18:14","guid":{"rendered":"http:\/\/clubegolfecaixa.pt\/golfe\/?page_id=28010"},"modified":"2017-12-11T16:45:39","modified_gmt":"2017-12-11T16:45:39","slug":"ajuda","status":"publish","type":"page","link":"https:\/\/clubegolfecaixa.pt\/golfe\/ajuda\/","title":{"rendered":"Ajuda"},"content":{"rendered":"<p>[et_pb_section bb_built=&#8221;1&#8243; admin_label=&#8221;section&#8221; background_color=&#8221;#000000&#8243; custom_padding=&#8221;3px|12px|3px|12px&#8221; _builder_version=&#8221;3.0.47&#8243;][et_pb_row admin_label=&#8221;row&#8221; custom_padding=&#8221;5px|0px|0px|0px&#8221; bg_img_1=&#8221;http:\/\/clubegolfecaixa.pt\/golfe\/wp-content\/uploads\/banner-ballybunion5-1.jpg&#8221; _builder_version=&#8221;3.0.47&#8243; background_size=&#8221;initial&#8221; background_position=&#8221;top_left&#8221; background_repeat=&#8221;repeat&#8221;][et_pb_column type=&#8221;4_4&#8243;][et_pb_text background_layout=&#8221;dark&#8221; text_orientation=&#8221;center&#8221; _builder_version=&#8221;3.0.47&#8243; text_font=&#8221;|on|||&#8221; header_text_color=&#8221;#85cbe5&#8243; header_letter_spacing=&#8221;2px&#8221; header_line_height=&#8221;1.3em&#8221; background_size=&#8221;initial&#8221; background_position=&#8221;top_left&#8221; background_repeat=&#8221;repeat&#8221; custom_padding=&#8221;12px||9px|&#8221; module_alignment=&#8221;center&#8221;]<\/p>\n<h1>Ajuda<\/h1>\n<p>[\/et_pb_text][\/et_pb_column][\/et_pb_row][et_pb_row admin_label=&#8221;row&#8221; custom_padding=&#8221;|12px||12px&#8221; background_color=&#8221;#262626&#8243; custom_padding_last_edited=&#8221;on|desktop&#8221; _builder_version=&#8221;3.0.47&#8243; background_size=&#8221;initial&#8221; background_position=&#8221;top_left&#8221; background_repeat=&#8221;repeat&#8221;][et_pb_column type=&#8221;1_3&#8243;][et_pb_text background_layout=&#8221;dark&#8221; _builder_version=&#8221;3.0.47&#8243; text_text_color=&#8221;#a4b6c4&#8243; header_text_color=&#8221;#6098d1&#8243; header_line_height=&#8221;1.2em&#8221; background_size=&#8221;initial&#8221; background_position=&#8221;top_left&#8221; background_repeat=&#8221;repeat&#8221; custom_padding=&#8221;15px|||&#8221;]<\/p>\n<h3>Anular Inscri\u00e7\u00e3o em Torneios\/Eventos<\/h3>\n<hr \/>\n<p>Como anular a inscri\u00e7\u00e3o em Torneios ou qualquer outro Evento em que se tenha inscrito.<\/p>\n<p>[\/et_pb_text][\/et_pb_column][et_pb_column type=&#8221;2_3&#8243;][et_pb_video admin_label=&#8221;Video &#8211; Anular Inscri\u00e7\u00e3o&#8221; src=&#8221;http:\/\/clubegolfecaixa.pt\/golfe\/wp-content\/uploads\/cancelar_inscricao.mp4&#8243; src_webm=&#8221;https:\/\/r2&#8212;sn-h5q7dnld.c.drive.google.com\/videoplayback?id=a850adfedcc4bfcd&amp;itag=59&amp;source=webdrive&amp;requiressl=yes&amp;ttl=transient&amp;mm=30&amp;mn=sn-h5q7dnld&amp;ms=nxu&amp;mv=m&amp;pl=18&amp;sc=yes&amp;ei=Jo72WM38Oo_vqwXEiKiYCQ&amp;mime=video\/mp4&amp;lmt=1492450700311139&amp;mt=1492553178&amp;ip=46.189.213.59&amp;ipbits=0&amp;expire=1492567654&amp;cp=QVJOVEZfVlZTRVhNOlVWbmw3TVhfTTV1&amp;sparams=ip,ipbits,expire,id,itag,source,requiressl,ttl,mm,mn,ms,mv,pl,sc,ei,mime,lmt,cp&amp;signature=6BF0FFF636DBAC01C1A1A64DA480B076A939AC4D.BC0F765E2BCB1314109CF1C97778F8ADE809AC31&amp;key=ck2&amp;app=texmex&amp;driveid=0B1t4zWw-ulrIMmV1QmNiNFdQb00&amp;cpn=7-XRcj-FLhqAapEN&amp;c=WEB&amp;cver=1.20170412&#8243; image_src=&#8221;http:\/\/clubegolfecaixa.pt\/golfe\/wp-content\/uploads\/CancelarTorneio_3.png&#8221; play_icon_color=&#8221;#0c71c3&#8243; _builder_version=&#8221;3.0.89&#8243; animation_style=&#8221;slide&#8221;]<br \/>\n[\/et_pb_video][\/et_pb_column][\/et_pb_row][et_pb_row admin_label=&#8221;row&#8221; custom_padding=&#8221;|12px||12px&#8221; background_color=&#8221;#262626&#8243; custom_padding_last_edited=&#8221;on|desktop&#8221; _builder_version=&#8221;3.0.89&#8243; background_size=&#8221;initial&#8221; background_position=&#8221;top_left&#8221; background_repeat=&#8221;repeat&#8221; use_background_color_gradient=&#8221;on&#8221; background_color_gradient_start=&#8221;#002b59&#8243; background_color_gradient_end=&#8221;#0c473b&#8221;][et_pb_column type=&#8221;1_3&#8243;][et_pb_text background_layout=&#8221;dark&#8221; _builder_version=&#8221;3.0.89&#8243; text_text_color=&#8221;#a4b6c4&#8243; header_text_color=&#8221;#6098d1&#8243; header_line_height=&#8221;1.2em&#8221; background_size=&#8221;initial&#8221; background_position=&#8221;top_left&#8221; background_repeat=&#8221;repeat&#8221; custom_padding=&#8221;15px|||&#8221;]<\/p>\n<h3>Recuperar Password\/Palavra Passe<\/h3>\n<hr \/>\n<p>Video com Instru\u00e7\u00f5es para a recupera\u00e7\u00e3o da palavra passe de acesso ao site.<\/p>\n<p>[\/et_pb_text][\/et_pb_column][et_pb_column type=&#8221;2_3&#8243;][et_pb_video admin_label=&#8221;Video &#8211; Recuperar Password&#8221; src=&#8221;https:\/\/clubegolfecaixa.pt\/golfe\/wp-content\/uploads\/VID_20171211_113547.mp4&#8243; image_src=&#8221;https:\/\/clubegolfecaixa.pt\/golfe\/wp-content\/uploads\/Screenshot_20171211-163428-e1513010451678.png&#8221; play_icon_color=&#8221;#0c71c3&#8243; _builder_version=&#8221;3.0.89&#8243; max_width=&#8221;50%&#8221; animation_style=&#8221;slide&#8221;]<br \/>\n[\/et_pb_video][\/et_pb_column][\/et_pb_row][\/et_pb_section]<\/p>\n","protected":false},"excerpt":{"rendered":"<p>Ajuda Anular Inscri\u00e7\u00e3o em Torneios\/Eventos Como anular a inscri\u00e7\u00e3o em Torneios ou qualquer outro Evento em que se tenha inscrito. Recuperar Password\/Palavra Passe Video com Instru\u00e7\u00f5es para a recupera\u00e7\u00e3o da palavra passe de acesso ao site.<\/p>\n","protected":false},"author":2,"featured_media":0,"parent":0,"menu_order":0,"comment_status":"closed","ping_status":"closed","template":"","meta":{"_et_pb_use_builder":"on","_et_pb_old_content":"","_et_gb_content_width":"","footnotes":""},"class_list":["post-28010","page","type-page","status-publish","hentry"],"_links":{"self":[{"href":"https:\/\/clubegolfecaixa.pt\/golfe\/wp-json\/wp\/v2\/pages\/28010","targetHints":{"allow":["GET"]}}],"collection":[{"href":"https:\/\/clubegolfecaixa.pt\/golfe\/wp-json\/wp\/v2\/pages"}],"about":[{"href":"https:\/\/clubegolfecaixa.pt\/golfe\/wp-json\/wp\/v2\/types\/page"}],"author":[{"embeddable":true,"href":"https:\/\/clubegolfecaixa.pt\/golfe\/wp-json\/wp\/v2\/users\/2"}],"replies":[{"embeddable":true,"href":"https:\/\/clubegolfecaixa.pt\/golfe\/wp-json\/wp\/v2\/comments?post=28010"}],"version-history":[{"count":15,"href":"https:\/\/clubegolfecaixa.pt\/golfe\/wp-json\/wp\/v2\/pages\/28010\/revisions"}],"predecessor-version":[{"id":28854,"href":"https:\/\/clubegolfecaixa.pt\/golfe\/wp-json\/wp\/v2\/pages\/28010\/revisions\/28854"}],"wp:attachment":[{"href":"https:\/\/clubegolfecaixa.pt\/golfe\/wp-json\/wp\/v2\/media?parent=28010"}],"curies":[{"name":"wp","href":"https:\/\/api.w.org\/{rel}","templated":true}]}}