{"id":303,"date":"2015-05-18T21:52:35","date_gmt":"2015-05-18T20:52:35","guid":{"rendered":"http:\/\/golf.piresgoncalves.net\/?page_id=303"},"modified":"2023-06-19T10:00:35","modified_gmt":"2023-06-19T09:00:35","slug":"apresentacao","status":"publish","type":"page","link":"https:\/\/clubegolfecaixa.pt\/golfe\/apresentacao\/","title":{"rendered":"Apresenta\u00e7\u00e3o"},"content":{"rendered":"<p>[et_pb_section fb_built=&#8221;1&#8243; admin_label=&#8221;section&#8221; _builder_version=&#8221;4.16&#8243; global_colors_info=&#8221;{}&#8221;][et_pb_row admin_label=&#8221;row&#8221; _builder_version=&#8221;4.16&#8243; background_size=&#8221;initial&#8221; background_position=&#8221;top_left&#8221; background_repeat=&#8221;repeat&#8221; global_colors_info=&#8221;{}&#8221;][et_pb_column type=&#8221;4_4&#8243; _builder_version=&#8221;4.16&#8243; custom_padding=&#8221;|||&#8221; global_colors_info=&#8221;{}&#8221; custom_padding__hover=&#8221;|||&#8221;][et_pb_text admin_label=&#8221;Text&#8221; _builder_version=&#8221;4.21.0&#8243; background_size=&#8221;initial&#8221; background_position=&#8221;top_left&#8221; background_repeat=&#8221;repeat&#8221; hover_enabled=&#8221;0&#8243; global_colors_info=&#8221;{}&#8221; sticky_enabled=&#8221;0&#8243;]<\/p>\n<p><strong>A Sec\u00e7\u00e3o de Golfe dos Servi\u00e7os Sociais da CGD<\/strong><\/p>\n<p><strong>Caracteriza\u00e7\u00e3o da Sec\u00e7\u00e3o<\/strong><\/p>\n<p>A Sec\u00e7\u00e3o de Golfe dos Servi\u00e7os Sociais da Caixa Geral de Dep\u00f3sitos foi criada em 1988 e est\u00e1 inscrita na Federa\u00e7\u00e3o Portuguesa de Golfe (018 \u2013 Clube de Golfe CGD), estando autorizada a organizar competi\u00e7\u00f5es de golfe e a gerir o handicap dos seus s\u00f3cios.<\/p>\n<p>A admiss\u00e3o \u00e9 exclusiva a s\u00f3cios e benefici\u00e1rios dos Servi\u00e7os Sociais da CGD e aos respectivos familiares, contando actualmente com 125 inscritos,em que os dois menos novos j\u00e1 completaram 94 anos, tendo o mais novo 16 anos de idade.<\/p>\n<p>No sentido de facilitar e proporcionar situa\u00e7\u00f5es de conv\u00edvio entre os s\u00f3cios e de permitir a adequada gest\u00e3o dos handicaps, a Sec\u00e7\u00e3o organiza torneios para a constitui\u00e7\u00e3o de Ordens de M\u00e9rito anuais [geral (11) e aposentados (10)] e tem competi\u00e7\u00f5es de Match-play (geral e aposentados), para al\u00e9m dedinamizar diversos torneios especiais (encerramento, sardinhada, pares).<\/p>\n<p>Colectivamente, participamos em diversas competi\u00e7\u00f5es existentes para a promo\u00e7\u00e3o de encontros entre clubes de golfe com alguma afinidade, nomeadamente os torneiosinterbanc\u00e1rios eo dos clubes sem campo.<\/p>\n<p><strong>Onde se joga e treina<\/strong><\/p>\n<p>A exemplo de outras Sec\u00e7\u00f5es dos Servi\u00e7os Sociais da CGD, a nossa d\u00e1 uma import\u00e2ncia muito grande \u00e0 \u00e1rea da forma\u00e7\u00e3o e do treino, com especial cuidado na inicia\u00e7\u00e3o. Com esses objectivos, contamos j\u00e1 h\u00e1 muitos anos com o apoio de um profissional de golfe, com aulas gratuitas para os s\u00f3cios.<\/p>\n<p>Paralelamente, os nossos s\u00f3cios tamb\u00e9m t\u00eam dispon\u00edvel para treino individual uma sala pr\u00f3pria no Edif\u00edcio Sede da CGD e acordo de utiliza\u00e7\u00e3o preferencial com a Academia de Golfe de Lisboa (Est\u00e1dio Universit\u00e1rio).<\/p>\n<p>Em resultado do n\u00famero de praticantes e das condi\u00e7\u00f5es proporcionadas pelos Servi\u00e7os Sociais da CGD, a Sec\u00e7\u00e3o conseguiu negociar condi\u00e7\u00f5es preferenciais para a pr\u00e1tica de golfe dos nossos s\u00f3cios, tendo acordos com condi\u00e7\u00f5es especiais para a utiliza\u00e7\u00e3o dedez campos, um no Algarve e nove na zona da grande Lisboa.<\/p>\n<p>Lisboa, Junho de 2023<\/p>\n<p>[\/et_pb_text][\/et_pb_column][\/et_pb_row][\/et_pb_section]<\/p>\n","protected":false},"excerpt":{"rendered":"<p>A Sec\u00e7\u00e3o de Golfe dos Servi\u00e7os Sociais da CGD Caracteriza\u00e7\u00e3o da Sec\u00e7\u00e3o A Sec\u00e7\u00e3o de Golfe dos Servi\u00e7os Sociais da Caixa Geral de Dep\u00f3sitos foi criada em 1988 e est\u00e1 inscrita na Federa\u00e7\u00e3o Portuguesa de Golfe (018 \u2013 Clube de Golfe CGD), estando autorizada a organizar competi\u00e7\u00f5es de golfe e a gerir o handicap dos [&hellip;]<\/p>\n","protected":false},"author":1,"featured_media":0,"parent":0,"menu_order":0,"comment_status":"open","ping_status":"open","template":"","meta":{"_et_pb_use_builder":"on","_et_pb_old_content":"<h3>Apresenta\u00e7\u00e3o<\/h3><p>O \u00a0<span style=\"color: #3366ff;\"><strong>Clube de Golfe da Caixa Geral de Dep\u00f3sitos<\/strong> (CGCGD)\u00a0<\/span> foi fundado em 1986 por um grupo de 10 s\u00f3cios fundadores e inscritos na Sec\u00e7\u00e3o de Golfe dos Servi\u00e7os Sociais da Caixa Geral de Dep\u00f3sitos.<\/p><p>O CGCGD tem actualmente 185\u00a0inscritos, sendo 136\u00a0praticantes regulares.<\/p><p>Podem ser s\u00f3cios do CGCGD todos os benefici\u00e1rios dos Servi\u00e7os Sociais da CGD (empregados da CGD e familiares com direito) e aderentes de Empresas, desde que inscritos na Sec\u00e7\u00e3o de Golfe.<\/p><p>O CGCGD \u00e9 apoiado pelos Servi\u00e7os Sociais da CGD, financeiramente, atrav\u00e9s de um or\u00e7amento anual, e em termos log\u00edsticos pela ced\u00eancia de um espa\u00e7o f\u00edsico na zona desportiva, transformado em sala de forma\u00e7\u00e3o e driving range \u201cin door\u201d.<\/p><p>O CGCGD d\u00e1 prioridade \u00e0 forma\u00e7\u00e3o e treino na modalidade e \u00e0 capta\u00e7\u00e3o de novos praticantes, privilegiando sempre o car\u00e1cter l\u00fadico da actividade, numa l\u00f3gica desportiva e de incentivo ao conv\u00edvio no contexto do Grupo Caixa e dos Servi\u00e7os Sociais.<\/p><p>\u00a0<\/p><h4>Nesse sentido, tem como principais actividades :<\/h4><blockquote><ul><li>Forma\u00e7\u00e3o ministrada por profissional na Sala de Golfe do Edif\u00edcio-Sede e no\u00a0Campo;<\/li><li>Torneios mensais para as Ordens de M\u00e9rito;<\/li><li>Gest\u00e3o da Ordem de M\u00e9rito dos seus associados, para quem constitui Home Club;<\/li><li>Participa\u00e7\u00e3o em diversas competi\u00e7\u00f5es de interclubes;<\/li><li>Organiza\u00e7\u00e3o de torneios promovidos pelas empresas do Grupo.<\/li><\/ul><\/blockquote><p>\u00a0<\/p>","_et_gb_content_width":"","footnotes":""},"class_list":["post-303","page","type-page","status-publish","hentry"],"_links":{"self":[{"href":"https:\/\/clubegolfecaixa.pt\/golfe\/wp-json\/wp\/v2\/pages\/303","targetHints":{"allow":["GET"]}}],"collection":[{"href":"https:\/\/clubegolfecaixa.pt\/golfe\/wp-json\/wp\/v2\/pages"}],"about":[{"href":"https:\/\/clubegolfecaixa.pt\/golfe\/wp-json\/wp\/v2\/types\/page"}],"author":[{"embeddable":true,"href":"https:\/\/clubegolfecaixa.pt\/golfe\/wp-json\/wp\/v2\/users\/1"}],"replies":[{"embeddable":true,"href":"https:\/\/clubegolfecaixa.pt\/golfe\/wp-json\/wp\/v2\/comments?post=303"}],"version-history":[{"count":6,"href":"https:\/\/clubegolfecaixa.pt\/golfe\/wp-json\/wp\/v2\/pages\/303\/revisions"}],"predecessor-version":[{"id":41502,"href":"https:\/\/clubegolfecaixa.pt\/golfe\/wp-json\/wp\/v2\/pages\/303\/revisions\/41502"}],"wp:attachment":[{"href":"https:\/\/clubegolfecaixa.pt\/golfe\/wp-json\/wp\/v2\/media?parent=303"}],"curies":[{"name":"wp","href":"https:\/\/api.w.org\/{rel}","templated":true}]}}