{"id":37745,"date":"2021-10-12T12:11:51","date_gmt":"2021-10-12T11:11:51","guid":{"rendered":"https:\/\/clubegolfecaixa.pt\/golfe\/?page_id=37745"},"modified":"2021-10-12T12:11:56","modified_gmt":"2021-10-12T11:11:56","slug":"regulamento_3837","status":"publish","type":"page","link":"https:\/\/clubegolfecaixa.pt\/golfe\/regulamento_3837\/","title":{"rendered":"Regulamento_3837"},"content":{"rendered":"<p>[et_pb_section fb_built=&#8221;1&#8243; _builder_version=&#8221;4.9.2&#8243; background_color=&#8221;RGBA(0,0,0,0)&#8221; custom_padding=&#8221;7px|||||&#8221; global_colors_info=&#8221;{}&#8221;][et_pb_row _builder_version=&#8221;4.9.2&#8243; background_color=&#8221;RGBA(0,0,0,0)&#8221; background_size=&#8221;initial&#8221; background_position=&#8221;top_left&#8221; background_repeat=&#8221;repeat&#8221; custom_padding=&#8221;7px|||||&#8221; global_colors_info=&#8221;{}&#8221;][et_pb_column type=&#8221;4_4&#8243; _builder_version=&#8221;3.25&#8243; custom_padding=&#8221;|||&#8221; global_colors_info=&#8221;{}&#8221; custom_padding__hover=&#8221;|||&#8221;][et_pb_text disabled_on=&#8221;off|off|off&#8221; _builder_version=&#8221;4.10.3&#8243; background_size=&#8221;initial&#8221; background_position=&#8221;top_left&#8221; background_repeat=&#8221;repeat&#8221; hover_enabled=&#8221;0&#8243; locked=&#8221;off&#8221; global_colors_info=&#8221;{}&#8221; sticky_enabled=&#8221;0&#8243;]<\/p>\n<h3>Participa\u00e7\u00e3o<\/h3>\n<p>Prova reservada a s\u00f3cios do Clube e convidados de s\u00f3cios.<\/p>\n<h3>Modalidade<\/h3>\n<p><span class=\"TextRun SCXW28065666 BCX0\" lang=\"PT-PT\" xml:lang=\"PT-PT\" data-contrast=\"auto\"><span class=\"NormalTextRun SCXW28065666 BCX0\">O torneio \u00e9 disputado em 18 buracos na modalidade de<\/span><span class=\"NormalTextRun SCXW28065666 BCX0\">\u00a0<\/span><span class=\"NormalTextRun SCXW28065666 BCX0\">Stableford,<\/span><span class=\"NormalTextRun SCXW28065666 BCX0\">\u00a0<\/span><span class=\"NormalTextRun SCXW28065666 BCX0\">com in\u00edcio \u00e0s<\/span><span class=\"NormalTextRun SCXW28065666 BCX0\">\u00a0<\/span><\/span><span class=\"TextRun Highlight SCXW28065666 BCX0\" lang=\"PT-PT\" xml:lang=\"PT-PT\" data-contrast=\"auto\"><span class=\"NormalTextRun SCXW28065666 BCX0\">8:30 <\/span><span class=\"NormalTextRun SCXW28065666 BCX0\">h<\/span><span class=\"NormalTextRun SCXW28065666 BCX0\">oras<\/span><\/span><span class=\"TextRun SCXW28065666 BCX0\" lang=\"PT-PT\" xml:lang=\"PT-PT\" data-contrast=\"auto\"><span class=\"NormalTextRun SCXW28065666 BCX0\">, sa\u00eddas sucessivas do buraco 1<\/span><\/span>.<\/p>\n<h3>Regras<\/h3>\n<p>As regras a aplicar s\u00e3o as aprovadas pelo Royal &amp; Ancient Golf Club of St. Andrews e as Regras Locais do campo onde se disputa o torneio que s\u00e3o estabelecidas pela Comiss\u00e3o T\u00e9cnica.<br \/><strong>O handicap m\u00e1ximo para efeitos de classifica\u00e7\u00e3o no torneio e para a Ordem de M\u00e9rito do Clube \u00e9 30 WHS.<\/strong><\/p>\n<h3>Empates<\/h3>\n<p>\u200bEm caso de empate, o desempate \u00e9 feito, em Gross, a favor do handicap mais alto, e em Net, a favor do handicap mais baixo, e finalmente, caso continue o empate, por sorteio.<\/p>\n<h3>Notas<\/h3>\n<ul>\n<li>\u00c9 permitido colocar a bola.<\/li>\n<li>O jogo lento poder\u00e1 ser penalizado com duas pancadas para toda a forma\u00e7\u00e3o a partir do segundo aviso.<\/li>\n<li>\u00c9 permitida a utiliza\u00e7\u00e3o de instrumentos electr\u00f3nicos de medi\u00e7\u00e3o de dist\u00e2ncias.<\/li>\n<\/ul>\n<h3>Resultados da competi\u00e7\u00e3o<\/h3>\n<p>Considera-se que o resultado da competi\u00e7\u00e3o foi oficialmente encerrado, 30 minutos ap\u00f3s a folha de resultados finais ser divulgada.<\/p>\n<h3>Condi\u00e7\u00f5es de participa\u00e7\u00e3o<\/h3>\n<ul>\n<li>Pre\u00e7os do green-fee:\n<ul>\n<li>S\u00f3cios CGD, 16\u20ac e assinam o livro;<\/li>\n<li>Convidados de s\u00f3cios, 30\u20ac:<\/li>\n<li>Os s\u00f3cios Orizonte semana pagam de acordo com a sua assinatura, o Clube custeia at\u00e9 14\u20ac.<\/li>\n<\/ul>\n<\/li>\n<li>Jogadores que n\u00e3o tenham a situa\u00e7\u00e3o regularizada junto da Federa\u00e7\u00e3o Portuguesa de Golfe, bem como handicaps de clube, n\u00e3o podem ser premiados nem participar no Match Play e nas Ordens de M\u00e9rito.<\/li>\n<\/ul>\n<h3>Anula\u00e7\u00e3o e altera\u00e7\u00e3o ao Regulamento<\/h3>\n<p>Em qualquer altura, a Comiss\u00e3o T\u00e9cnica poder\u00e1:<\/p>\n<ul>\n<li>Completar ou alterar o presente;<\/li>\n<li>Suspender ou cancelar qualquer das voltas;<\/li>\n<li>Anular ou cancelar a competi\u00e7\u00e3o.<\/li>\n<\/ul>\n<h3>Comiss\u00e3o T\u00e9cnica<\/h3>\n<p>A Comiss\u00e3o T\u00e9cnica \u00e9 constitu\u00edda por:<\/p>\n<ul>\n<li>1 representante do Campo<\/li>\n<li>2 representantes do Clube CGD<\/li>\n<\/ul>\n<p style=\"font-weight: 500;\">Lisboa, 28 de Julho de 2021<\/p>\n<p>[\/et_pb_text][\/et_pb_column][\/et_pb_row][\/et_pb_section]<\/p>\n","protected":false},"excerpt":{"rendered":"<p>Participa\u00e7\u00e3o Prova reservada a s\u00f3cios do Clube e convidados de s\u00f3cios. Modalidade O torneio \u00e9 disputado em 18 buracos na modalidade de\u00a0Stableford,\u00a0com in\u00edcio \u00e0s\u00a08:30 horas, sa\u00eddas sucessivas do buraco 1. Regras As regras a aplicar s\u00e3o as aprovadas pelo Royal &amp; Ancient Golf Club of St. Andrews e as Regras Locais do campo onde se [&hellip;]<\/p>\n","protected":false},"author":1,"featured_media":0,"parent":0,"menu_order":0,"comment_status":"closed","ping_status":"closed","template":"page-template-blank.php","meta":{"_et_pb_use_builder":"on","_et_pb_old_content":"","_et_gb_content_width":"","footnotes":""},"class_list":["post-37745","page","type-page","status-publish","hentry"],"_links":{"self":[{"href":"https:\/\/clubegolfecaixa.pt\/golfe\/wp-json\/wp\/v2\/pages\/37745","targetHints":{"allow":["GET"]}}],"collection":[{"href":"https:\/\/clubegolfecaixa.pt\/golfe\/wp-json\/wp\/v2\/pages"}],"about":[{"href":"https:\/\/clubegolfecaixa.pt\/golfe\/wp-json\/wp\/v2\/types\/page"}],"author":[{"embeddable":true,"href":"https:\/\/clubegolfecaixa.pt\/golfe\/wp-json\/wp\/v2\/users\/1"}],"replies":[{"embeddable":true,"href":"https:\/\/clubegolfecaixa.pt\/golfe\/wp-json\/wp\/v2\/comments?post=37745"}],"version-history":[{"count":2,"href":"https:\/\/clubegolfecaixa.pt\/golfe\/wp-json\/wp\/v2\/pages\/37745\/revisions"}],"predecessor-version":[{"id":37748,"href":"https:\/\/clubegolfecaixa.pt\/golfe\/wp-json\/wp\/v2\/pages\/37745\/revisions\/37748"}],"wp:attachment":[{"href":"https:\/\/clubegolfecaixa.pt\/golfe\/wp-json\/wp\/v2\/media?parent=37745"}],"curies":[{"name":"wp","href":"https:\/\/api.w.org\/{rel}","templated":true}]}}