{"id":37781,"date":"2021-12-02T23:38:36","date_gmt":"2021-12-02T23:38:36","guid":{"rendered":"https:\/\/clubegolfecaixa.pt\/golfe\/?page_id=37781"},"modified":"2021-12-02T23:38:44","modified_gmt":"2021-12-02T23:38:44","slug":"regulamento_3827","status":"publish","type":"page","link":"https:\/\/clubegolfecaixa.pt\/golfe\/regulamento_3827\/","title":{"rendered":"Regulamento_3827"},"content":{"rendered":"<p>[et_pb_section fb_built=&#8221;1&#8243; _builder_version=&#8221;4.9.2&#8243; background_color=&#8221;RGBA(0,0,0,0)&#8221; global_colors_info=&#8221;{}&#8221;][et_pb_row _builder_version=&#8221;4.9.2&#8243; background_color=&#8221;RGBA(0,0,0,0)&#8221; background_size=&#8221;initial&#8221; background_position=&#8221;top_left&#8221; background_repeat=&#8221;repeat&#8221; global_colors_info=&#8221;{}&#8221;][et_pb_column type=&#8221;4_4&#8243; _builder_version=&#8221;3.25&#8243; custom_padding=&#8221;|||&#8221; global_colors_info=&#8221;{}&#8221; custom_padding__hover=&#8221;|||&#8221;][et_pb_text disabled_on=&#8221;off|off|off&#8221; _builder_version=&#8221;4.10.3&#8243; background_size=&#8221;initial&#8221; background_position=&#8221;top_left&#8221; background_repeat=&#8221;repeat&#8221; hover_enabled=&#8221;0&#8243; global_colors_info=&#8221;{}&#8221; sticky_enabled=&#8221;0&#8243;]<\/p>\n<h3>Participa\u00e7\u00e3o<\/h3>\n<p>Prova reservada a s\u00f3cios do Clube e convidados de s\u00f3cios.<\/p>\n<h3>Modalidade<\/h3>\n<p>O torneio \u00e9 disputado em 18 buracos na modalidade de Stableford, Pares, Texas Scramble, com in\u00edcio \u00e0s 9:00h, em shotgun.<\/p>\n<p>Cada jogador joga uma bola, escolhendo o s\u00edtio da melhor, de onde jogar\u00e3o novamente os dois, jogando primeiro o dono da bola. No green joga-se alternado, jogando primeiro o que n\u00e3o \u00e9 o dono da bola.<\/p>\n<p>Cada jogador tem de fazer um m\u00ednimo de 3 sa\u00eddas.<\/p>\n<p>A pontua\u00e7\u00e3o de cada par \u00e9 a que corresponder \u00e0 pontua\u00e7\u00e3o Stableford net calculados com \u00be da m\u00e9dia do handicap de jogo. O handicap de jogo \u00e9 calculado atrav\u00e9s da soma de 30% do handicap mais alto e 70% do handicap mais baixo.<\/p>\n<h3>Regras<\/h3>\n<p>As regras a aplicar s\u00e3o as aprovadas pelo Royal &amp; Ancient Golf Club of St. Andrews e as Regras Locais do campo onde se disputa o torneio que s\u00e3o estabelecidas pela Comiss\u00e3o T\u00e9cnica.<br \/><strong>O handicap m\u00e1ximo para efeitos de classifica\u00e7\u00e3o no torneio e para a Ordem de M\u00e9rito do Clube \u00e9 30 WHS.<\/strong><\/p>\n<h3>Empates<\/h3>\n<p>Em caso de empate, o desempate ser\u00e1 feito, em Gross, a favor do handicap mais alto, e em Net, a favor do handicap mais baixo, e, caso continue o empate, por sorteio.<\/p>\n<h3>Trof\u00e9us<\/h3>\n<p>Ser\u00e3o atribu\u00eddos os seguintes trof\u00e9us, a entregar em torneio a realizar em 2022:<\/p>\n<ul>\n<li>1\u00ba. Par Gross<\/li>\n<li>1\u00ba. Par Net<\/li>\n<\/ul>\n<h3>Notas<\/h3>\n<ul>\n<li>Os trof\u00e9us desportivos n\u00e3o s\u00e3o acumul\u00e1veis, prevalecendo sempre a categoria mais importante, i.e., conforme a sequ\u00eancia dos trof\u00e9us.<\/li>\n<li>Os trof\u00e9us respeitam as Regras do Estatuto do Amador.<\/li>\n<li>\u00c9 permitido colocar a bola.<\/li>\n<li>O jogo lento poder\u00e1 ser penalizado com duas pancadas para toda a forma\u00e7\u00e3o a partir do segundo aviso.<\/li>\n<li>\u00c9 permitida a utiliza\u00e7\u00e3o de instrumentos electr\u00f3nicos de medi\u00e7\u00e3o de dist\u00e2ncias<\/li>\n<\/ul>\n<h3>Resultados da competi\u00e7\u00e3o<\/h3>\n<p>Considera-se que o resultado da competi\u00e7\u00e3o foi oficialmente encerrado, 30 minutos ap\u00f3s a folha de resultados finais ser divulgada.<\/p>\n<h3>Condi\u00e7\u00f5es de participa\u00e7\u00e3o<\/h3>\n<ul>\n<li>Pre\u00e7os do green-fee:\n<ul>\n<li>S\u00f3cios CGD 18,50\u20ac e assinam o livro;<\/li>\n<li>Convidados de s\u00f3cios 31,00\u20ac;<\/li>\n<li>S\u00f3cios do Montado pagam de acordo com as suas condi\u00e7\u00f5es habituais.<\/li>\n<\/ul>\n<\/li>\n<li>Jogadores que n\u00e3o tenham a situa\u00e7\u00e3o regularizada junto da Federa\u00e7\u00e3o Portuguesa de Golfe, bem como handicaps de clube, n\u00e3o podem ser premiados nem participar no Match Play e nas Ordens de M\u00e9rito.<\/li>\n<\/ul>\n<h3>Anula\u00e7\u00e3o e altera\u00e7\u00e3o ao Regulamento<\/h3>\n<p>Em qualquer altura, a Comiss\u00e3o T\u00e9cnica poder\u00e1:<\/p>\n<ul>\n<li>Completar ou alterar o presente;<\/li>\n<li>Suspender ou cancelar qualquer das voltas;<\/li>\n<li>Anular ou cancelar a competi\u00e7\u00e3o.<\/li>\n<\/ul>\n<h3>Comiss\u00e3o T\u00e9cnica<\/h3>\n<p>A Comiss\u00e3o T\u00e9cnica \u00e9 constitu\u00edda por:<\/p>\n<ul>\n<li>1 representante do Campo<\/li>\n<li>2 representantes do Clube CGD<\/li>\n<\/ul>\n<p style=\"font-weight: 500;\">Lisboa, 2 de Dezembro de 2021<\/p>\n<p>[\/et_pb_text][\/et_pb_column][\/et_pb_row][\/et_pb_section]<\/p>\n","protected":false},"excerpt":{"rendered":"<p>Participa\u00e7\u00e3o Prova reservada a s\u00f3cios do Clube e convidados de s\u00f3cios. Modalidade O torneio \u00e9 disputado em 18 buracos na modalidade de Stableford, Pares, Texas Scramble, com in\u00edcio \u00e0s 9:00h, em shotgun. Cada jogador joga uma bola, escolhendo o s\u00edtio da melhor, de onde jogar\u00e3o novamente os dois, jogando primeiro o dono da bola. No [&hellip;]<\/p>\n","protected":false},"author":1,"featured_media":0,"parent":0,"menu_order":0,"comment_status":"closed","ping_status":"closed","template":"page-template-blank.php","meta":{"_et_pb_use_builder":"on","_et_pb_old_content":"","_et_gb_content_width":"","footnotes":""},"class_list":["post-37781","page","type-page","status-publish","hentry"],"_links":{"self":[{"href":"https:\/\/clubegolfecaixa.pt\/golfe\/wp-json\/wp\/v2\/pages\/37781","targetHints":{"allow":["GET"]}}],"collection":[{"href":"https:\/\/clubegolfecaixa.pt\/golfe\/wp-json\/wp\/v2\/pages"}],"about":[{"href":"https:\/\/clubegolfecaixa.pt\/golfe\/wp-json\/wp\/v2\/types\/page"}],"author":[{"embeddable":true,"href":"https:\/\/clubegolfecaixa.pt\/golfe\/wp-json\/wp\/v2\/users\/1"}],"replies":[{"embeddable":true,"href":"https:\/\/clubegolfecaixa.pt\/golfe\/wp-json\/wp\/v2\/comments?post=37781"}],"version-history":[{"count":2,"href":"https:\/\/clubegolfecaixa.pt\/golfe\/wp-json\/wp\/v2\/pages\/37781\/revisions"}],"predecessor-version":[{"id":37784,"href":"https:\/\/clubegolfecaixa.pt\/golfe\/wp-json\/wp\/v2\/pages\/37781\/revisions\/37784"}],"wp:attachment":[{"href":"https:\/\/clubegolfecaixa.pt\/golfe\/wp-json\/wp\/v2\/media?parent=37781"}],"curies":[{"name":"wp","href":"https:\/\/api.w.org\/{rel}","templated":true}]}}