{"id":37901,"date":"2022-03-15T17:37:46","date_gmt":"2022-03-15T17:37:46","guid":{"rendered":"https:\/\/clubegolfecaixa.pt\/golfe\/?page_id=37901"},"modified":"2022-03-15T17:39:38","modified_gmt":"2022-03-15T17:39:38","slug":"regulamento-matchplay-2022","status":"publish","type":"page","link":"https:\/\/clubegolfecaixa.pt\/golfe\/regulamento-matchplay-2022\/","title":{"rendered":"Regulamento Matchplay 2022"},"content":{"rendered":"<h2>Regulamento do \u201cTorneio Match Play\u201d<\/h2>\n<h5>(em vigor a partir de 1\/01\/2021)<\/h5>\n<ol>\n<li>O \u201cTorneio Match Play\u201d \u00e9 aberto a todos os s\u00f3cios com handicap EGA activo e \u00e9 disputado na modalidade match play individual, competi\u00e7\u00e3o por buracos, em que um jogador elimina outro.<\/li>\n<li>O apuramento e escalonamento dos 32 jogadores para o in\u00edcio das eliminat\u00f3rias ser\u00e1 definido atrav\u00e9s da classifica\u00e7\u00e3o que se vier a apurar na primeira prova da Ordem de M\u00e9rito de cada ano, sendo as respectivas duplas constitu\u00eddas de acordo com o \u201cGeneral Numerical Draw\u201d (Ap\u00eandice I, Parte C, ponto 11, do Livro das Regras de Golfe 2012-2015).<\/li>\n<li>Quando forem publicados os resultados da primeira prova da Ordem de M\u00e9rito, se algum jogador apurado declarar n\u00e3o pretender disputar este torneio ser\u00e1 substitu\u00eddo pelo 33.\u00ba ou seguintes.<\/li>\n<li>Cada eliminat\u00f3ria \u00e9 decidida em competi\u00e7\u00e3o directa entre 2 jogadores, duplas, segundo o quadro elaborado anualmente para o efeito, conforme modelo anexo.<\/li>\n<li>O Handicap de jogo ser\u00e1 o correspondente a \u00be da diferen\u00e7a dos handicaps de jogo dos dois jogadores. As pancadas da diferen\u00e7a de handicaps ser\u00e3o sempre recebidas conforme o stroke index do campo.<br \/>\n<span style=\"color: #33cccc;\">Exemplo:<\/span><br \/>\n<span style=\"color: #33cccc;\">Jogador A-Handicap 18-Na Aroeira I d\u00e1 20<\/span><br \/>\n<span style=\"color: #33cccc;\">Jogador B-Handicap 10-Na Aroeira I d\u00e1 12<\/span><br \/>\n<span style=\"color: #33cccc;\">O jogador B d\u00e1 6 pancadas (20-12 = 8\u00d73\/4) ao jogador A nos Strokes de 1 a 6 inclusive<\/span><\/li>\n<li>Cada buraco \u00e9 ganho pelo jogador que meter a bola em menos pancadas no mesmo, com respeito pelos abonos concedidos nos respectivos buracos. Em caso de empate no final, torna-se necess\u00e1rio recorrer a um play off, a partir do buraco onde se iniciou a partida.<\/li>\n<li>As eliminat\u00f3rias devem ser disputadas at\u00e9 ao final dos meses de Maio, de Junho, de Julho e de Outubro. A partida final dever\u00e1 ser disputada at\u00e9 \u00e0 data do torneio de encerramento, no m\u00eas de Dezembro.<\/li>\n<li>Os jogadores acordar\u00e3o entre si o campo e a data do jogo at\u00e9 \u00e0 data-limite indicada no mapa relativa a cada eliminat\u00f3ria.<\/li>\n<li>Os resultados devem ser imediatamente comunicados ao Clube por, pelo menos, um dos jogadores, via SMS ou correio electr\u00f3nico, de modo a serem conhecidos at\u00e9 \u00e0 data-limite relativa a cada eliminat\u00f3ria.<br \/>\n<span style=\"color: #ff6600;\">A n\u00e3o comunica\u00e7\u00e3o do resultado no prazo previsto no regulamento, ou seja, no dia imediato \u00e0 data de calend\u00e1rio da eliminat\u00f3ria, implica a elimina\u00e7\u00e3o dos dois jogadores da partida<\/span>.<br \/>\nA comunica\u00e7\u00e3o do resultado da final dever\u00e1 ser efetuada em tempo \u00fatil para a personaliza\u00e7\u00e3o dos trof\u00e9us.<\/li>\n<li>No caso de a eliminat\u00f3ria n\u00e3o se ter realizado at\u00e9 \u00e0 data estipulada, os jogadores ser\u00e3o avisados para a disputarem no Home Club do Clube, actualmente a Aroeira 1, at\u00e9 ao fim de semana seguinte. Se n\u00e3o for recebida indica\u00e7\u00e3o do resultado da eliminat\u00f3ria, consideram-se eliminados automaticamente os dois jogadores.<\/li>\n<li>Aos finalistas do \u201cTorneio Match Play\u201d ser\u00e3o atribu\u00eddos os respectivos trof\u00e9us no Torneio de Encerramento, ficando o nome dos vencedores a constar do Quadro de Vencedores existente na sala de Golfe.<\/li>\n<li>Qualquer diferendo ser\u00e1 resolvido pela Dire\u00e7\u00e3o do Clube<\/li>\n<\/ol>\n","protected":false},"excerpt":{"rendered":"<p>Regulamento do \u201cTorneio Match Play\u201d (em vigor a partir de 1\/01\/2021) O \u201cTorneio Match Play\u201d \u00e9 aberto a todos os s\u00f3cios com handicap EGA activo e \u00e9 disputado na modalidade match play individual, competi\u00e7\u00e3o por buracos, em que um jogador elimina outro. O apuramento e escalonamento dos 32 jogadores para o in\u00edcio das eliminat\u00f3rias ser\u00e1 [&hellip;]<\/p>\n","protected":false},"author":1,"featured_media":0,"parent":0,"menu_order":0,"comment_status":"closed","ping_status":"closed","template":"","meta":{"_et_pb_use_builder":"off","_et_pb_old_content":"","_et_gb_content_width":"","footnotes":""},"class_list":["post-37901","page","type-page","status-publish","hentry"],"_links":{"self":[{"href":"https:\/\/clubegolfecaixa.pt\/golfe\/wp-json\/wp\/v2\/pages\/37901","targetHints":{"allow":["GET"]}}],"collection":[{"href":"https:\/\/clubegolfecaixa.pt\/golfe\/wp-json\/wp\/v2\/pages"}],"about":[{"href":"https:\/\/clubegolfecaixa.pt\/golfe\/wp-json\/wp\/v2\/types\/page"}],"author":[{"embeddable":true,"href":"https:\/\/clubegolfecaixa.pt\/golfe\/wp-json\/wp\/v2\/users\/1"}],"replies":[{"embeddable":true,"href":"https:\/\/clubegolfecaixa.pt\/golfe\/wp-json\/wp\/v2\/comments?post=37901"}],"version-history":[{"count":2,"href":"https:\/\/clubegolfecaixa.pt\/golfe\/wp-json\/wp\/v2\/pages\/37901\/revisions"}],"predecessor-version":[{"id":37904,"href":"https:\/\/clubegolfecaixa.pt\/golfe\/wp-json\/wp\/v2\/pages\/37901\/revisions\/37904"}],"wp:attachment":[{"href":"https:\/\/clubegolfecaixa.pt\/golfe\/wp-json\/wp\/v2\/media?parent=37901"}],"curies":[{"name":"wp","href":"https:\/\/api.w.org\/{rel}","templated":true}]}}