{"id":38119,"date":"2022-09-15T00:06:34","date_gmt":"2022-09-14T23:06:34","guid":{"rendered":"https:\/\/clubegolfecaixa.pt\/golfe\/?page_id=38119"},"modified":"2022-09-15T00:06:42","modified_gmt":"2022-09-14T23:06:42","slug":"regulamento_3862","status":"publish","type":"page","link":"https:\/\/clubegolfecaixa.pt\/golfe\/regulamento_3862\/","title":{"rendered":"Regulamento_3862"},"content":{"rendered":"<p>[et_pb_section fb_built=&#8221;1&#8243; fullwidth=&#8221;on&#8221; disabled_on=&#8221;on|on|on&#8221; _builder_version=&#8221;4.10.3&#8243; _module_preset=&#8221;default&#8221; disabled=&#8221;on&#8221; global_colors_info=&#8221;{}&#8221;][et_pb_fullwidth_header title=&#8221;Apuramento Match Play 2022&#8243; subhead=&#8221;Os 32 jogadores melhores classificados, que n\u00e3o declarem o contr\u00e1rio, ser\u00e3o apurados para disputar a competi\u00e7\u00e3o em  Match Play 2022.&#8221; text_orientation=&#8221;center&#8221; disabled_on=&#8221;on|on|on&#8221; admin_label=&#8221;Matchplay &#8221; _builder_version=&#8221;4.10.3&#8243; _module_preset=&#8221;default&#8221; background_color=&#8221;rgba(247,173,84,0.98)&#8221; custom_padding=&#8221;9px||13px|||&#8221; disabled=&#8221;on&#8221; global_colors_info=&#8221;{}&#8221;][\/et_pb_fullwidth_header][et_pb_fullwidth_header title=&#8221;Match Play 2022&#8243; subhead=&#8221;Adiamento Match Play 2022.&#8221; text_orientation=&#8221;center&#8221; disabled_on=&#8221;off|off|off&#8221; admin_label=&#8221;Adiamento Matchplay&#8221; _builder_version=&#8221;4.10.3&#8243; _module_preset=&#8221;default&#8221; subhead_font_size=&#8221;22px&#8221; background_color=&#8221;rgba(247,173,84,0.98)&#8221; custom_padding=&#8221;9px||13px|||&#8221; global_colors_info=&#8221;{}&#8221;]<\/p>\n<p style=\"text-align: left;\"><span style=\"font-family: 'Arial',sans-serif;\">Considerando que o nosso torneio de abertura se ir\u00e1 disputar no dia das elei\u00e7\u00f5es\u00a0e tendo tido conhecimento de que alguns dos nosso colegas est\u00e3o designados para servi\u00e7o nas assembleias de voto, durante todo o dia, e que, por esse motivo, n\u00e3o poder\u00e3o participar, informa-se que o apuramento para a competi\u00e7\u00e3o de Match-Play do Clube ser\u00e1 efectuado a partir das <b>classifica\u00e7\u00f5es do segundo torneio<\/b> da Ordem de M\u00e9rito, a disputar no dia 6 de Mar\u00e7o.<\/span><\/p>\n<p>[\/et_pb_fullwidth_header][\/et_pb_section][et_pb_section fb_built=&#8221;1&#8243; _builder_version=&#8221;4.9.2&#8243; background_color=&#8221;RGBA(0,0,0,0)&#8221; custom_padding=&#8221;9px|||||&#8221; global_colors_info=&#8221;{}&#8221;][et_pb_row _builder_version=&#8221;4.9.2&#8243; background_color=&#8221;RGBA(0,0,0,0)&#8221; background_size=&#8221;initial&#8221; background_position=&#8221;top_left&#8221; background_repeat=&#8221;repeat&#8221; global_colors_info=&#8221;{}&#8221;][et_pb_column type=&#8221;4_4&#8243; _builder_version=&#8221;3.25&#8243; custom_padding=&#8221;|||&#8221; global_colors_info=&#8221;{}&#8221; custom_padding__hover=&#8221;|||&#8221;][et_pb_text disabled_on=&#8221;off|off|off&#8221; _builder_version=&#8221;4.10.3&#8243; background_size=&#8221;initial&#8221; background_position=&#8221;top_left&#8221; background_repeat=&#8221;repeat&#8221; hover_enabled=&#8221;0&#8243; global_colors_info=&#8221;{}&#8221; sticky_enabled=&#8221;0&#8243;]<\/p>\n<h3>Participa\u00e7\u00e3o<\/h3>\n<p>Prova reservada a s\u00f3cios do Clube e convidados de s\u00f3cios.<\/p>\n<h3>Modalidade<\/h3>\n<p>O torneio \u00e9 disputado em 18 buracos na modalidade de Stableford, com in\u00edcio \u00e0s 08:30 horas, em <strong>shot-gun<\/strong>.<\/p>\n<h3>Regras<\/h3>\n<p>As regras a aplicar s\u00e3o as aprovadas pelo Royal &amp; Ancient Golf Club of St. Andrews e as Regras Locais do campo onde se disputa o torneio que s\u00e3o estabelecidas pela Comiss\u00e3o T\u00e9cnica.<br \/><strong>O handicap m\u00e1ximo para efeitos de classifica\u00e7\u00e3o no torneio e para a Ordem de M\u00e9rito do Clube \u00e9 30 WHS.<\/strong><\/p>\n<h3>Empates<\/h3>\n<p>Em caso de empate, o desempate \u00e9 feito, em Gross, a favor do handicap mais alto, e em Net, a favor do handicap mais baixo, e finalmente, caso continue o empate, por sorteio.<\/p>\n<h3>Trof\u00e9us<\/h3>\n<p>Ser\u00e3o atribu\u00eddos os seguintes trof\u00e9us:<\/p>\n<ul>\n<li>1\u00ba. Gross<\/li>\n<li>1\u00ba.,2\u00ba. e 3\u00ba. Net<\/li>\n<li>Longest drive<\/li>\n<li>Nearest to the pin<\/li>\n<\/ul>\n<h3>Notas<\/h3>\n<ul>\n<li>\u00c9 permitido colocar a bola.<\/li>\n<li>O jogo lento poder\u00e1 ser penalizado com duas pancadas para toda a forma\u00e7\u00e3o a partir do segundo aviso.<\/li>\n<li>\u00c9 permitida a utiliza\u00e7\u00e3o de instrumentos electr\u00f3nicos de medi\u00e7\u00e3o de dist\u00e2ncias.<\/li>\n<li>Os trof\u00e9us desportivos n\u00e3o s\u00e3o acumul\u00e1veis, prevalecendo sempre a categoria mais importante, i.e., conforme a sequ\u00eancia dos trof\u00e9us.<\/li>\n<li>Os trof\u00e9us respeitam as Regras do Estatuto do Amador.<\/li>\n<\/ul>\n<h3>Resultados da competi\u00e7\u00e3o<\/h3>\n<p>Considera-se que o resultado da competi\u00e7\u00e3o foi oficialmente encerrado, 30 minutos ap\u00f3s a folha de resultados finais ser divulgada.<\/p>\n<h3>Condi\u00e7\u00f5es de participa\u00e7\u00e3o<\/h3>\n<ul>\n<li>Pre\u00e7os do green fee:\n<ul>\n<li>S\u00f3cios CGD, 20,00\u20ac;<\/li>\n<li>Convidados de s\u00f3cios, 58,00\u20ac.<\/li>\n<li>Convidados de s\u00f3cios com cart\u00e3o Orizonte, pagam de acordo com a sua subscri\u00e7\u00e3o acrescido<br \/>de 20,00\u20ac;<\/li>\n<li>Almo\u00e7os individuais: 20\u20ac. N\u00e3o h\u00e1 fraccionamento;<\/li>\n<\/ul>\n<\/li>\n<li>Jogadores que n\u00e3o tenham a situa\u00e7\u00e3o regularizada junto da Federa\u00e7\u00e3o Portuguesa de Golfe, bem como handicaps de clube, n\u00e3o podem ser premiados nem participar no Match Play e nas Ordens de M\u00e9rito.<\/li>\n<li>Ap\u00f3s o jogo haver\u00e1 almo\u00e7o com distribui\u00e7\u00e3o de pr\u00e9mios;<\/li>\n<\/ul>\n<h3>Anula\u00e7\u00e3o e altera\u00e7\u00e3o ao Regulamento<\/h3>\n<p>Em qualquer altura, a Comiss\u00e3o T\u00e9cnica poder\u00e1:<\/p>\n<ul>\n<li>Completar ou alterar o presente;<\/li>\n<li>Suspender ou cancelar qualquer das voltas;<\/li>\n<li>Anular ou cancelar a competi\u00e7\u00e3o.<\/li>\n<\/ul>\n<h3>Comiss\u00e3o T\u00e9cnica<\/h3>\n<p>A Comiss\u00e3o T\u00e9cnica \u00e9 constitu\u00edda por:<\/p>\n<ul>\n<li>1 representante do Campo<\/li>\n<li>2 representantes do Clube CGD<\/li>\n<\/ul>\n<p style=\"font-weight: 500;\">Lisboa, 10 de Setembro de 2022<\/p>\n<p>[\/et_pb_text][\/et_pb_column][\/et_pb_row][\/et_pb_section]<\/p>\n","protected":false},"excerpt":{"rendered":"<p>Considerando que o nosso torneio de abertura se ir\u00e1 disputar no dia das elei\u00e7\u00f5es\u00a0e tendo tido conhecimento de que alguns dos nosso colegas est\u00e3o designados para servi\u00e7o nas assembleias de voto, durante todo o dia, e que, por esse motivo, n\u00e3o poder\u00e3o participar, informa-se que o apuramento para a competi\u00e7\u00e3o de Match-Play do Clube ser\u00e1 [&hellip;]<\/p>\n","protected":false},"author":1,"featured_media":0,"parent":0,"menu_order":0,"comment_status":"closed","ping_status":"closed","template":"","meta":{"_et_pb_use_builder":"on","_et_pb_old_content":"","_et_gb_content_width":"","footnotes":""},"class_list":["post-38119","page","type-page","status-publish","hentry"],"_links":{"self":[{"href":"https:\/\/clubegolfecaixa.pt\/golfe\/wp-json\/wp\/v2\/pages\/38119","targetHints":{"allow":["GET"]}}],"collection":[{"href":"https:\/\/clubegolfecaixa.pt\/golfe\/wp-json\/wp\/v2\/pages"}],"about":[{"href":"https:\/\/clubegolfecaixa.pt\/golfe\/wp-json\/wp\/v2\/types\/page"}],"author":[{"embeddable":true,"href":"https:\/\/clubegolfecaixa.pt\/golfe\/wp-json\/wp\/v2\/users\/1"}],"replies":[{"embeddable":true,"href":"https:\/\/clubegolfecaixa.pt\/golfe\/wp-json\/wp\/v2\/comments?post=38119"}],"version-history":[{"count":4,"href":"https:\/\/clubegolfecaixa.pt\/golfe\/wp-json\/wp\/v2\/pages\/38119\/revisions"}],"predecessor-version":[{"id":38124,"href":"https:\/\/clubegolfecaixa.pt\/golfe\/wp-json\/wp\/v2\/pages\/38119\/revisions\/38124"}],"wp:attachment":[{"href":"https:\/\/clubegolfecaixa.pt\/golfe\/wp-json\/wp\/v2\/media?parent=38119"}],"curies":[{"name":"wp","href":"https:\/\/api.w.org\/{rel}","templated":true}]}}