{"id":40283,"date":"2023-01-21T18:20:25","date_gmt":"2023-01-21T18:20:25","guid":{"rendered":"https:\/\/clubegolfecaixa.pt\/golfe\/?page_id=40283"},"modified":"2023-08-02T22:08:38","modified_gmt":"2023-08-02T21:08:38","slug":"regulamento_3891","status":"publish","type":"page","link":"https:\/\/clubegolfecaixa.pt\/golfe\/regulamento_3891\/","title":{"rendered":"Regulamento_3891"},"content":{"rendered":"<p>[et_pb_section fb_built=&#8221;1&#8243; _builder_version=&#8221;4.19.1&#8243; _module_preset=&#8221;default&#8221; background_color=&#8221;rgba(67,137,193,0.21)&#8221; positioning=&#8221;fixed&#8221; vertical_offset=&#8221;0px&#8221; horizontal_offset=&#8221;0px&#8221; z_index=&#8221;999&#8243; custom_padding=&#8221;8px||0px|||&#8221; global_colors_info=&#8221;{}&#8221;][et_pb_row _builder_version=&#8221;4.19.1&#8243; _module_preset=&#8221;default&#8221; custom_padding=&#8221;10px||6px|||&#8221; global_colors_info=&#8221;{}&#8221;][et_pb_column type=&#8221;4_4&#8243; _builder_version=&#8221;4.19.1&#8243; _module_preset=&#8221;default&#8221; global_colors_info=&#8221;{}&#8221;][et_pb_text admin_label=&#8221;Nome do Torneio (auto do cod. CGDTorneio)&#8221; _builder_version=&#8221;4.19.2&#8243; _module_preset=&#8221;default&#8221; global_colors_info=&#8221;{}&#8221;]<\/p>\n<h4 style=\"text-align: center;\"><span style=\"color: #000000;\"><span style=\"mix-blend-mode: difference; white-space: nowrap;\"><a href=\"https:\/\/clubegolfecaixa.pt\/golfe\/events\/torneio-3891\/\">8\u00ba Torneio O.M. CGD 2023<\/a><\/span><\/span><\/h4>\n<p>[\/et_pb_text][\/et_pb_column][\/et_pb_row][\/et_pb_section][et_pb_section fb_built=&#8221;1&#8243; _builder_version=&#8221;4.19.1&#8243; _module_preset=&#8221;default&#8221; background_enable_color=&#8221;off&#8221; custom_padding=&#8221;38px||0px|||&#8221; global_colors_info=&#8221;{}&#8221;][et_pb_row _builder_version=&#8221;4.19.1&#8243; _module_preset=&#8221;default&#8221; background_enable_color=&#8221;off&#8221; global_colors_info=&#8221;{}&#8221;][et_pb_column type=&#8221;4_4&#8243; _builder_version=&#8221;4.19.1&#8243; _module_preset=&#8221;default&#8221; global_colors_info=&#8221;{}&#8221;][dvmd_table_maker tbl_row_header_count=&#8221;0&#8243; tbl_column_min_width=&#8221;70px&#8221; tbl_row_max_height=&#8221;30px&#8221; tbl_row_min_height=&#8221;0px&#8221; tbl_responsive_breakpoint=&#8221;max_width_767&#8243; tbl_tcell_cell_align_vert=&#8221;center&#8221; tbl_tcell_cell_padding=&#8221;10px|10px|10px|10px|false|false&#8221; tbl_chead_cell_color=&#8221;#e5efff&#8221; tbl_cfoot_cell_padding=&#8221;2px||2px||false|false&#8221; admin_label=&#8221;Inscri\u00e7\u00f5es&#8221; _builder_version=&#8221;4.19.4&#8243; _module_preset=&#8221;default&#8221; tbl_chead_text_text_color=&#8221;#0C71C3&#8243; background_color=&#8221;#FFFFFF&#8221; custom_margin=&#8221;2px||2px||false|false&#8221; custom_padding=&#8221;2px||2px||false|false&#8221; global_colors_info=&#8221;{}&#8221;][dvmd_table_maker_item col_label=&#8221;Inscri\u00e7\u00f5es&#8221; col_content=&#8221;Inscri\u00e7\u00f5es<br \/>\n<a href=%22https:\/\/clubegolfecaixa.pt\/%22>Site<\/a> ou <a href=%22mailto:golfecgd@gmail.com?subject=Inscri\u00e7\u00e3o no torneio%22 >Enviar Mail<\/a>&#8221; _builder_version=&#8221;4.19.1&#8243; _module_preset=&#8221;default&#8221; global_colors_info=&#8221;{}&#8221;][\/dvmd_table_maker_item][dvmd_table_maker_item col_label=&#8221;Abertura&#8221; col_content=&#8221;Abertura<br \/>\n01-08-2023&#8243; _builder_version=&#8221;4.19.4&#8243; _module_preset=&#8221;default&#8221; global_colors_info=&#8221;{}&#8221;][\/dvmd_table_maker_item][dvmd_table_maker_item col_label=&#8221;Fecho&#8221; col_content=&#8221;Fecho<br \/>\n25-08-2023 &#8211; 18h&#8221; _builder_version=&#8221;4.19.4&#8243; _module_preset=&#8221;default&#8221; global_colors_info=&#8221;{}&#8221;][\/dvmd_table_maker_item][\/dvmd_table_maker][\/et_pb_column][\/et_pb_row][\/et_pb_section][et_pb_section fb_built=&#8221;1&#8243; _builder_version=&#8221;4.19.1&#8243; _module_preset=&#8221;default&#8221; background_color=&#8221;#fafafa&#8221; custom_margin=&#8221;2px|||||&#8221; custom_padding=&#8221;2px||0px|||&#8221; global_colors_info=&#8221;{}&#8221;][et_pb_row column_structure=&#8221;1_2,1_2&#8243; _builder_version=&#8221;4.19.1&#8243; _module_preset=&#8221;default&#8221; global_colors_info=&#8221;{}&#8221;][et_pb_column type=&#8221;1_2&#8243; _builder_version=&#8221;4.19.1&#8243; _module_preset=&#8221;default&#8221; global_colors_info=&#8221;{}&#8221;][dvmd_table_maker tbl_row_header_count=&#8221;0&#8243; tbl_column_max_width=&#8221;48%&#8221; tbl_column_min_width=&#8221;48%&#8221; tbl_row_min_height=&#8221;0px&#8221; tbl_responsive_breakpoint=&#8221;none&#8221; tbl_tcell_cell_align_vert=&#8221;center&#8221; tbl_tcell_cell_padding=&#8221;10px|10px|10px|10px|false|false&#8221; tbl_chead_cell_color=&#8221;#e5efff&#8221; tbl_rhead_cell_color=&#8221;#eff4ff&#8221; tbl_cfoot_cell_padding=&#8221;2px||2px||false|false&#8221; disabled_on=&#8221;off|off|off&#8221; admin_label=&#8221;Green Fees&#8221; _builder_version=&#8221;4.21.0&#8243; _module_preset=&#8221;default&#8221; tbl_chead_text_text_color=&#8221;#0C71C3&#8243; tbl_rhead_text_text_color=&#8221;#022b84&#8243; custom_margin=&#8221;2px||2px||false|false&#8221; custom_padding=&#8221;0px||2px||false|false&#8221; global_colors_info=&#8221;{}&#8221;][dvmd_table_maker_item col_label=&#8221;Tipo Jogador&#8221; col_content=&#8221;Green Fee<br \/>\n<cell style=%22background-color:#e5efff; opacity:.7; %22>S\u00f3cios<\/cell><br \/>\n<cell style=%22background-color:#e5efff; opacity:.7; %22>Convidados<\/cell><br \/>\n<cell style=%22background-color:#e5efff; opacity:.7; %22>S\u00f3cios Campo<\/cell>&#8221; col_column_max_width=&#8221;48%&#8221; _builder_version=&#8221;4.19.1&#8243; _module_preset=&#8221;default&#8221; global_colors_info=&#8221;{}&#8221;][\/dvmd_table_maker_item][dvmd_table_maker_item col_label=&#8221;Pre\u00e7o&#8221; col_content=&#8221;Pre\u00e7o<br \/>\nGR\u00c1TIS<br \/>\n35\u20ac<br \/>\nConforme tipo S\u00f3cio do  Campo&#8221; _builder_version=&#8221;4.21.0&#8243; _module_preset=&#8221;default&#8221; global_colors_info=&#8221;{}&#8221;][\/dvmd_table_maker_item][\/dvmd_table_maker][\/et_pb_column][et_pb_column type=&#8221;1_2&#8243; _builder_version=&#8221;4.19.1&#8243; _module_preset=&#8221;default&#8221; global_colors_info=&#8221;{}&#8221;][dvmd_table_maker tbl_row_header_count=&#8221;0&#8243; tbl_column_max_width=&#8221;49%&#8221; tbl_column_min_width=&#8221;49%&#8221; tbl_row_min_height=&#8221;0px&#8221; tbl_responsive_breakpoint=&#8221;none&#8221; tbl_tcell_cell_align_vert=&#8221;center&#8221; tbl_tcell_cell_padding=&#8221;10px|10px|10px|10px|false|false&#8221; tbl_chead_cell_color=&#8221;#e5efff&#8221; tbl_rhead_cell_color=&#8221;#eff4ff&#8221; tbl_cfoot_cell_padding=&#8221;2px||2px||false|false&#8221; disabled_on=&#8221;off|off|off&#8221; admin_label=&#8221;Outros Servi\u00e7os&#8221; _builder_version=&#8221;4.19.4&#8243; _module_preset=&#8221;default&#8221; tbl_chead_text_text_color=&#8221;#0C71C3&#8243; tbl_rhead_text_text_color=&#8221;#022b84&#8243; custom_margin=&#8221;2px||2px||false|false&#8221; custom_padding=&#8221;0px||2px||false|false&#8221; global_colors_info=&#8221;{}&#8221;][dvmd_table_maker_item col_label=&#8221;Outros Servi\u00e7os&#8221; col_content=&#8221;Outros Servi\u00e7os<br \/>\nBuggy<br \/>\nAlmo\u00e7o&#8221; _builder_version=&#8221;4.19.2&#8243; _module_preset=&#8221;default&#8221; custom_css_col_tcell_cells=&#8221;background-color:#e5efff;||opacity:0.7;&#8221; custom_css_col_chead_cells=&#8221;opacity:1;&#8221; global_colors_info=&#8221;{}&#8221;][\/dvmd_table_maker_item][dvmd_table_maker_item col_label=&#8221;Pre\u00e7o&#8221; col_content=&#8221;Pre\u00e7o<br \/>\n35\u20ac<br \/>\nAlmo\u00e7o livre&#8221; _builder_version=&#8221;4.19.4&#8243; _module_preset=&#8221;default&#8221; global_colors_info=&#8221;{}&#8221;][\/dvmd_table_maker_item][\/dvmd_table_maker][\/et_pb_column][\/et_pb_row][\/et_pb_section][et_pb_section fb_built=&#8221;1&#8243; _builder_version=&#8221;4.19.1&#8243; _module_preset=&#8221;default&#8221; background_color=&#8221;#fafafa&#8221; custom_padding=&#8221;0px||0px|||&#8221; global_colors_info=&#8221;{}&#8221;][et_pb_row _builder_version=&#8221;4.19.1&#8243; _module_preset=&#8221;default&#8221; background_enable_color=&#8221;off&#8221; global_colors_info=&#8221;{}&#8221;][et_pb_column type=&#8221;4_4&#8243; _builder_version=&#8221;4.19.1&#8243; _module_preset=&#8221;default&#8221; global_colors_info=&#8221;{}&#8221;][dvmd_table_maker tbl_row_header_count=&#8221;0&#8243; tbl_column_min_width=&#8221;70px&#8221; tbl_row_min_height=&#8221;5px&#8221; tbl_responsive_breakpoint=&#8221;max_width_767&#8243; tbl_tcell_cell_align_vert=&#8221;left&#8221; tbl_tcell_cell_padding=&#8221;10px|10px|10px|10px|false|false&#8221; tbl_chead_cell_color=&#8221;#e5efff&#8221; tbl_cfoot_cell_padding=&#8221;2px||2px||false|false&#8221; admin_label=&#8221;Caracter\u00edsticas&#8221; _builder_version=&#8221;4.21.0&#8243; _module_preset=&#8221;default&#8221; tbl_chead_text_text_color=&#8221;#0C71C3&#8243; custom_margin=&#8221;2px||2px||false|false&#8221; custom_padding=&#8221;2px||2px||false|false&#8221; border_color_all_tbl_tcell_cell_border=&#8221;#FFFFFF&#8221; global_colors_info=&#8221;{}&#8221;][dvmd_table_maker_item col_label=&#8221;Sa\u00eddas&#8221; col_content=&#8221;Sa\u00eddas<br \/>\nTee #1 a partir das 9h&#8221; _builder_version=&#8221;4.19.4&#8243; _module_preset=&#8221;default&#8221; global_colors_info=&#8221;{}&#8221;][\/dvmd_table_maker_item][dvmd_table_maker_item col_label=&#8221;Modalidade&#8221; col_content=&#8221;Modalidade<br \/>\nStableford Full Hcp (95%)&#8221; _builder_version=&#8221;4.19.4&#8243; _module_preset=&#8221;default&#8221; global_colors_info=&#8221;{}&#8221;][\/dvmd_table_maker_item][dvmd_table_maker_item col_label=&#8221;Tipo&#8221; col_content=&#8221;Tipo<br \/>\n<cell rowspan=%224%22>Ordem M\u00e9rito Geral<\/cell>&#8221; col_icon_type=&#8221;&#xf879;||fa||900&#8243; _builder_version=&#8221;4.21.0&#8243; _module_preset=&#8221;default&#8221; global_colors_info=&#8221;{}&#8221;][\/dvmd_table_maker_item][\/dvmd_table_maker][\/et_pb_column][\/et_pb_row][\/et_pb_section][et_pb_section fb_built=&#8221;1&#8243; _builder_version=&#8221;4.19.1&#8243; _module_preset=&#8221;default&#8221; custom_padding=&#8221;0px||0px|||&#8221; global_colors_info=&#8221;{}&#8221;][et_pb_row _builder_version=&#8221;4.19.1&#8243; _module_preset=&#8221;default&#8221; background_color=&#8221;#FFFFFF&#8221; global_colors_info=&#8221;{}&#8221;][et_pb_column type=&#8221;4_4&#8243; _builder_version=&#8221;4.19.1&#8243; _module_preset=&#8221;default&#8221; global_colors_info=&#8221;{}&#8221;][dvmd_table_maker tbl_row_header_count=&#8221;0&#8243; tbl_column_min_width=&#8221;70px&#8221; tbl_row_min_height=&#8221;0px&#8221; tbl_responsive_breakpoint=&#8221;max_width_767&#8243; tbl_tcell_cell_align_vert=&#8221;center&#8221; tbl_tcell_cell_padding=&#8221;10px|10px|10px|10px|false|false&#8221; tbl_chead_cell_color=&#8221;#e5efff&#8221; tbl_cfoot_cell_padding=&#8221;2px||2px||false|false&#8221; disabled_on=&#8221;off|off|off&#8221; admin_label=&#8221;Regras e Regulamentos&#8221; _builder_version=&#8221;4.19.1&#8243; _module_preset=&#8221;default&#8221; tbl_chead_text_text_color=&#8221;#0C71C3&#8243; custom_margin=&#8221;2px||2px||false|false&#8221; custom_padding=&#8221;2px||2px||false|false&#8221; global_colors_info=&#8221;{}&#8221;][dvmd_table_maker_item col_label=&#8221;Regulamento&#8221; col_content=&#8221;Regulamento<br \/>\n<a href=%22https:\/\/clubegolfecaixa.pt\/golfe\/regrasregulamentos\/#rc%22>Regulamento da Competi\u00e7\u00e3o (Torneios)<\/a>&#8221; _builder_version=&#8221;4.19.1&#8243; _module_preset=&#8221;default&#8221; global_colors_info=&#8221;{}&#8221;][\/dvmd_table_maker_item][dvmd_table_maker_item col_label=&#8221;Regras&#8221; col_content=&#8221;Regras<br \/>\n<a href=%22https:\/\/clubegolfecaixa.pt\/golfe\/regrasregulamentos\/#rgau%22><img src=%22https:\/\/clubegolfecaixa.pt\/golfe\/wp-content\/uploads\/ra-1.png%22 title=%22R&#038;A%22 alt=%22 %22 width=%2230%22 height=%2230%22><\/a><\/p>\n<p>Regras Locais<\/p>\n<\/p>\n<p><a href=%22https:\/\/clubegolfecaixa.pt\/golfe\/regrasregulamentos\/#rglap%22>Regras Locais de Aplica\u00e7\u00e3o Permanente<\/a>&#8221; _builder_version=&#8221;4.19.1&#8243; _module_preset=&#8221;default&#8221; global_colors_info=&#8221;{}&#8221;][\/dvmd_table_maker_item][dvmd_table_maker_item col_content=&#8221;Comiss\u00e3o T\u00e9cnica<br \/>\n<a href=%22https:\/\/clubegolfecaixa.pt\/golfe\/profile\/PauloPinheiro\/%22><img src=%22https:\/\/clubegolfecaixa.pt\/golfe\/wp-content\/uploads\/130299.jpg%22 title=%22Paulo Pinheiro%22 alt=%22 %22 width=%2260%22 height=%2260%22><\/a><a href=%22tel:+351964020512%22>  <icon>phone<\/icon> Paulo Pinheiro<\/a><\/p>\n<p><a href=%22https:\/\/clubegolfecaixa.pt\/golfe\/profile\/macalhanas\/%22><img src=%22https:\/\/clubegolfecaixa.pt\/golfe\/wp-content\/uploads\/calhanas.jpg%22 title=%22Manuel Calhanas%22 alt=%22 %22 width=%2260%22 height=%2260%22><\/a><a href=%22tel:+351968775744%22>  <icon>phone<\/icon> Manuel Calhanas<\/a><\/p>\n<\/p>\n<p>Elemento do Campo&#8221; _builder_version=&#8221;4.19.1&#8243; _module_preset=&#8221;default&#8221; global_colors_info=&#8221;{}&#8221;][\/dvmd_table_maker_item][\/dvmd_table_maker][\/et_pb_column][\/et_pb_row][\/et_pb_section][et_pb_section fb_built=&#8221;1&#8243; _builder_version=&#8221;4.19.1&#8243; background_color=&#8221;#FFFFFF&#8221; custom_padding=&#8221;9px|||||&#8221; locked=&#8221;off&#8221; global_colors_info=&#8221;{}&#8221;][et_pb_row _builder_version=&#8221;4.16&#8243; background_color=&#8221;RGBA(0,0,0,0)&#8221; background_size=&#8221;initial&#8221; background_position=&#8221;top_left&#8221; background_repeat=&#8221;repeat&#8221; global_colors_info=&#8221;{}&#8221;][et_pb_column type=&#8221;4_4&#8243; _builder_version=&#8221;4.16&#8243; custom_padding=&#8221;|||&#8221; global_colors_info=&#8221;{}&#8221; custom_padding__hover=&#8221;|||&#8221;][et_pb_text disabled_on=&#8221;off|off|off&#8221; admin_label=&#8221;Notas&#8221; _builder_version=&#8221;4.21.0&#8243; background_size=&#8221;initial&#8221; background_position=&#8221;top_left&#8221; background_repeat=&#8221;repeat&#8221; hover_enabled=&#8221;0&#8243; global_colors_info=&#8221;{}&#8221; sticky_enabled=&#8221;0&#8243;]<\/p>\n<p><strong>OBSERVA\u00c7\u00d5ES<\/strong><\/p>\n<ul>\n<li><strong>Participa\u00e7\u00e3o<\/strong>: Prova reservada a s\u00f3cios do Clube e a convidados de s\u00f3cios.<\/li>\n<li><strong>Handicap M\u00e1ximo Jogo<\/strong>: Para efeitos de classifica\u00e7\u00e3o no torneio e para a Ordem de M\u00e9rito do Clube \u00e9 36;<\/li>\n<li><strong>Empates<\/strong>: O desempate \u00e9 feito, em Gross a favor do handicap mais alto, e em Net a favor do handicap mais baixo, dos melhores \u00faltimos 9, 6, 3 e 1 buracos do Campo e e finalmente, caso continue o empate, por sorteio .<\/li>\n<li><strong>Pr\u00e9mios<\/strong>: N\u00e3o h\u00e1.<\/li>\n<li><strong>Pr\u00e9mios Skill<\/strong>: Longest Drive #Buraco 16; Nearest to The Pin #Buraco 3.<\/li>\n<li><strong>Marcas de sa\u00edda<\/strong>: Amarelas (azuis e vermelhas opcionais, conforme Regras Locais de Aplica\u00e7\u00e3o Permanente do Clube de Golfe CGD ) para homens; Vermelhas para senhoras.<\/li>\n<li><strong>Buggy<\/strong>: \u00c9 da responsabilidade dos jogadores a reserva no campo. Em caso de partilha e para efeitos de Draw, dever\u00e3o ser indicados os respetivos nomes na inscri\u00e7\u00e3o.<\/li>\n<li><strong>Bolas de cortesia<\/strong>: N\u00e3o h\u00e1.<\/li>\n<li><strong>Marca\u00e7\u00e3o de Cart\u00f5es<\/strong> de Jogo e recolha de resultados &#8211; Os jogadores trocam de cart\u00e3o. Dispon\u00edvel Live Scoring;<\/li>\n<li><strong>Evitar o jogo lento.<\/strong><\/li>\n<\/ul>\n<p><strong>\u00a0<\/strong><strong>RECOMENDA\u00c7\u00d5ES <\/strong><\/p>\n<ul>\n<li>Levante a sua bola assim que n\u00e3o for poss\u00edvel pontuar.<\/li>\n<li>Mantenha a sua posi\u00e7\u00e3o de jogo, junto ao grupo da frente.<\/li>\n<li>N\u00e3o espere pela pancada do seu advers\u00e1rio para preparar a sua.<\/li>\n<li>Registe os resultados depois de abandonar os greens.<\/li>\n<li>Repare as marcas das suas bolas no green, reponha divots e alise a superf\u00edcie dos bunkers.<\/li>\n<li>Em caso de d\u00favidas no jogo, jogue uma segunda bola (de acordo com a Regra 3.3) informando essa inten\u00e7\u00e3o \u00e0 sua forma\u00e7\u00e3o.<\/li>\n<\/ul>\n<p>[\/et_pb_text][\/et_pb_column][\/et_pb_row][\/et_pb_section]<\/p>\n","protected":false},"excerpt":{"rendered":"<p><span style=\"mix-blend-mode: difference; white-space: nowrap;\"><a href=\"https:\/\/clubegolfecaixa.pt\/golfe\/events\/torneio-3891\/\">8\u00ba Torneio O.M. CGD 2023<\/a><\/span><div class=\"et_pb_module dvmd_table_maker dvmd_table_maker_0\">\n\t\t\t\t\n\t\t\t\t\n\t\t\t\t\n\t\t\t\t\n\t\t\t\t\n\t\t\t\t\n\t\t\t\t<div class=\"et_pb_module_inner\">\n\t\t\t\t\t\n            <div role=\"table\" class=\"dvmd_tm_table dvmd_tm_max_width_767 dvmd_tm_blocks\">\n                <div class='dvmd_tm_tblock dvmd_tm_cblock'><div class=\"dvmd_table_maker_item_0 dvmd_tm_tcell dvmd_tm_tdata dvmd_tm_col_0 dvmd_tm_row_0 dvmd_tm_col_first dvmd_tm_row_first dvmd_tm_row_last dvmd_tm_col_odd dvmd_tm_row_odd\" style=\"grid-area:1\/1\/2\/2;\"><div class=\"dvmd_tm_cdata\">Inscri&ccedil;&otilde;es Site ou Enviar Mail<\/div><\/div>\n<\/div><div class='dvmd_tm_tblock dvmd_tm_cblock'><div class=\"dvmd_table_maker_item_1 dvmd_tm_tcell dvmd_tm_tdata dvmd_tm_col_1 dvmd_tm_row_0 dvmd_tm_row_first dvmd_tm_row_last dvmd_tm_col_even dvmd_tm_row_odd\" style=\"grid-area:1\/2\/2\/3;\"><div class=\"dvmd_tm_cdata\">Abertura 01-08-2023<\/div><\/div>\n<\/div><div class='dvmd_tm_tblock dvmd_tm_cblock'><div class=\"dvmd_table_maker_item_2 dvmd_tm_tcell dvmd_tm_tdata dvmd_tm_col_2 dvmd_tm_row_0 dvmd_tm_row_first dvmd_tm_col_last dvmd_tm_row_last dvmd_tm_col_odd dvmd_tm_row_odd\" style=\"grid-area:1\/3\/2\/4;\"><div class=\"dvmd_tm_cdata\">Fecho 25-08-2023 - 18h<\/div><\/div>\n<\/div>\n            <\/div>\n\t\t\t\t<\/div>\n\t\t\t<\/div><div class=\"et_pb_module dvmd_table_maker dvmd_table_maker_1\">\n\t\t\t\t\n\t\t\t\t\n\t\t\t\t\n\t\t\t\t\n\t\t\t\t\n\t\t\t\t\n\t\t\t\t<div class=\"et_pb_module_inner\">\n\t\t\t\t\t\n            <div role=\"table\" class=\"dvmd_tm_table dvmd_tm_&#8221;none&#8221; dvmd_tm_blocks\">\n                \n            <\/div>\n\t\t\t\t<\/div>\n\t\t\t<\/div><\/p>\n","protected":false},"author":1,"featured_media":0,"parent":0,"menu_order":0,"comment_status":"closed","ping_status":"closed","template":"page-template-blank.php","meta":{"_et_pb_use_builder":"on","_et_pb_old_content":"","_et_gb_content_width":"","footnotes":""},"class_list":["post-40283","page","type-page","status-publish","hentry"],"_links":{"self":[{"href":"https:\/\/clubegolfecaixa.pt\/golfe\/wp-json\/wp\/v2\/pages\/40283","targetHints":{"allow":["GET"]}}],"collection":[{"href":"https:\/\/clubegolfecaixa.pt\/golfe\/wp-json\/wp\/v2\/pages"}],"about":[{"href":"https:\/\/clubegolfecaixa.pt\/golfe\/wp-json\/wp\/v2\/types\/page"}],"author":[{"embeddable":true,"href":"https:\/\/clubegolfecaixa.pt\/golfe\/wp-json\/wp\/v2\/users\/1"}],"replies":[{"embeddable":true,"href":"https:\/\/clubegolfecaixa.pt\/golfe\/wp-json\/wp\/v2\/comments?post=40283"}],"version-history":[{"count":5,"href":"https:\/\/clubegolfecaixa.pt\/golfe\/wp-json\/wp\/v2\/pages\/40283\/revisions"}],"predecessor-version":[{"id":41768,"href":"https:\/\/clubegolfecaixa.pt\/golfe\/wp-json\/wp\/v2\/pages\/40283\/revisions\/41768"}],"wp:attachment":[{"href":"https:\/\/clubegolfecaixa.pt\/golfe\/wp-json\/wp\/v2\/media?parent=40283"}],"curies":[{"name":"wp","href":"https:\/\/api.w.org\/{rel}","templated":true}]}}