{"id":40304,"date":"2023-01-21T18:41:28","date_gmt":"2023-01-21T18:41:28","guid":{"rendered":"https:\/\/clubegolfecaixa.pt\/golfe\/?page_id=40304"},"modified":"2023-11-11T21:17:50","modified_gmt":"2023-11-11T21:17:50","slug":"regulamento_3895","status":"publish","type":"page","link":"https:\/\/clubegolfecaixa.pt\/golfe\/regulamento_3895\/","title":{"rendered":"Regulamento_3895"},"content":{"rendered":"<p>[et_pb_section fb_built=&#8221;1&#8243; _builder_version=&#8221;4.19.1&#8243; _module_preset=&#8221;default&#8221; background_color=&#8221;rgba(67,137,193,0.21)&#8221; positioning=&#8221;fixed&#8221; vertical_offset=&#8221;0px&#8221; horizontal_offset=&#8221;0px&#8221; z_index=&#8221;999&#8243; custom_padding=&#8221;8px||0px|||&#8221; global_colors_info=&#8221;{}&#8221;][et_pb_row _builder_version=&#8221;4.19.1&#8243; _module_preset=&#8221;default&#8221; custom_padding=&#8221;10px||6px|||&#8221; global_colors_info=&#8221;{}&#8221;][et_pb_column type=&#8221;4_4&#8243; _builder_version=&#8221;4.19.1&#8243; _module_preset=&#8221;default&#8221; global_colors_info=&#8221;{}&#8221;][et_pb_text admin_label=&#8221;Nome do Torneio (auto do cod. CGDTorneio)&#8221; _builder_version=&#8221;4.19.2&#8243; _module_preset=&#8221;default&#8221; global_colors_info=&#8221;{}&#8221;]<\/p>\n<h4 style=\"text-align: center;\"><span style=\"color: #000000;\"><span style=\"mix-blend-mode: difference; white-space: nowrap;\"><a href=\"https:\/\/clubegolfecaixa.pt\/golfe\/events\/torneio-3895\/\">Ta\u00e7a Am\u00edlcar Camacho 2023<\/a><\/span><\/span><\/h4>\n<p>[\/et_pb_text][\/et_pb_column][\/et_pb_row][\/et_pb_section][et_pb_section fb_built=&#8221;1&#8243; _builder_version=&#8221;4.19.1&#8243; _module_preset=&#8221;default&#8221; background_enable_color=&#8221;off&#8221; custom_padding=&#8221;38px||0px|||&#8221; global_colors_info=&#8221;{}&#8221;][et_pb_row _builder_version=&#8221;4.19.1&#8243; _module_preset=&#8221;default&#8221; background_enable_color=&#8221;off&#8221; global_colors_info=&#8221;{}&#8221;][et_pb_column type=&#8221;4_4&#8243; _builder_version=&#8221;4.19.1&#8243; _module_preset=&#8221;default&#8221; global_colors_info=&#8221;{}&#8221;][dvmd_table_maker tbl_row_header_count=&#8221;0&#8243; tbl_column_min_width=&#8221;70px&#8221; tbl_row_max_height=&#8221;30px&#8221; tbl_row_min_height=&#8221;0px&#8221; tbl_responsive_breakpoint=&#8221;max_width_767&#8243; tbl_tcell_cell_align_vert=&#8221;center&#8221; tbl_tcell_cell_padding=&#8221;10px|10px|10px|10px|false|false&#8221; tbl_chead_cell_color=&#8221;#e5efff&#8221; tbl_cfoot_cell_padding=&#8221;2px||2px||false|false&#8221; admin_label=&#8221;Inscri\u00e7\u00f5es&#8221; _builder_version=&#8221;4.23&#8243; _module_preset=&#8221;default&#8221; tbl_chead_text_text_color=&#8221;#0C71C3&#8243; background_color=&#8221;#FFFFFF&#8221; custom_margin=&#8221;2px||2px||false|false&#8221; custom_padding=&#8221;2px||2px||false|false&#8221; global_colors_info=&#8221;{}&#8221;][dvmd_table_maker_item col_label=&#8221;Inscri\u00e7\u00f5es&#8221; _builder_version=&#8221;4.19.1&#8243; _module_preset=&#8221;default&#8221; global_colors_info=&#8221;{}&#8221;][\/dvmd_table_maker_item][dvmd_table_maker_item col_label=&#8221;Abertura&#8221; col_content=&#8221;Abertura<br \/>\n08-11-2023&#8243; _builder_version=&#8221;4.23&#8243; _module_preset=&#8221;default&#8221; global_colors_info=&#8221;{}&#8221;][\/dvmd_table_maker_item][dvmd_table_maker_item col_label=&#8221;Fecho&#8221; col_content=&#8221;Fecho<br \/>\n15-12-2023 &#8211; 18h&#8221; _builder_version=&#8221;4.23&#8243; _module_preset=&#8221;default&#8221; global_colors_info=&#8221;{}&#8221;][\/dvmd_table_maker_item][\/dvmd_table_maker][\/et_pb_column][\/et_pb_row][\/et_pb_section][et_pb_section fb_built=&#8221;1&#8243; _builder_version=&#8221;4.19.1&#8243; _module_preset=&#8221;default&#8221; background_color=&#8221;#fafafa&#8221; custom_margin=&#8221;2px|||||&#8221; custom_padding=&#8221;2px||0px|||&#8221; global_colors_info=&#8221;{}&#8221;][et_pb_row column_structure=&#8221;1_2,1_2&#8243; _builder_version=&#8221;4.19.1&#8243; _module_preset=&#8221;default&#8221; global_colors_info=&#8221;{}&#8221;][et_pb_column type=&#8221;1_2&#8243; _builder_version=&#8221;4.19.1&#8243; _module_preset=&#8221;default&#8221; global_colors_info=&#8221;{}&#8221;][dvmd_table_maker tbl_row_header_count=&#8221;0&#8243; tbl_column_max_width=&#8221;48%&#8221; tbl_column_min_width=&#8221;48%&#8221; tbl_row_min_height=&#8221;0px&#8221; tbl_responsive_breakpoint=&#8221;none&#8221; tbl_tcell_cell_align_vert=&#8221;center&#8221; tbl_tcell_cell_padding=&#8221;10px|10px|10px|10px|false|false&#8221; tbl_chead_cell_color=&#8221;#e5efff&#8221; tbl_rhead_cell_color=&#8221;#eff4ff&#8221; tbl_cfoot_cell_padding=&#8221;2px||2px||false|false&#8221; disabled_on=&#8221;off|off|off&#8221; admin_label=&#8221;Green Fees&#8221; _builder_version=&#8221;4.23&#8243; _module_preset=&#8221;default&#8221; tbl_chead_text_text_color=&#8221;#0C71C3&#8243; tbl_rhead_text_text_color=&#8221;#022b84&#8243; custom_margin=&#8221;2px||2px||false|false&#8221; custom_padding=&#8221;0px||2px||false|false&#8221; global_colors_info=&#8221;{}&#8221;][dvmd_table_maker_item col_label=&#8221;Tipo Jogador&#8221; col_content=&#8221;Green Fee<br \/>\nS\u00f3cios<br \/>\nConvidados<br \/>\nS\u00f3cios Campo&#8221; col_column_max_width=&#8221;48%&#8221; _builder_version=&#8221;4.19.1&#8243; _module_preset=&#8221;default&#8221; global_colors_info=&#8221;{}&#8221;][\/dvmd_table_maker_item][dvmd_table_maker_item col_label=&#8221;Pre\u00e7o&#8221; col_content=&#8221;Pre\u00e7o<br \/>\n24\u20ac<br \/>\n62\u20ac<br \/>\nConforme tipo S\u00f3cio do Campo&#8221; _builder_version=&#8221;4.23&#8243; _module_preset=&#8221;default&#8221; global_colors_info=&#8221;{}&#8221;][\/dvmd_table_maker_item][\/dvmd_table_maker][\/et_pb_column][et_pb_column type=&#8221;1_2&#8243; _builder_version=&#8221;4.19.1&#8243; _module_preset=&#8221;default&#8221; global_colors_info=&#8221;{}&#8221;][dvmd_table_maker tbl_row_header_count=&#8221;0&#8243; tbl_column_max_width=&#8221;49%&#8221; tbl_column_min_width=&#8221;49%&#8221; tbl_row_min_height=&#8221;0px&#8221; tbl_responsive_breakpoint=&#8221;none&#8221; tbl_tcell_cell_align_vert=&#8221;center&#8221; tbl_tcell_cell_padding=&#8221;10px|10px|10px|10px|false|false&#8221; tbl_chead_cell_color=&#8221;#e5efff&#8221; tbl_rhead_cell_color=&#8221;#eff4ff&#8221; tbl_cfoot_cell_padding=&#8221;2px||2px||false|false&#8221; disabled_on=&#8221;off|off|off&#8221; admin_label=&#8221;Outros Servi\u00e7os&#8221; _builder_version=&#8221;4.23&#8243; _module_preset=&#8221;default&#8221; tbl_chead_text_text_color=&#8221;#0C71C3&#8243; tbl_rhead_text_text_color=&#8221;#022b84&#8243; custom_margin=&#8221;2px||2px||false|false&#8221; custom_padding=&#8221;0px||2px||false|false&#8221; global_colors_info=&#8221;{}&#8221;][dvmd_table_maker_item col_label=&#8221;Outros Servi\u00e7os&#8221; col_content=&#8221;Outros Servi\u00e7os<br \/>\nBuggy<br \/>\nAlmo\u00e7o&#8221; _builder_version=&#8221;4.19.2&#8243; _module_preset=&#8221;default&#8221; custom_css_col_tcell_cells=&#8221;background-color:#e5efff;||opacity:0.7;&#8221; custom_css_col_chead_cells=&#8221;opacity:1;&#8221; global_colors_info=&#8221;{}&#8221;][\/dvmd_table_maker_item][dvmd_table_maker_item col_label=&#8221;Pre\u00e7o&#8221; col_content=&#8221;Pre\u00e7o<br \/>\n35\u20ac<br \/>\nIncluido&#8221; _builder_version=&#8221;4.23&#8243; _module_preset=&#8221;default&#8221; global_colors_info=&#8221;{}&#8221;][\/dvmd_table_maker_item][\/dvmd_table_maker][\/et_pb_column][\/et_pb_row][\/et_pb_section][et_pb_section fb_built=&#8221;1&#8243; _builder_version=&#8221;4.19.1&#8243; _module_preset=&#8221;default&#8221; background_color=&#8221;#fafafa&#8221; custom_padding=&#8221;0px||0px|||&#8221; global_colors_info=&#8221;{}&#8221;][et_pb_row _builder_version=&#8221;4.19.1&#8243; _module_preset=&#8221;default&#8221; background_enable_color=&#8221;off&#8221; global_colors_info=&#8221;{}&#8221;][et_pb_column type=&#8221;4_4&#8243; _builder_version=&#8221;4.19.1&#8243; _module_preset=&#8221;default&#8221; global_colors_info=&#8221;{}&#8221;][dvmd_table_maker tbl_row_header_count=&#8221;0&#8243; tbl_column_min_width=&#8221;70px&#8221; tbl_row_min_height=&#8221;5px&#8221; tbl_responsive_breakpoint=&#8221;max_width_767&#8243; tbl_tcell_cell_align_vert=&#8221;left&#8221; tbl_tcell_cell_padding=&#8221;10px|10px|10px|10px|false|false&#8221; tbl_chead_cell_color=&#8221;#e5efff&#8221; tbl_cfoot_cell_padding=&#8221;2px||2px||false|false&#8221; admin_label=&#8221;Caracter\u00edsticas&#8221; _builder_version=&#8221;4.23&#8243; _module_preset=&#8221;default&#8221; tbl_chead_text_text_color=&#8221;#0C71C3&#8243; custom_margin=&#8221;2px||2px||false|false&#8221; custom_padding=&#8221;2px||2px||false|false&#8221; border_color_all_tbl_tcell_cell_border=&#8221;#FFFFFF&#8221; global_colors_info=&#8221;{}&#8221;][dvmd_table_maker_item col_label=&#8221;Sa\u00eddas&#8221; col_content=&#8221;Sa\u00eddas<br \/>\nShotgun&#8221; _builder_version=&#8221;4.23&#8243; _module_preset=&#8221;default&#8221; global_colors_info=&#8221;{}&#8221;][\/dvmd_table_maker_item][dvmd_table_maker_item col_label=&#8221;Modalidade&#8221; col_content=&#8221;Modalidade<br \/>\nPares, Texas Scramble&#8221; _builder_version=&#8221;4.23&#8243; _module_preset=&#8221;default&#8221; global_colors_info=&#8221;{}&#8221;][\/dvmd_table_maker_item][dvmd_table_maker_item col_label=&#8221;Tipo&#8221; col_content=&#8221;Tipo<br \/>\nTa\u00e7a Amilcar Camacho&#8221; col_icon_type=&#8221;&#xf879;||fa||900&#8243; _builder_version=&#8221;4.23&#8243; _module_preset=&#8221;default&#8221; global_colors_info=&#8221;{}&#8221;][\/dvmd_table_maker_item][\/dvmd_table_maker][\/et_pb_column][\/et_pb_row][\/et_pb_section][et_pb_section fb_built=&#8221;1&#8243; _builder_version=&#8221;4.19.1&#8243; _module_preset=&#8221;default&#8221; custom_padding=&#8221;0px||0px|||&#8221; global_colors_info=&#8221;{}&#8221;][et_pb_row _builder_version=&#8221;4.19.1&#8243; _module_preset=&#8221;default&#8221; background_color=&#8221;#FFFFFF&#8221; global_colors_info=&#8221;{}&#8221;][et_pb_column type=&#8221;4_4&#8243; _builder_version=&#8221;4.19.1&#8243; _module_preset=&#8221;default&#8221; global_colors_info=&#8221;{}&#8221;][dvmd_table_maker tbl_row_header_count=&#8221;0&#8243; tbl_column_min_width=&#8221;70px&#8221; tbl_row_min_height=&#8221;0px&#8221; tbl_responsive_breakpoint=&#8221;max_width_767&#8243; tbl_tcell_cell_align_vert=&#8221;center&#8221; tbl_tcell_cell_padding=&#8221;10px|10px|10px|10px|false|false&#8221; tbl_chead_cell_color=&#8221;#e5efff&#8221; tbl_cfoot_cell_padding=&#8221;2px||2px||false|false&#8221; disabled_on=&#8221;off|off|off&#8221; admin_label=&#8221;Regras e Regulamentos&#8221; _builder_version=&#8221;4.19.1&#8243; _module_preset=&#8221;default&#8221; tbl_chead_text_text_color=&#8221;#0C71C3&#8243; custom_margin=&#8221;2px||2px||false|false&#8221; custom_padding=&#8221;2px||2px||false|false&#8221; global_colors_info=&#8221;{}&#8221;][dvmd_table_maker_item col_label=&#8221;Regulamento&#8221; _builder_version=&#8221;4.19.1&#8243; _module_preset=&#8221;default&#8221; global_colors_info=&#8221;{}&#8221;][\/dvmd_table_maker_item][dvmd_table_maker_item col_label=&#8221;Regras&#8221; _builder_version=&#8221;4.19.1&#8243; _module_preset=&#8221;default&#8221; global_colors_info=&#8221;{}&#8221;][\/dvmd_table_maker_item][dvmd_table_maker_item _builder_version=&#8221;4.19.1&#8243; _module_preset=&#8221;default&#8221; global_colors_info=&#8221;{}&#8221;][\/dvmd_table_maker_item][\/dvmd_table_maker][\/et_pb_column][\/et_pb_row][\/et_pb_section][et_pb_section fb_built=&#8221;1&#8243; _builder_version=&#8221;4.19.1&#8243; background_color=&#8221;#FFFFFF&#8221; custom_padding=&#8221;9px|||||&#8221; locked=&#8221;off&#8221; global_colors_info=&#8221;{}&#8221;][et_pb_row _builder_version=&#8221;4.16&#8243; background_color=&#8221;RGBA(0,0,0,0)&#8221; background_size=&#8221;initial&#8221; background_position=&#8221;top_left&#8221; background_repeat=&#8221;repeat&#8221; global_colors_info=&#8221;{}&#8221;][et_pb_column type=&#8221;4_4&#8243; _builder_version=&#8221;4.16&#8243; custom_padding=&#8221;|||&#8221; global_colors_info=&#8221;{}&#8221; custom_padding__hover=&#8221;|||&#8221;][et_pb_text disabled_on=&#8221;off|off|off&#8221; admin_label=&#8221;Notas&#8221; _builder_version=&#8221;4.23&#8243; background_size=&#8221;initial&#8221; background_position=&#8221;top_left&#8221; background_repeat=&#8221;repeat&#8221; global_colors_info=&#8221;{}&#8221;]<\/p>\n<p><strong>OBSERVA\u00c7\u00d5ES<\/strong><\/p>\n<p><strong>Participa\u00e7\u00e3o<\/strong><\/p>\n<p>Prova reservada a s\u00f3cios do Clube Golfe Caixa Geral de Dep\u00f3sitos e convidados de s\u00f3cios.<\/p>\n<p><strong>Modalidade<\/strong><\/p>\n<p>O torneio \u00e9 disputado em 18 buracos na modalidade de <em>Stableford,<\/em> Pares, Texas Scramble, com in\u00edcio \u00e0s 8h30h, em shotgun.<\/p>\n<p>Cada jogador joga uma bola, escolhendo o s\u00edtio da melhor, de onde jogar\u00e3o novamente os dois, jogando primeiro o dono da bola. No green joga-se alternado, jogando primeiro o que n\u00e3o \u00e9 o dono da bola.<\/p>\n<p>Cada jogador tem que fazer um m\u00ednimo de 3 sa\u00eddas.<\/p>\n<p>A pontua\u00e7\u00e3o de cada par \u00e9 a que corresponder \u00e0 pontua\u00e7\u00e3o Stableford netcalculados com \u00be da m\u00e9dia do handicap de jogo. O handicap de jogo \u00e9 calculado atrav\u00e9s da soma de 30% do handicap mais alto e 70% do handicap mais baixo.<\/p>\n<p><strong>Regras<\/strong><\/p>\n<p>As regras a aplicar s\u00e3o as aprovadas pelo Royal&amp;Ancient Golf Club of St. Andrews e as Regras Locais do campo onde se disputa o torneio que s\u00e3o estabelecidas pela Comiss\u00e3o T\u00e9cnica.<\/p>\n<p><strong>Empates<\/strong><\/p>\n<p>Em caso de empate, o desempate ser\u00e1 feito, em Gross, a favor do handicap mais alto, e em Net, a favor do handicap mais baixo, e, caso continue o empate, por sorteio.<\/p>\n<p><strong>Trof\u00e9us<\/strong><\/p>\n<p>Ser\u00e3o atribu\u00eddos os seguintes trof\u00e9us:<\/p>\n<p>-1\u00ba,2\u00ba,3\u00ba Par Gross<\/p>\n<p>-1\u00ba,2\u00ba,3\u00ba Par Net<\/p>\n<p>&#8211; Longest drive<\/p>\n<p>&#8211; Nearest to the pin<\/p>\n<p><strong>Notas<\/strong><\/p>\n<ul>\n<li>Os trof\u00e9us desportivos n\u00e3o s\u00e3o acumul\u00e1veis, prevalecendo sempre a categoria mais importante, i.e., conforme a sequ\u00eancia dos trof\u00e9us.<\/li>\n<li>Os trof\u00e9us respeitam as Regras do Estatuto do Amador.<\/li>\n<li>\u00c9 permitido colocar a bola.<\/li>\n<li>O jogo lento poder\u00e1 ser penalizado com duas pancadas para toda a forma\u00e7\u00e3o a partir do segundo aviso.<\/li>\n<li>\u00c9 permitida a utiliza\u00e7\u00e3o de instrumentos electr\u00f3nicos de medi\u00e7\u00e3o de dist\u00e2ncias<\/li>\n<\/ul>\n<p><strong>Resultados da competi\u00e7\u00e3o<\/strong><\/p>\n<p>Considera-se que o resultado da competi\u00e7\u00e3o foi oficialmente encerrado, 15 minutos ap\u00f3s a folha de resultados finais ser divulgada.<\/p>\n<p><strong>Condi\u00e7\u00f5es de participa\u00e7\u00e3o<\/strong><\/p>\n<ul>\n<li>Pre\u00e7os do green-fee (inclui almo\u00e7o, pr\u00e9mios e t\u00f4mbola):\n<ul>\n<li>S\u00f3cios CGD &#8211; 24\u20ac;<\/li>\n<li>Convidados de s\u00f3cios &#8211; 62\u20ac;<\/li>\n<li>S\u00f3cios campo \u2013 de acordo com as condi\u00e7\u00f5es habituais<\/li>\n<\/ul>\n<\/li>\n<li>As inscri\u00e7\u00f5es podem ser feitas com os pares j\u00e1 constitu\u00eddos (s\u00f3cios com convidados, s\u00f3 s\u00f3cios, s\u00f3 convidados) ou isoladamente, encarregando-se a organiza\u00e7\u00e3o de fazer os pares;<\/li>\n<\/ul>\n<p><strong>Anula\u00e7\u00e3o e altera\u00e7\u00e3o ao Regulamento<\/strong><\/p>\n<p>Em qualquer altura, a Comiss\u00e3o T\u00e9cnica poder\u00e1:<\/p>\n<ul>\n<li>Completar ou alterar o presente;<\/li>\n<li>Suspender ou cancelar qualquer das voltas;<\/li>\n<li>Anular ou cancelar a competi\u00e7\u00e3o.<\/li>\n<\/ul>\n<p><strong>Comiss\u00e3o T\u00e9cnica<\/strong><\/p>\n<p>A Comiss\u00e3o T\u00e9cnica \u00e9 constitu\u00edda por:<\/p>\n<p>1 representante do Campo<\/p>\n<p>2 representantes do Clube CGD<\/p>\n<p><strong>\u00a0<\/strong><strong>RECOMENDA\u00c7\u00d5ES <\/strong><\/p>\n<ul>\n<li>Levante a sua bola assim que n\u00e3o for poss\u00edvel pontuar.<\/li>\n<li>Mantenha a sua posi\u00e7\u00e3o de jogo, junto ao grupo da frente.<\/li>\n<li>N\u00e3o espere pela pancada do seu advers\u00e1rio para preparar a sua.<\/li>\n<li>Registe os resultados depois de abandonar os greens.<\/li>\n<li>Repare as marcas das suas bolas no green, reponha divots e alise a superf\u00edcie dos bunkers.<\/li>\n<li>Em caso de d\u00favidas no jogo, jogue uma segunda bola (de acordo com a Regra 3.3) informando essa inten\u00e7\u00e3o \u00e0 sua forma\u00e7\u00e3o.<\/li>\n<\/ul>\n<p>[\/et_pb_text][\/et_pb_column][\/et_pb_row][\/et_pb_section]<\/p>\n","protected":false},"excerpt":{"rendered":"<p><span style=\"mix-blend-mode: difference; white-space: nowrap;\"><a href=\"https:\/\/clubegolfecaixa.pt\/golfe\/events\/torneio-3895\/\">Ta\u00e7a Am\u00edlcar Camacho 2023<\/a><\/span> <div class=\"et_pb_module dvmd_table_maker dvmd_table_maker_0\">\n\t\t\t\t\n\t\t\t\t\n\t\t\t\t\n\t\t\t\t\n\t\t\t\t\n\t\t\t\t\n\t\t\t\t<div class=\"et_pb_module_inner\">\n\t\t\t\t\t\n            <div role=\"table\" class=\"dvmd_tm_table dvmd_tm_max_width_767 dvmd_tm_blocks\">\n                <div class='dvmd_tm_tblock dvmd_tm_cblock'><div class=\"dvmd_table_maker_item_0 dvmd_tm_tcell dvmd_tm_tdata dvmd_tm_col_0 dvmd_tm_row_0 dvmd_tm_col_first dvmd_tm_row_first dvmd_tm_row_last dvmd_tm_col_odd dvmd_tm_row_odd\" style=\"grid-area:1\/1\/2\/2;\"><div class=\"dvmd_tm_cdata\"><\/div><\/div>\n<\/div><div class='dvmd_tm_tblock dvmd_tm_cblock'><div class=\"dvmd_table_maker_item_1 dvmd_tm_tcell dvmd_tm_tdata dvmd_tm_col_1 dvmd_tm_row_0 dvmd_tm_row_first dvmd_tm_row_last dvmd_tm_col_even dvmd_tm_row_odd\" style=\"grid-area:1\/2\/2\/3;\"><div class=\"dvmd_tm_cdata\">Abertura 08-11-2023<\/div><\/div>\n<\/div><div class='dvmd_tm_tblock dvmd_tm_cblock'><div class=\"dvmd_table_maker_item_2 dvmd_tm_tcell dvmd_tm_tdata dvmd_tm_col_2 dvmd_tm_row_0 dvmd_tm_row_first dvmd_tm_col_last dvmd_tm_row_last dvmd_tm_col_odd dvmd_tm_row_odd\" style=\"grid-area:1\/3\/2\/4;\"><div class=\"dvmd_tm_cdata\">Fecho 15-12-2023 - 18h<\/div><\/div>\n<\/div>\n            <\/div>\n\t\t\t\t<\/div>\n\t\t\t<\/div><div class=\"et_pb_module dvmd_table_maker dvmd_table_maker_1\">\n\t\t\t\t\n\t\t\t\t\n\t\t\t\t\n\t\t\t\t\n\t\t\t\t\n\t\t\t\t\n\t\t\t\t<div class=\"et_pb_module_inner\">\n\t\t\t\t\t\n            <div role=\"table\" class=\"dvmd_tm_table dvmd_tm_&#8221;none&#8221; dvmd_tm_blocks\">\n                \n            <\/div>\n\t\t\t\t<\/div>\n\t\t\t<\/div><\/p>\n","protected":false},"author":1,"featured_media":0,"parent":0,"menu_order":0,"comment_status":"closed","ping_status":"closed","template":"page-template-blank.php","meta":{"_et_pb_use_builder":"on","_et_pb_old_content":"","_et_gb_content_width":"","footnotes":""},"class_list":["post-40304","page","type-page","status-publish","hentry"],"_links":{"self":[{"href":"https:\/\/clubegolfecaixa.pt\/golfe\/wp-json\/wp\/v2\/pages\/40304","targetHints":{"allow":["GET"]}}],"collection":[{"href":"https:\/\/clubegolfecaixa.pt\/golfe\/wp-json\/wp\/v2\/pages"}],"about":[{"href":"https:\/\/clubegolfecaixa.pt\/golfe\/wp-json\/wp\/v2\/types\/page"}],"author":[{"embeddable":true,"href":"https:\/\/clubegolfecaixa.pt\/golfe\/wp-json\/wp\/v2\/users\/1"}],"replies":[{"embeddable":true,"href":"https:\/\/clubegolfecaixa.pt\/golfe\/wp-json\/wp\/v2\/comments?post=40304"}],"version-history":[{"count":10,"href":"https:\/\/clubegolfecaixa.pt\/golfe\/wp-json\/wp\/v2\/pages\/40304\/revisions"}],"predecessor-version":[{"id":42050,"href":"https:\/\/clubegolfecaixa.pt\/golfe\/wp-json\/wp\/v2\/pages\/40304\/revisions\/42050"}],"wp:attachment":[{"href":"https:\/\/clubegolfecaixa.pt\/golfe\/wp-json\/wp\/v2\/media?parent=40304"}],"curies":[{"name":"wp","href":"https:\/\/api.w.org\/{rel}","templated":true}]}}