{"id":40854,"date":"2023-03-07T16:28:21","date_gmt":"2023-03-07T16:28:21","guid":{"rendered":"https:\/\/clubegolfecaixa.pt\/golfe\/?page_id=40854"},"modified":"2023-03-07T17:04:10","modified_gmt":"2023-03-07T17:04:10","slug":"eds","status":"publish","type":"page","link":"https:\/\/clubegolfecaixa.pt\/golfe\/eds\/","title":{"rendered":"EDS"},"content":{"rendered":"<p>[et_pb_section fb_built=&#8221;1&#8243; _builder_version=&#8221;4.20.0&#8243; background_image=&#8221;https:\/\/clubegolfecaixa.pt\/golfe\/wp-content\/uploads\/cartaoresultado.png&#8221; background_size=&#8221;custom&#8221; background_image_height=&#8221;99%&#8221; background_blend=&#8221;soft-light&#8221; background_enable_mask_style=&#8221;on&#8221; background_mask_style=&#8221;honeycomb&#8221; background_mask_transform=&#8221;flip_vertical|rotate_90_degree|invert&#8221; background_mask_size=&#8221;cover&#8221; background_mask_position=&#8221;top_left&#8221; background_mask_horizontal_offset=&#8221;0%&#8221; background_mask_blend_mode=&#8221;soft-light&#8221; global_colors_info=&#8221;{}&#8221;][et_pb_row _builder_version=&#8221;4.16&#8243; background_size=&#8221;initial&#8221; background_position=&#8221;top_left&#8221; background_repeat=&#8221;repeat&#8221; global_colors_info=&#8221;{}&#8221;][et_pb_column type=&#8221;4_4&#8243; _builder_version=&#8221;4.16&#8243; custom_padding=&#8221;|||&#8221; global_colors_info=&#8221;{}&#8221; custom_padding__hover=&#8221;|||&#8221;][et_pb_text _builder_version=&#8221;4.20.0&#8243; background_size=&#8221;initial&#8221; background_position=&#8221;top_left&#8221; background_repeat=&#8221;repeat&#8221; global_colors_info=&#8221;{}&#8221;]<\/p>\n<h5 class=\"et_pb_toggle_title\" style=\"text-align: center;\"><strong>Submiss\u00e3o de resultado para efeitos de Handicap (EDS)<\/strong><\/h5>\n<p>&nbsp;<\/p>\n<p>&nbsp;<\/p>\n<p>Para a submiss\u00e3o de resultados aceit\u00e1veis para efeitos de handicap, tanto para a obten\u00e7\u00e3o de um \u00cdndice de Handicap inicial como para a manuten\u00e7\u00e3o de um \u00cdndice de Handicap j\u00e1 estabelecido, o jogador ter\u00e1 de solicitar o pr\u00e9-registo no Campo de Golfe, no momento do check-in e antes da realiza\u00e7\u00e3o da volta e manifestar a sua inten\u00e7\u00e3o de submeter um resultado aceit\u00e1vel proveniente de um <strong>Jogo Geral<\/strong>\u00a0(anteriormente designado por EDS &#8211; Extra Day Score) para efeitos de handicap.<\/p>\n<p style=\"font-weight: 400;\">Um resultado \u00e9 aceit\u00e1vel para efeitos de handicap se a volta tiver sido jogada num formato de jogo autorizado e num n\u00famero m\u00ednimo de buracos para que o resultado de 9 ou 18 buracos seja aceit\u00e1vel e na presen\u00e7a de, pelo menos, outra pessoa, que tamb\u00e9m pode agir na qualidade de marcador.<\/p>\n<p>[\/et_pb_text][\/et_pb_column][\/et_pb_row][et_pb_row column_structure=&#8221;3_5,2_5&#8243; _builder_version=&#8221;4.20.0&#8243; _module_preset=&#8221;default&#8221; background_enable_image=&#8221;off&#8221; background_size=&#8221;contain&#8221; background_blend=&#8221;soft-light&#8221; global_colors_info=&#8221;{}&#8221;][et_pb_column type=&#8221;3_5&#8243; _builder_version=&#8221;4.20.0&#8243; _module_preset=&#8221;default&#8221; global_colors_info=&#8221;{}&#8221;][et_pb_cta title=&#8221;Registos de Cart\u00f5es&#8221; button_url=&#8221;https:\/\/my.fpg.pt\/Home\/SingleScoresLST.aspx?PP=0&#8243; url_new_window=&#8221;on&#8221; button_text=&#8221;Inserir&#8221; admin_label=&#8221;Registo&#8221; _builder_version=&#8221;4.20.0&#8243; _module_preset=&#8221;default&#8221; header_text_color=&#8221;#003159&#8243; body_text_color=&#8221;#0b7dc4&#8243; use_background_color_gradient=&#8221;on&#8221; background_color_gradient_stops=&#8221;#cee0ef 0%|#cee0dd 100%&#8221; background_image=&#8221;https:\/\/clubegolfecaixa.pt\/golfe\/wp-content\/uploads\/cartaoresultado.png&#8221; background_size=&#8221;custom&#8221; background_image_width=&#8221;100%&#8221; background_image_height=&#8221;100%&#8221; background_position=&#8221;top_left&#8221; background_horizontal_offset=&#8221;22%&#8221; background_vertical_offset=&#8221;-73%&#8221; background_blend=&#8221;soft-light&#8221; background_enable_mask_style=&#8221;on&#8221; background_mask_style=&#8221;honeycomb&#8221; background_mask_transform=&#8221;flip_vertical|flip_horizontal|invert&#8221; background_mask_aspect_ratio=&#8221;portrait&#8221; background_mask_size=&#8221;custom&#8221; background_mask_width=&#8221;7%&#8221; background_mask_height=&#8221;100%&#8221; background_mask_position=&#8221;bottom_left&#8221; background_mask_horizontal_offset=&#8221;56%&#8221; custom_button=&#8221;on&#8221; button_bg_use_color_gradient=&#8221;on&#8221; custom_css_promo_button=&#8221;width: 50%;&#8221; global_colors_info=&#8221;{}&#8221;]<\/p>\n<p>(fazer login antes em myfpg.pt)<\/p>\n<div id=\"gtx-trans\" style=\"position: absolute; left: -15px; top: 8px;\">\n<div class=\"gtx-trans-icon\">\u00a0<\/div>\n<\/div>\n<p>[\/et_pb_cta][\/et_pb_column][et_pb_column type=&#8221;2_5&#8243; _builder_version=&#8221;4.20.0&#8243; _module_preset=&#8221;default&#8221; global_colors_info=&#8221;{}&#8221;][et_pb_button button_url=&#8221;https:\/\/my.fpg.pt\/Home\/SingleScoreHelp.aspx#collapse3pt&#8221; url_new_window=&#8221;on&#8221; button_text=&#8221;Instru\u00e7\u00f5es&#8221; button_alignment=&#8221;center&#8221; admin_label=&#8221;Instru\u00e7\u00f5es&#8221; _builder_version=&#8221;4.20.0&#8243; _module_preset=&#8221;default&#8221; custom_button=&#8221;on&#8221; button_icon=&#8221;&#xe101;||divi||400&#8243; custom_css_main_element=&#8221;width: 100%;&#8221; global_colors_info=&#8221;{}&#8221;][\/et_pb_button][et_pb_button button_url=&#8221;https:\/\/my.fpg.pt\/&#8221; url_new_window=&#8221;on&#8221; button_text=&#8221;MyFPG&#8221; button_alignment=&#8221;center&#8221; admin_label=&#8221;MyFPG&#8221; _builder_version=&#8221;4.20.0&#8243; _module_preset=&#8221;default&#8221; custom_button=&#8221;on&#8221; button_icon=&#8221;&#xe08a;||divi||400&#8243; custom_css_main_element=&#8221;width: 100%;&#8221; global_colors_info=&#8221;{}&#8221;][\/et_pb_button][\/et_pb_column][\/et_pb_row][\/et_pb_section]<\/p>\n","protected":false},"excerpt":{"rendered":"<p>Submiss\u00e3o de resultado para efeitos de Handicap (EDS) &nbsp; &nbsp; Para a submiss\u00e3o de resultados aceit\u00e1veis para efeitos de handicap, tanto para a obten\u00e7\u00e3o de um \u00cdndice de Handicap inicial como para a manuten\u00e7\u00e3o de um \u00cdndice de Handicap j\u00e1 estabelecido, o jogador ter\u00e1 de solicitar o pr\u00e9-registo no Campo de Golfe, no momento do [&hellip;]<\/p>\n","protected":false},"author":1,"featured_media":0,"parent":0,"menu_order":0,"comment_status":"closed","ping_status":"closed","template":"","meta":{"_et_pb_use_builder":"on","_et_pb_old_content":"<h5 class=\"et_pb_toggle_title\" style=\"text-align: center;\"><strong>Submiss\u00e3o de resultado para efeitos de Handicap (EDS)<\/strong><\/h5><p>\u00a0<\/p><p>Para a submiss\u00e3o de resultados aceit\u00e1veis para efeitos de handicap, tanto para a obten\u00e7\u00e3o de um \u00cdndice de Handicap inicial como para a manuten\u00e7\u00e3o de um \u00cdndice de Handicap j\u00e1 estabelecido, o jogador ter\u00e1 de solicitar o pr\u00e9-registo no Campo de Golfe, no momento do check-in e antes da realiza\u00e7\u00e3o da volta e manifestar a sua inten\u00e7\u00e3o de submeter um resultado aceit\u00e1vel proveniente de um <strong>Jogo Geral<\/strong>\u00a0(anteriormente designado por EDS - Extra Day Score) para efeitos de handicap.<\/p><p style=\"font-weight: 400;\">Um resultado \u00e9 aceit\u00e1vel para efeitos de handicap se a volta tiver sido jogada num formato de jogo autorizado e num n\u00famero m\u00ednimo de buracos para que o resultado de 9 ou 18 buracos seja aceit\u00e1vel e na presen\u00e7a de, pelo menos, outra pessoa, que tamb\u00e9m pode agir na qualidade de marcador.<\/p><p><a href=\"https:\/\/my.fpg.pt\/Home\/SingleScoreHelp.aspx#collapse3pt\" target=\"_blank\" rel=\"noopener\">Instru\u00e7\u00f5es<\/a><\/p><p><a href=\"https:\/\/my.fpg.pt\/\" target=\"_blank\" rel=\"noopener\">myFPG<\/a><\/p><p><a href=\"https:\/\/my.fpg.pt\/Home\/SingleScoresLST.aspx?PP=0\" target=\"_blank\" rel=\"noopener\">Inserir Cart\u00e3o (fazer login antes em myfpg.pt)<\/a><\/p>","_et_gb_content_width":"","footnotes":""},"class_list":["post-40854","page","type-page","status-publish","hentry"],"_links":{"self":[{"href":"https:\/\/clubegolfecaixa.pt\/golfe\/wp-json\/wp\/v2\/pages\/40854","targetHints":{"allow":["GET"]}}],"collection":[{"href":"https:\/\/clubegolfecaixa.pt\/golfe\/wp-json\/wp\/v2\/pages"}],"about":[{"href":"https:\/\/clubegolfecaixa.pt\/golfe\/wp-json\/wp\/v2\/types\/page"}],"author":[{"embeddable":true,"href":"https:\/\/clubegolfecaixa.pt\/golfe\/wp-json\/wp\/v2\/users\/1"}],"replies":[{"embeddable":true,"href":"https:\/\/clubegolfecaixa.pt\/golfe\/wp-json\/wp\/v2\/comments?post=40854"}],"version-history":[{"count":19,"href":"https:\/\/clubegolfecaixa.pt\/golfe\/wp-json\/wp\/v2\/pages\/40854\/revisions"}],"predecessor-version":[{"id":40877,"href":"https:\/\/clubegolfecaixa.pt\/golfe\/wp-json\/wp\/v2\/pages\/40854\/revisions\/40877"}],"wp:attachment":[{"href":"https:\/\/clubegolfecaixa.pt\/golfe\/wp-json\/wp\/v2\/media?parent=40854"}],"curies":[{"name":"wp","href":"https:\/\/api.w.org\/{rel}","templated":true}]}}