{"id":42906,"date":"2024-06-04T11:37:52","date_gmt":"2024-06-04T10:37:52","guid":{"rendered":"https:\/\/clubegolfecaixa.pt\/golfe\/?page_id=42906"},"modified":"2024-06-04T12:32:33","modified_gmt":"2024-06-04T11:32:33","slug":"regulamento_3913","status":"publish","type":"page","link":"https:\/\/clubegolfecaixa.pt\/golfe\/regulamento_3913\/","title":{"rendered":"Regulamento_3913"},"content":{"rendered":"<p>[et_pb_section fb_built=&#8221;1&#8243; _builder_version=&#8221;4.23.4&#8243; _module_preset=&#8221;default&#8221; background_color=&#8221;rgba(67,137,193,0.21)&#8221; positioning=&#8221;fixed&#8221; vertical_offset=&#8221;0px&#8221; horizontal_offset=&#8221;0px&#8221; z_index=&#8221;999&#8243; custom_padding=&#8221;8px||0px|||&#8221; animation_style=&#8221;slide&#8221; animation_delay=&#8221;50ms&#8221; global_colors_info=&#8221;{}&#8221;][et_pb_row _builder_version=&#8221;4.19.1&#8243; _module_preset=&#8221;default&#8221; custom_padding=&#8221;10px||6px|||&#8221; global_colors_info=&#8221;{}&#8221;][et_pb_column type=&#8221;4_4&#8243; _builder_version=&#8221;4.19.1&#8243; _module_preset=&#8221;default&#8221; global_colors_info=&#8221;{}&#8221;][et_pb_text admin_label=&#8221;Nome do Torneio (auto do cod. CGDTorneio)&#8221; _builder_version=&#8221;4.19.2&#8243; _module_preset=&#8221;default&#8221; global_colors_info=&#8221;{}&#8221;]<\/p>\n<h4 style=\"text-align: center;\"><span style=\"color: #000000;\">CGDtorneio<\/span><\/h4>\n<p>[\/et_pb_text][\/et_pb_column][\/et_pb_row][\/et_pb_section][et_pb_section fb_built=&#8221;1&#8243; inner_shadow=&#8221;on&#8221; disabled_on=&#8221;on|on|on&#8221; _builder_version=&#8221;4.23.4&#8243; _module_preset=&#8221;default&#8221; background_color=&#8221;#e0cdb1&#8243; custom_margin=&#8221;51px||||false|false&#8221; custom_padding=&#8221;0px||9px|||&#8221; animation_style=&#8221;slide&#8221; animation_delay=&#8221;50ms&#8221; disabled=&#8221;on&#8221; collapsed=&#8221;off&#8221; global_colors_info=&#8221;{}&#8221;][et_pb_row _builder_version=&#8221;4.23.4&#8243; _module_preset=&#8221;default&#8221; custom_padding=&#8221;||5px|||&#8221; global_colors_info=&#8221;{}&#8221;][et_pb_column type=&#8221;4_4&#8243; _builder_version=&#8221;4.23.4&#8243; _module_preset=&#8221;default&#8221; global_colors_info=&#8221;{}&#8221;][et_pb_text _builder_version=&#8221;4.23.4&#8243; _module_preset=&#8221;default&#8221; global_colors_info=&#8221;{}&#8221;]<\/p>\n<h3 style=\"text-align: center;\"><span style=\"color: #ff6600;\">Torneio de apuramento para a Torneio Anual de Matchplay<\/span><\/h3>\n<p>[\/et_pb_text][\/et_pb_column][\/et_pb_row][\/et_pb_section][et_pb_section fb_built=&#8221;1&#8243; fullwidth=&#8221;on&#8221; _builder_version=&#8221;4.23.4&#8243; _module_preset=&#8221;default&#8221; custom_padding=&#8221;19px|||||&#8221; global_colors_info=&#8221;{}&#8221;][\/et_pb_section][et_pb_section fb_built=&#8221;1&#8243; _builder_version=&#8221;4.19.1&#8243; _module_preset=&#8221;default&#8221; background_color=&#8221;#fafafa&#8221; custom_margin=&#8221;2px|||||&#8221; custom_padding=&#8221;2px||0px|||&#8221; global_colors_info=&#8221;{}&#8221;][et_pb_row column_structure=&#8221;1_2,1_2&#8243; _builder_version=&#8221;4.19.1&#8243; _module_preset=&#8221;default&#8221; global_colors_info=&#8221;{}&#8221;][et_pb_column type=&#8221;1_2&#8243; _builder_version=&#8221;4.19.1&#8243; _module_preset=&#8221;default&#8221; global_colors_info=&#8221;{}&#8221;][dvmd_table_maker tbl_row_header_count=&#8221;0&#8243; tbl_column_max_width=&#8221;48%&#8221; tbl_column_min_width=&#8221;48%&#8221; tbl_row_min_height=&#8221;0px&#8221; tbl_responsive_breakpoint=&#8221;none&#8221; tbl_tcell_cell_align_vert=&#8221;center&#8221; tbl_tcell_cell_padding=&#8221;10px|10px|10px|10px|false|false&#8221; tbl_chead_cell_color=&#8221;#e5efff&#8221; tbl_rhead_cell_color=&#8221;#eff4ff&#8221; tbl_cfoot_cell_padding=&#8221;2px||2px||false|false&#8221; disabled_on=&#8221;off|off|off&#8221; admin_label=&#8221;Green Fees&#8221; _builder_version=&#8221;4.24.2&#8243; _module_preset=&#8221;default&#8221; tbl_chead_text_text_color=&#8221;#0C71C3&#8243; tbl_rhead_text_text_color=&#8221;#022b84&#8243; custom_margin=&#8221;2px||2px||false|false&#8221; custom_padding=&#8221;0px||2px||false|false&#8221; global_colors_info=&#8221;{}&#8221;][dvmd_table_maker_item col_label=&#8221;Tipo Jogador&#8221; col_content=&#8221;Green Fee<br \/>\n<cell style=%22background-color:#e5efff; opacity:.7; %22>S\u00f3cios<\/cell><br \/>\n<cell style=%22background-color:#e5efff; opacity:.7; %22>Convidados<\/cell><br \/>\n<cell style=%22background-color:#e5efff; opacity:.7; %22>S\u00f3cios Campo<\/cell>&#8221; col_column_max_width=&#8221;48%&#8221; _builder_version=&#8221;4.19.1&#8243; _module_preset=&#8221;default&#8221; global_colors_info=&#8221;{}&#8221;][\/dvmd_table_maker_item][dvmd_table_maker_item col_label=&#8221;Pre\u00e7o&#8221; col_content=&#8221;Pre\u00e7o<br \/>\n30\u20ac<br \/>\n50\u20ac<br \/>\nConforme tipo S\u00f3cio do Campo&#8221; _builder_version=&#8221;4.24.2&#8243; _module_preset=&#8221;default&#8221; global_colors_info=&#8221;{}&#8221;][\/dvmd_table_maker_item][\/dvmd_table_maker][\/et_pb_column][et_pb_column type=&#8221;1_2&#8243; _builder_version=&#8221;4.19.1&#8243; _module_preset=&#8221;default&#8221; global_colors_info=&#8221;{}&#8221;][dvmd_table_maker tbl_row_header_count=&#8221;0&#8243; tbl_column_max_width=&#8221;49%&#8221; tbl_column_min_width=&#8221;49%&#8221; tbl_row_min_height=&#8221;0px&#8221; tbl_responsive_breakpoint=&#8221;none&#8221; tbl_tcell_cell_align_vert=&#8221;center&#8221; tbl_tcell_cell_padding=&#8221;10px|10px|10px|10px|false|false&#8221; tbl_chead_cell_color=&#8221;#e5efff&#8221; tbl_rhead_cell_color=&#8221;#eff4ff&#8221; tbl_cfoot_cell_padding=&#8221;2px||2px||false|false&#8221; disabled_on=&#8221;off|off|off&#8221; admin_label=&#8221;Outros Servi\u00e7os&#8221; _builder_version=&#8221;4.24.2&#8243; _module_preset=&#8221;default&#8221; tbl_chead_text_text_color=&#8221;#0C71C3&#8243; tbl_rhead_text_text_color=&#8221;#022b84&#8243; custom_margin=&#8221;2px||2px||false|false&#8221; custom_padding=&#8221;0px||2px||false|false&#8221; global_colors_info=&#8221;{}&#8221;][dvmd_table_maker_item col_label=&#8221;Outros Servi\u00e7os&#8221; col_content=&#8221;Outros Servi\u00e7os<br \/>\nBuggy<br \/>\nAlmo\u00e7o<br \/>\nAlmo\u00e7o Individual<br \/>\nBar de Campo<br \/>\nPr\u00e9mios e T\u00f4mbola &#8221; _builder_version=&#8221;4.24.2&#8243; _module_preset=&#8221;default&#8221; custom_css_col_tcell_cells=&#8221;background-color:#e5efff;||opacity:0.7;&#8221; custom_css_col_chead_cells=&#8221;opacity:1;&#8221; global_colors_info=&#8221;{}&#8221;][\/dvmd_table_maker_item][dvmd_table_maker_item col_label=&#8221;Pre\u00e7o&#8221; col_content=&#8221;Pre\u00e7o<br \/>\n-\u20ac<br \/>\nInclu\u00eddo<br \/>\n17,50\u20ac<br \/>\nInclu\u00eddo<br \/>\nInclu\u00eddo&#8221; _builder_version=&#8221;4.24.2&#8243; _module_preset=&#8221;default&#8221; global_colors_info=&#8221;{}&#8221;][\/dvmd_table_maker_item][\/dvmd_table_maker][\/et_pb_column][\/et_pb_row][\/et_pb_section][et_pb_section fb_built=&#8221;1&#8243; _builder_version=&#8221;4.19.1&#8243; _module_preset=&#8221;default&#8221; background_color=&#8221;#fafafa&#8221; custom_padding=&#8221;0px||0px|||&#8221; global_colors_info=&#8221;{}&#8221;][et_pb_row _builder_version=&#8221;4.19.1&#8243; _module_preset=&#8221;default&#8221; background_enable_color=&#8221;off&#8221; global_colors_info=&#8221;{}&#8221;][et_pb_column type=&#8221;4_4&#8243; _builder_version=&#8221;4.19.1&#8243; _module_preset=&#8221;default&#8221; global_colors_info=&#8221;{}&#8221;][dvmd_table_maker tbl_row_header_count=&#8221;0&#8243; tbl_column_min_width=&#8221;70px&#8221; tbl_row_min_height=&#8221;5px&#8221; tbl_responsive_breakpoint=&#8221;max_width_767&#8243; tbl_tcell_cell_align_vert=&#8221;left&#8221; tbl_tcell_cell_padding=&#8221;10px|10px|10px|10px|false|false&#8221; tbl_chead_cell_color=&#8221;#e5efff&#8221; tbl_cfoot_cell_padding=&#8221;2px||2px||false|false&#8221; admin_label=&#8221;Caracter\u00edsticas&#8221; _builder_version=&#8221;4.24.2&#8243; _module_preset=&#8221;default&#8221; tbl_chead_text_text_color=&#8221;#0C71C3&#8243; custom_margin=&#8221;2px||2px||false|false&#8221; custom_padding=&#8221;2px||2px||false|false&#8221; border_color_all_tbl_tcell_cell_border=&#8221;#FFFFFF&#8221; global_colors_info=&#8221;{}&#8221;][dvmd_table_maker_item col_label=&#8221;Sa\u00eddas&#8221; col_content=&#8221;Sa\u00eddas<br \/>\n9:00h shot-gun&#8221; _builder_version=&#8221;4.24.2&#8243; _module_preset=&#8221;default&#8221; global_colors_info=&#8221;{}&#8221;][\/dvmd_table_maker_item][dvmd_table_maker_item col_label=&#8221;Modalidade&#8221; col_content=&#8221;Modalidade<br \/>\nStableford Full Hcp (95%)&#8221; _builder_version=&#8221;4.19.4&#8243; _module_preset=&#8221;default&#8221; global_colors_info=&#8221;{}&#8221;][\/dvmd_table_maker_item][dvmd_table_maker_item col_label=&#8221;Tipo&#8221; col_content=&#8221;Tipo<br \/>\n<cell rowspan=%224%22>Ordem M\u00e9rito CGD<\/cell>&#8221; col_icon_type=&#8221;&#xf879;||fa||900&#8243; _builder_version=&#8221;4.23.4&#8243; _module_preset=&#8221;default&#8221; global_colors_info=&#8221;{}&#8221;][\/dvmd_table_maker_item][\/dvmd_table_maker][\/et_pb_column][\/et_pb_row][\/et_pb_section][et_pb_section fb_built=&#8221;1&#8243; _builder_version=&#8221;4.19.1&#8243; _module_preset=&#8221;default&#8221; custom_padding=&#8221;0px||0px|||&#8221; global_colors_info=&#8221;{}&#8221;][et_pb_row _builder_version=&#8221;4.19.1&#8243; _module_preset=&#8221;default&#8221; background_color=&#8221;#FFFFFF&#8221; global_colors_info=&#8221;{}&#8221;][et_pb_column type=&#8221;4_4&#8243; _builder_version=&#8221;4.19.1&#8243; _module_preset=&#8221;default&#8221; global_colors_info=&#8221;{}&#8221;][dvmd_table_maker tbl_row_header_count=&#8221;0&#8243; tbl_column_min_width=&#8221;70px&#8221; tbl_row_min_height=&#8221;0px&#8221; tbl_responsive_breakpoint=&#8221;max_width_767&#8243; tbl_tcell_cell_align_vert=&#8221;center&#8221; tbl_tcell_cell_padding=&#8221;10px|10px|10px|10px|false|false&#8221; tbl_chead_cell_color=&#8221;#e5efff&#8221; tbl_cfoot_cell_padding=&#8221;2px||2px||false|false&#8221; disabled_on=&#8221;off|off|off&#8221; admin_label=&#8221;Regras e Regulamentos&#8221; _builder_version=&#8221;4.24.2&#8243; _module_preset=&#8221;default&#8221; tbl_chead_text_text_color=&#8221;#0C71C3&#8243; custom_margin=&#8221;2px||2px||false|false&#8221; custom_padding=&#8221;2px||2px||false|false&#8221; global_colors_info=&#8221;{}&#8221;][dvmd_table_maker_item col_label=&#8221;Regulamento&#8221; col_content=&#8221;Regulamento<br \/>\n<a href=%22https:\/\/clubegolfecaixa.pt\/golfe\/regrasregulamentos\/#rc%22>Regulamento da Competi\u00e7\u00e3o (Torneios)<\/a>&#8221; _builder_version=&#8221;4.19.1&#8243; _module_preset=&#8221;default&#8221; global_colors_info=&#8221;{}&#8221;][\/dvmd_table_maker_item][dvmd_table_maker_item col_label=&#8221;Regras&#8221; col_content=&#8221;Regras<br \/>\n<a href=%22https:\/\/clubegolfecaixa.pt\/golfe\/regrasregulamentos\/#rgau%22><img src=%22https:\/\/clubegolfecaixa.pt\/golfe\/wp-content\/uploads\/ra-1.png%22 title=%22R&#038;A%22 alt=%22 %22 width=%2230%22 height=%2230%22><\/a><\/p>\n<p>Regras Locais<\/p>\n<\/p>\n<p><a href=%22https:\/\/clubegolfecaixa.pt\/golfe\/regrasregulamentos\/#rglap%22>Regras Locais de Aplica\u00e7\u00e3o Permanente<\/a>&#8221; _builder_version=&#8221;4.19.1&#8243; _module_preset=&#8221;default&#8221; global_colors_info=&#8221;{}&#8221;][\/dvmd_table_maker_item][dvmd_table_maker_item col_content=&#8221;Comiss\u00e3o T\u00e9cnica<br \/>\n<a href=%22https:\/\/clubegolfecaixa.pt\/golfe\/profile\/PauloPinheiro\/%22><img src=%22https:\/\/clubegolfecaixa.pt\/golfe\/wp-content\/uploads\/130299.jpg%22 title=%22Paulo Pinheiro%22 alt=%22 %22 width=%2260%22 height=%2260%22><\/a><a href=%22tel:+351964020512%22>  <icon>phone<\/icon> Paulo Pinheiro<\/a><\/p>\n<p><a href=%22https:\/\/clubegolfecaixa.pt\/golfe\/wp-content\/uploads\/IMG_20171205_154323.jpg%22><img src=%22https:\/\/clubegolfecaixa.pt\/golfe\/wp-content\/uploads\/IMG_20171205_154323.jpg%22 title=%22Sandra Oliveira%22 alt=%22 %22 width=%2260%22 height=%2260%22><\/a><a href=%22tel:+351961740295%22>  <icon>phone<\/icon> Sandra Oliveira<\/a><\/p>\n<\/p>\n<p>Elemento do Campo&#8221; _builder_version=&#8221;4.23.4&#8243; _module_preset=&#8221;default&#8221; global_colors_info=&#8221;{}&#8221;][\/dvmd_table_maker_item][\/dvmd_table_maker][\/et_pb_column][\/et_pb_row][et_pb_row _builder_version=&#8221;4.16&#8243; background_color=&#8221;RGBA(0,0,0,0)&#8221; background_size=&#8221;initial&#8221; background_position=&#8221;top_left&#8221; background_repeat=&#8221;repeat&#8221; global_colors_info=&#8221;{}&#8221;][et_pb_column type=&#8221;4_4&#8243; _builder_version=&#8221;4.24.2&#8243; _module_preset=&#8221;default&#8221; global_colors_info=&#8221;{}&#8221;][et_pb_text disabled_on=&#8221;off|off|off&#8221; admin_label=&#8221;Notas&#8221; _builder_version=&#8221;4.23.4&#8243; background_size=&#8221;initial&#8221; background_position=&#8221;top_left&#8221; background_repeat=&#8221;repeat&#8221; global_colors_info=&#8221;{}&#8221;]<\/p>\n<p>&nbsp;<\/p>\n<p><strong>OBSERVA\u00c7\u00d5ES<\/strong><\/p>\n<ul>\n<li><strong>Participa\u00e7\u00e3o<\/strong>: Prova reservada a s\u00f3cios do Clube e a convidados de s\u00f3cios.<\/li>\n<li><strong>Handicap M\u00e1ximo Jogo<\/strong>: Para efeitos de classifica\u00e7\u00e3o no torneio e para a Ordem de M\u00e9rito do Clube \u00e9 36;<\/li>\n<li><strong>Empates<\/strong>: Em caso de empate, o desempate \u00e9 feito, em Gross, a favor do handicap mais alto, e em Net, a favor do handicap mais baixo, e finalmente, caso continue o empate, por sorteio.<\/li>\n<li style=\"list-style-type: none;\">\n<ul><\/ul>\n<\/li>\n<li><strong>Marcas de sa\u00edda<\/strong>:\n<ul>\n<li>Amarelas (azuis e vermelhas opcionais, conforme Regras Locais de Aplica\u00e7\u00e3o Permanente do Clube de Golfe CGD ) para homens;<\/li>\n<li>Vermelhas para senhoras.\n<ul>\n<li>Caso opte por tees alternativos (azuis ou vermelhas) o resultado n\u00e3o contar\u00e1 para a classifica\u00e7\u00e3o Gross do torneio nem para a<br \/>respetiva Ordem M\u00e9rito Gross.<\/li>\n<\/ul>\n<\/li>\n<\/ul>\n<\/li>\n<li><strong>Buggy<\/strong>: \u00c9 da responsabilidade dos jogadores a reserva no campo. Em caso de partilha e para efeitos de Draw, dever\u00e3o ser indicados os respetivos nomes na inscri\u00e7\u00e3o.<\/li>\n<li><strong>Bolas de cortesia<\/strong>:\u00a0 H\u00e1 Bolas de Treino.<\/li>\n<li><strong>Marca\u00e7\u00e3o de Cart\u00f5es<\/strong> de Jogo e recolha de resultados &#8211; Os jogadores trocam de cart\u00e3o.<\/li>\n<li><span style=\"font-size: 14px;\">\u00a0<\/span><strong style=\"font-size: 14px;\">Trof\u00e9us<br \/><\/strong>\n<p>Ser\u00e3o atribu\u00eddos os seguintes trof\u00e9us:<\/p>\n<p><strong> <\/strong><\/p>\n<\/li>\n<li><span style=\"color: #000000;\">1\u00ba. Gross<\/span><\/li>\n<li>\n<p style=\"text-align: left;\"><span style=\"color: #000000;\"><strong><\/strong>1\u00ba.,2\u00ba. e 3\u00ba. Net<\/span><\/p>\n<\/li>\n<li style=\"text-align: left;\"><span style=\"color: #000000;\">Longest drive<\/span><\/li>\n<li style=\"text-align: left;\"><span style=\"color: #000000;\">Nearest to the pin<\/span><\/li>\n<\/ul>\n<p><span style=\"color: #000000;\"><\/span><\/p>\n<ul>\n<li>\u00a0<strong style=\"font-size: 14px;\">Evitar o jogo lento.<br \/><\/strong>O jogo lento poder\u00e1 ser penalizado com duas pancadas para toda a forma\u00e7\u00e3o a partir do segundo aviso.<\/li>\n<li><strong style=\"font-size: 14px;\">\u00a0<\/strong><strong style=\"font-size: 14px;\">RECOMENDA\u00c7\u00d5ES<\/strong><strong style=\"font-size: 14px;\"><\/strong><\/li>\n<li>Levante a sua bola assim que n\u00e3o for poss\u00edvel pontuar.<\/li>\n<li>Mantenha a sua posi\u00e7\u00e3o de jogo, junto ao grupo da frente.<\/li>\n<li>N\u00e3o espere pela pancada do seu advers\u00e1rio para preparar a sua.<\/li>\n<li>Registe os resultados depois de abandonar os greens.<\/li>\n<li>Repare as marcas das suas bolas no green, reponha divots e alise a superf\u00edcie dos bunkers.<\/li>\n<li>Em caso de d\u00favidas no jogo, jogue uma segunda bola (de acordo com a Regra 3.3) informando essa inten\u00e7\u00e3o \u00e0 sua forma\u00e7\u00e3o.<\/li>\n<\/ul>\n<p>[\/et_pb_text][\/et_pb_column][\/et_pb_row][\/et_pb_section][et_pb_section fb_built=&#8221;1&#8243; _builder_version=&#8221;4.19.1&#8243; background_color=&#8221;#FFFFFF&#8221; custom_padding=&#8221;9px|||||&#8221; locked=&#8221;off&#8221; global_colors_info=&#8221;{}&#8221;][\/et_pb_section]<\/p>\n","protected":false},"excerpt":{"rendered":"<p>CGDtorneioTorneio de apuramento para a Torneio Anual de Matchplay<div class=\"et_pb_module dvmd_table_maker dvmd_table_maker_0\">\n\t\t\t\t\n\t\t\t\t\n\t\t\t\t\n\t\t\t\t\n\t\t\t\t\n\t\t\t\t\n\t\t\t\t<div class=\"et_pb_module_inner\">\n\t\t\t\t\t\n            <div role=\"table\" class=\"dvmd_tm_table dvmd_tm_blocks\">\n                <div class='dvmd_tm_tblock dvmd_tm_cblock'><div class=\"dvmd_table_maker_item_0 dvmd_tm_tcell dvmd_tm_tdata dvmd_tm_col_0 dvmd_tm_row_0 dvmd_tm_col_first dvmd_tm_row_first dvmd_tm_row_last dvmd_tm_col_odd dvmd_tm_row_odd\" style=\"grid-area:1\/1\/2\/2;\"><div class=\"dvmd_tm_cdata\">Green Fee S&oacute;cios Convidados S&oacute;cios Campo<\/div><\/div>\n<div class=\"dvmd_table_maker_item_1 dvmd_tm_tcell dvmd_tm_tdata dvmd_tm_col_1 dvmd_tm_row_0 dvmd_tm_row_first dvmd_tm_col_last dvmd_tm_row_last dvmd_tm_col_even dvmd_tm_row_odd\" style=\"grid-area:1\/2\/2\/3;\"><div class=\"dvmd_tm_cdata\">Pre&ccedil;o 30&euro; 50&euro; Conforme tipo S&oacute;cio do Campo<\/div><\/div>\n<\/div>\n            <\/div>\n\t\t\t\t<\/div>\n\t\t\t<\/div><div class=\"et_pb_module dvmd_table_maker dvmd_table_maker_1\">\n\t\t\t\t\n\t\t\t\t\n\t\t\t\t\n\t\t\t\t\n\t\t\t\t\n\t\t\t\t\n\t\t\t\t<div class=\"et_pb_module_inner\">\n\t\t\t\t\t\n            <div role=\"table\" class=\"dvmd_tm_table dvmd_tm_max_width_980 dvmd_tm_blocks\">\n                \n            <\/div>\n\t\t\t\t<\/div>\n\t\t\t<\/div><\/p>\n","protected":false},"author":1,"featured_media":0,"parent":0,"menu_order":0,"comment_status":"closed","ping_status":"closed","template":"page-template-blank.php","meta":{"_et_pb_use_builder":"on","_et_pb_old_content":"","_et_gb_content_width":"","footnotes":""},"class_list":["post-42906","page","type-page","status-publish","hentry"],"_links":{"self":[{"href":"https:\/\/clubegolfecaixa.pt\/golfe\/wp-json\/wp\/v2\/pages\/42906","targetHints":{"allow":["GET"]}}],"collection":[{"href":"https:\/\/clubegolfecaixa.pt\/golfe\/wp-json\/wp\/v2\/pages"}],"about":[{"href":"https:\/\/clubegolfecaixa.pt\/golfe\/wp-json\/wp\/v2\/types\/page"}],"author":[{"embeddable":true,"href":"https:\/\/clubegolfecaixa.pt\/golfe\/wp-json\/wp\/v2\/users\/1"}],"replies":[{"embeddable":true,"href":"https:\/\/clubegolfecaixa.pt\/golfe\/wp-json\/wp\/v2\/comments?post=42906"}],"version-history":[{"count":9,"href":"https:\/\/clubegolfecaixa.pt\/golfe\/wp-json\/wp\/v2\/pages\/42906\/revisions"}],"predecessor-version":[{"id":42918,"href":"https:\/\/clubegolfecaixa.pt\/golfe\/wp-json\/wp\/v2\/pages\/42906\/revisions\/42918"}],"wp:attachment":[{"href":"https:\/\/clubegolfecaixa.pt\/golfe\/wp-json\/wp\/v2\/media?parent=42906"}],"curies":[{"name":"wp","href":"https:\/\/api.w.org\/{rel}","templated":true}]}}