{"id":42995,"date":"2024-07-22T23:58:13","date_gmt":"2024-07-22T22:58:13","guid":{"rendered":"https:\/\/clubegolfecaixa.pt\/golfe\/?page_id=42995"},"modified":"2024-09-26T11:25:11","modified_gmt":"2024-09-26T10:25:11","slug":"regulamento_3916","status":"publish","type":"page","link":"https:\/\/clubegolfecaixa.pt\/golfe\/regulamento_3916\/","title":{"rendered":"9\u00ba Torneio da Ordem de M\u00e9rito CGD"},"content":{"rendered":"\n<p><\/p>\n\n\n\n<p>Santo Estev\u00e3o \u2013 29 de Setembro de 2024<\/p>\n\n\n\n<p><strong><mark style=\"background-color:rgba(0, 0, 0, 0)\" class=\"has-inline-color has-vivid-cyan-blue-color\">Regulamento<\/mark><\/strong><\/p>\n\n\n\n<p><strong>Participa\u00e7\u00e3o<\/strong><\/p>\n\n\n\n<p>Prova reservada a s\u00f3cios do Clube e convidados de s\u00f3cios.<\/p>\n\n\n\n<p><strong>Modalidade<\/strong><\/p>\n\n\n\n<p>O torneio \u00e9 disputado em 18 buracos na modalidade de Stableford, com in\u00edcio \u00e0s 09:00 horas, em shot-gun.<\/p>\n\n\n\n<p><strong>Regras<\/strong><\/p>\n\n\n\n<p>As regras a aplicar s\u00e3o as aprovadas pelo Royal &amp; Ancient Golf Club of St. Andrews e as Regras Locais do campo onde se disputa o torneio que s\u00e3o estabelecidas pela Comiss\u00e3o T\u00e9cnica. O handicap m\u00e1ximo para efeitos de classifica\u00e7\u00e3o no torneio e para a Ordem de M\u00e9rito do Clube \u00e9 36 WHS.<\/p>\n\n\n\n<p><strong>Empates<\/strong><\/p>\n\n\n\n<p>Em caso de empate, o desempate \u00e9 feito, em Gross, a favor do handicap mais alto, e em Net, a favor do handicap mais baixo, e finalmente, caso continue o empate, por sorteio.<\/p>\n\n\n\n<p><strong>Trof\u00e9us<\/strong><\/p>\n\n\n\n<p>Ser\u00e3o atribu\u00eddos os seguintes trof\u00e9us:<\/p>\n\n\n\n<p>&gt; 1\u00ba. Gross<\/p>\n\n\n\n<p>&gt; 1\u00ba.,2\u00ba. e 3\u00ba. Net s\u00f3cios e 1\u00ba. Net convidados<\/p>\n\n\n\n<p>> Longest drive Homens\/Senhoras<\/p>\n\n\n\n<p>> Nearest to the pin geral<\/p>\n\n\n\n<p><strong>Notas<\/strong><\/p>\n\n\n\n<ul class=\"wp-block-list\">\n<li>\u00c9 permitido colocar a bola.<\/li>\n\n\n\n<li>O jogo lento poder\u00e1 ser penalizado com duas pancadas para toda a forma\u00e7\u00e3o a partir do segundo aviso.<\/li>\n\n\n\n<li>\u00c9 permitida a utiliza\u00e7\u00e3o de instrumentos electr\u00f3nicos de medi\u00e7\u00e3o de dist\u00e2ncias.<\/li>\n\n\n\n<li>Os trof\u00e9us desportivos n\u00e3o s\u00e3o acumul\u00e1veis, prevalecendo sempre a categoria mais importante, i.e., conforme a sequ\u00eancia dos trof\u00e9us.<\/li>\n\n\n\n<li>Os trof\u00e9us respeitam as Regras do Estatuto do Amador.<\/li>\n<\/ul>\n\n\n\n<p><strong>Resultados da competi\u00e7\u00e3o<\/strong><\/p>\n\n\n\n<p>Considera-se que o resultado da competi\u00e7\u00e3o foi oficialmente encerrado, 30 minutos ap\u00f3s a folha de resultados finais ser divulgada.<\/p>\n\n\n\n<p><strong>Condi\u00e7\u00f5es de participa\u00e7\u00e3o<\/strong><\/p>\n\n\n\n<ul class=\"wp-block-list\">\n<li>Pre\u00e7os:\n<ul class=\"wp-block-list\">\n<li>S\u00f3cios CGD: 35,50\u20ac (green-fee, almo\u00e7o, pr\u00e9mios e t\u00f4mbola);<\/li>\n\n\n\n<li>Convidados de s\u00f3cios: 55,50\u20ac (green-fee, almo\u00e7o, pr\u00e9mios e t\u00f4mbola);<\/li>\n\n\n\n<li>Almo\u00e7os individuais: 22,50\u20ac. N\u00e3o h\u00e1 fraccionamento;<\/li>\n\n\n\n<li>Pre\u00e7o de buggy para o torneio: 32\u20ac, a reservar directamente com o campo;<\/li>\n<\/ul>\n<\/li>\n\n\n\n<li>Jogadores que n\u00e3o tenham a situa\u00e7\u00e3o regularizada junto da Federa\u00e7\u00e3o Portuguesa de Golfe, bem como handicaps de clube, n\u00e3o podem ser premiados nem participar no Match Play e nas Ordens de M\u00e9rito.<\/li>\n\n\n\n<li>Ap\u00f3s o jogo haver\u00e1 almo\u00e7o com distribui\u00e7\u00e3o de pr\u00e9mios;<\/li>\n<\/ul>\n\n\n\n<p><strong>Anula\u00e7\u00e3o e altera\u00e7\u00e3o ao Regulamento<\/strong><\/p>\n\n\n\n<p>Em qualquer altura, a Comiss\u00e3o T\u00e9cnica poder\u00e1:<\/p>\n\n\n\n<ul class=\"wp-block-list\">\n<li>Completar ou alterar o presente;<\/li>\n\n\n\n<li>Suspender ou cancelar qualquer das voltas;<\/li>\n\n\n\n<li>Anular ou cancelar a competi\u00e7\u00e3o.<\/li>\n<\/ul>\n\n\n\n<p><strong>Comiss\u00e3o T\u00e9cnica<\/strong><\/p>\n\n\n\n<p>A Comiss\u00e3o T\u00e9cnica \u00e9 constitu\u00edda por:<\/p>\n\n\n\n<ul class=\"wp-block-list\">\n<li>1 representante do Campo<\/li>\n\n\n\n<li>2 representantes do Clube CGD<\/li>\n<\/ul>\n","protected":false},"excerpt":{"rendered":"<p>Santo Estev\u00e3o \u2013 29 de Setembro de 2024 Regulamento Participa\u00e7\u00e3o Prova reservada a s\u00f3cios do Clube e convidados de s\u00f3cios. Modalidade O torneio \u00e9 disputado em 18 buracos na modalidade de Stableford, com in\u00edcio \u00e0s 09:00 horas, em shot-gun. Regras As regras a aplicar s\u00e3o as aprovadas pelo Royal &amp; Ancient Golf Club of St. [&hellip;]<\/p>\n","protected":false},"author":1,"featured_media":0,"parent":0,"menu_order":0,"comment_status":"closed","ping_status":"closed","template":"page-template-blank.php","meta":{"_et_pb_use_builder":"off","_et_pb_old_content":"","_et_gb_content_width":"1080","footnotes":""},"class_list":["post-42995","page","type-page","status-publish","hentry"],"_links":{"self":[{"href":"https:\/\/clubegolfecaixa.pt\/golfe\/wp-json\/wp\/v2\/pages\/42995","targetHints":{"allow":["GET"]}}],"collection":[{"href":"https:\/\/clubegolfecaixa.pt\/golfe\/wp-json\/wp\/v2\/pages"}],"about":[{"href":"https:\/\/clubegolfecaixa.pt\/golfe\/wp-json\/wp\/v2\/types\/page"}],"author":[{"embeddable":true,"href":"https:\/\/clubegolfecaixa.pt\/golfe\/wp-json\/wp\/v2\/users\/1"}],"replies":[{"embeddable":true,"href":"https:\/\/clubegolfecaixa.pt\/golfe\/wp-json\/wp\/v2\/comments?post=42995"}],"version-history":[{"count":3,"href":"https:\/\/clubegolfecaixa.pt\/golfe\/wp-json\/wp\/v2\/pages\/42995\/revisions"}],"predecessor-version":[{"id":43013,"href":"https:\/\/clubegolfecaixa.pt\/golfe\/wp-json\/wp\/v2\/pages\/42995\/revisions\/43013"}],"wp:attachment":[{"href":"https:\/\/clubegolfecaixa.pt\/golfe\/wp-json\/wp\/v2\/media?parent=42995"}],"curies":[{"name":"wp","href":"https:\/\/api.w.org\/{rel}","templated":true}]}}