{"id":43067,"date":"2024-12-10T18:29:24","date_gmt":"2024-12-10T18:29:24","guid":{"rendered":"https:\/\/clubegolfecaixa.pt\/golfe\/?page_id=43067"},"modified":"2024-12-10T18:30:56","modified_gmt":"2024-12-10T18:30:56","slug":"regulamento_3919","status":"publish","type":"page","link":"https:\/\/clubegolfecaixa.pt\/golfe\/regulamento_3919\/","title":{"rendered":"Regulamento Ta\u00e7a Am\u00edlcar Camacho 2024"},"content":{"rendered":"\n<p><strong>Ta\u00e7a Am\u00edlcar Camacho<\/strong><\/p>\n\n\n\n<p>Santo Estev\u00e3o \u2013 15 de Dezembro de 2024<\/p>\n\n\n\n<p class=\"has-vivid-cyan-blue-color has-text-color has-link-color has-medium-font-size wp-elements-42d4913967963050ef8f2e6fb259a4c6\"><strong>Regulamento<\/strong><\/p>\n\n\n\n<p><strong>Participa\u00e7\u00e3o<\/strong><\/p>\n\n\n\n<p>Prova reservada a s\u00f3cios do Clube e convidados de s\u00f3cios.<\/p>\n\n\n\n<p><strong>Modalidade<\/strong><\/p>\n\n\n\n<p>O torneio \u00e9 disputado em 18 buracos na modalidade de <em>Stableford,<\/em> Pares, Texas Scramble, com in\u00edcio \u00e0s 9:00h, em shotgun.<\/p>\n\n\n\n<p>Cada jogador joga uma bola, escolhendo o s\u00edtio da melhor, de onde jogar\u00e3o novamente os dois, jogando primeiro o dono da bola. No green joga-se alternado, jogando primeiro o que n\u00e3o \u00e9 o dono da bola.&nbsp;<\/p>\n\n\n\n<p class=\"has-text-color has-link-color wp-elements-8ec6b2343ae9ecc649b56fde46bfedee\" style=\"color:#c67607\">Cada jogador tem que fazer um <strong>m\u00ednimo de 5 sa\u00eddas<\/strong>.<\/p>\n\n\n\n<p class=\"has-text-color has-link-color wp-elements-4b931631c4db7230dc338db35e4288a9\" style=\"color:#c67607\">A pontua\u00e7\u00e3o de cada par \u00e9 a que corresponder \u00e0 pontua\u00e7\u00e3o Stableford net calculados com \u00be da m\u00e9dia do handicap de jogo. O handicap de jogo \u00e9 calculado atrav\u00e9s da <strong>soma de 30% do handicap mais alto e 70% do handicap mais baixo<\/strong>.<\/p>\n\n\n\n<p><strong>Regras<\/strong><\/p>\n\n\n\n<p>As regras a aplicar s\u00e3o as aprovadas pelo Royal &amp; Ancient Golf Club of St. Andrews e as Regras Locais do campo onde se disputa o torneio que s\u00e3o estabelecidas pela Comiss\u00e3o T\u00e9cnica.<\/p>\n\n\n\n<p><strong>Empates<\/strong><\/p>\n\n\n\n<p>Em caso de empate, o desempate ser\u00e1 feito, em Gross, a favor do handicap mais alto, e em Net, a favor do handicap mais baixo, e, caso continue o empate, por sorteio.<\/p>\n\n\n\n<p><strong>Trof\u00e9us<\/strong><\/p>\n\n\n\n<p>Ser\u00e3o atribu\u00eddos os seguintes trof\u00e9us:<\/p>\n\n\n\n<p>-1\u00ba.,2\u00ba.,3\u00ba. Par Gross<\/p>\n\n\n\n<p>-1\u00ba.,2\u00ba.,3\u00ba. Par Net<\/p>\n\n\n\n<p>&#8211; Longest drive<\/p>\n\n\n\n<p>&#8211; Nearest to the pin<\/p>\n\n\n\n<p><strong>Notas<\/strong><\/p>\n\n\n\n<ul class=\"wp-block-list\">\n<li>Os trof\u00e9us desportivos n\u00e3o s\u00e3o acumul\u00e1veis, prevalecendo sempre a categoria mais importante, i.e., conforme a sequ\u00eancia dos trof\u00e9us.<\/li>\n\n\n\n<li>Os trof\u00e9us respeitam as Regras do Estatuto do Amador.<\/li>\n\n\n\n<li>\u00c9 permitido colocar a bola.<\/li>\n\n\n\n<li>O jogo lento poder\u00e1 ser penalizado com duas pancadas para toda a forma\u00e7\u00e3o a partir do segundo aviso.<\/li>\n\n\n\n<li>\u00c9 permitida a utiliza\u00e7\u00e3o de instrumentos electr\u00f3nicos de medi\u00e7\u00e3o de dist\u00e2ncias<\/li>\n<\/ul>\n\n\n\n<p><strong>Resultados da competi\u00e7\u00e3o<\/strong><\/p>\n\n\n\n<p>Considera-se que o resultado da competi\u00e7\u00e3o foi oficialmente encerrado, 15 minutos ap\u00f3s a folha de resultados finais ser divulgada.<\/p>\n\n\n\n<p><strong>Condi\u00e7\u00f5es de participa\u00e7\u00e3o<\/strong><\/p>\n\n\n\n<ul class=\"wp-block-list\">\n<li>Pre\u00e7os do green-fee (inclui almo\u00e7o, pr\u00e9mios e t\u00f4mbola):\n<ul class=\"wp-block-list\">\n<li><mark style=\"background-color:rgba(0, 0, 0, 0);color:#bb6307\" class=\"has-inline-color\">S\u00f3cios CGD \u2013 22,50\u20ac<\/mark>;<\/li>\n\n\n\n<li><mark style=\"background-color:rgba(0, 0, 0, 0);color:#b86106\" class=\"has-inline-color\">Convidados de s\u00f3cios \u2013 55,50\u20ac<\/mark>.<\/li>\n<\/ul>\n<\/li>\n\n\n\n<li>As inscri\u00e7\u00f5es podem ser feitas com os pares j\u00e1 constitu\u00eddos (s\u00f3cios com convidados, s\u00f3 s\u00f3cios, s\u00f3 convidados) ou isoladamente, encarregando-se a organiza\u00e7\u00e3o de fazer os pares;<\/li>\n<\/ul>\n\n\n\n<p><strong>Anula\u00e7\u00e3o e altera\u00e7\u00e3o ao Regulamento<\/strong><\/p>\n\n\n\n<p>Em qualquer altura, a Comiss\u00e3o T\u00e9cnica poder\u00e1:<\/p>\n\n\n\n<ul class=\"wp-block-list\">\n<li>Completar ou alterar o presente;<\/li>\n\n\n\n<li>Suspender ou cancelar qualquer das voltas;<\/li>\n\n\n\n<li>Anular ou cancelar a competi\u00e7\u00e3o.<\/li>\n<\/ul>\n\n\n\n<p><strong>Comiss\u00e3o T\u00e9cnica<\/strong><\/p>\n\n\n\n<p>A Comiss\u00e3o T\u00e9cnica \u00e9 constitu\u00edda por:<\/p>\n\n\n\n<ul class=\"wp-block-list\">\n<li>1 representante do Campo<\/li>\n\n\n\n<li>2 representantes do Clube CGD<\/li>\n<\/ul>\n\n\n\n<p>Lisboa, 20 de Novembro de 2024<\/p>\n","protected":false},"excerpt":{"rendered":"<p>Ta\u00e7a Am\u00edlcar Camacho Santo Estev\u00e3o \u2013 15 de Dezembro de 2024 Regulamento Participa\u00e7\u00e3o Prova reservada a s\u00f3cios do Clube e convidados de s\u00f3cios. Modalidade O torneio \u00e9 disputado em 18 buracos na modalidade de Stableford, Pares, Texas Scramble, com in\u00edcio \u00e0s 9:00h, em shotgun. Cada jogador joga uma bola, escolhendo o s\u00edtio da melhor, de [&hellip;]<\/p>\n","protected":false},"author":1,"featured_media":0,"parent":0,"menu_order":0,"comment_status":"closed","ping_status":"closed","template":"page-template-blank.php","meta":{"_et_pb_use_builder":"off","_et_pb_old_content":"","_et_gb_content_width":"1080","footnotes":""},"class_list":["post-43067","page","type-page","status-publish","hentry"],"_links":{"self":[{"href":"https:\/\/clubegolfecaixa.pt\/golfe\/wp-json\/wp\/v2\/pages\/43067","targetHints":{"allow":["GET"]}}],"collection":[{"href":"https:\/\/clubegolfecaixa.pt\/golfe\/wp-json\/wp\/v2\/pages"}],"about":[{"href":"https:\/\/clubegolfecaixa.pt\/golfe\/wp-json\/wp\/v2\/types\/page"}],"author":[{"embeddable":true,"href":"https:\/\/clubegolfecaixa.pt\/golfe\/wp-json\/wp\/v2\/users\/1"}],"replies":[{"embeddable":true,"href":"https:\/\/clubegolfecaixa.pt\/golfe\/wp-json\/wp\/v2\/comments?post=43067"}],"version-history":[{"count":1,"href":"https:\/\/clubegolfecaixa.pt\/golfe\/wp-json\/wp\/v2\/pages\/43067\/revisions"}],"predecessor-version":[{"id":43068,"href":"https:\/\/clubegolfecaixa.pt\/golfe\/wp-json\/wp\/v2\/pages\/43067\/revisions\/43068"}],"wp:attachment":[{"href":"https:\/\/clubegolfecaixa.pt\/golfe\/wp-json\/wp\/v2\/media?parent=43067"}],"curies":[{"name":"wp","href":"https:\/\/api.w.org\/{rel}","templated":true}]}}