{"id":43077,"date":"2024-12-31T22:00:37","date_gmt":"2024-12-31T22:00:37","guid":{"rendered":"https:\/\/clubegolfecaixa.pt\/golfe\/?page_id=43077"},"modified":"2025-01-01T23:03:24","modified_gmt":"2025-01-01T23:03:24","slug":"regulamento_3921","status":"publish","type":"page","link":"https:\/\/clubegolfecaixa.pt\/golfe\/regulamento_3921\/","title":{"rendered":"Regulamento &#8211; 1\u00ba Torneio OM CGD 2025"},"content":{"rendered":"\n\n\n<p>Quinta do Peru \u2013 19 de Janeiro de 2025<\/p>\n\n\n\n<p><mark style=\"background-color:rgba(0, 0, 0, 0)\" class=\"has-inline-color has-vivid-cyan-blue-color\">Regulamento<\/mark><\/p>\n\n\n\n<p><strong>Participa\u00e7\u00e3o<\/strong><\/p>\n\n\n\n<p>Prova reservada a s\u00f3cios do Clube e convidados de s\u00f3cios.<\/p>\n\n\n\n<p><strong>Modalidade<\/strong><\/p>\n\n\n\n<p>O torneio \u00e9 disputado em 18 buracos na modalidade de Stableford, com in\u00edcio \u00e0s 9:30h em shot-gun.<\/p>\n\n\n\n<p><strong>Regras<\/strong><\/p>\n\n\n\n<p>As regras a aplicar s\u00e3o as aprovadas pelo Royal and Ancient Golf Club of St. Andrews e as Regras Locais do campo onde se disputa o torneio que s\u00e3o estabelecidas pela Comiss\u00e3o T\u00e9cnica. O handicap m\u00e1ximo para efeitos de classifica\u00e7\u00e3o no torneio e para a Ordem de M\u00e9rito do Clube \u00e9 36 WHS.<\/p>\n\n\n\n<p><strong>Empates<\/strong><\/p>\n\n\n\n<p>Em caso de empate, o desempate \u00e9 feito, em Gross, a favor do handicap mais alto, e em Net, a favor do handicap mais baixo. Se persistir o empate, o desempate ser\u00e1 feito, sucessivamente pelos \u00faltimos 9, 6, 3 buracos e melhor \u00faltimo buraco do campo, e finalmente, caso continue o empate, por sorteio.<\/p>\n\n\n\n<p><strong>Notas<\/strong><\/p>\n\n\n\n<ul class=\"wp-block-list\">\n<li>\u00c9 permitido colocar a bola.<\/li>\n\n\n\n<li>O jogo lento poder\u00e1 ser penalizado com duas pancadas para toda a forma\u00e7\u00e3o a partir do segundo aviso.<\/li>\n\n\n\n<li>\u00c9 permitida a utiliza\u00e7\u00e3o de instrumentos electr\u00f3nicos de medi\u00e7\u00e3o de dist\u00e2ncias<\/li>\n\n\n\n<li><mark style=\"background-color:#ffed9d\" class=\"has-inline-color has-black-color\">Os 32 jogadores melhores classificados, que n\u00e3o declarem o contr\u00e1rio, ser\u00e3o apurados para disputar a competi\u00e7\u00e3o em Match Play 2025<\/mark><\/li>\n<\/ul>\n\n\n\n<p><strong>Resultados da competi\u00e7\u00e3o<\/strong><\/p>\n\n\n\n<p>Considera-se que o resultado da competi\u00e7\u00e3o foi oficialmente encerrado, 30 minutos ap\u00f3s a folha de resultados finais ser divulgada.<\/p>\n\n\n\n<p><strong>Condi\u00e7\u00f5es de participa\u00e7\u00e3o<\/strong><\/p>\n\n\n\n<ul class=\"wp-block-list\">\n<li>Pre\u00e7os do green-fee:\n<ul class=\"wp-block-list\">\n<li>s\u00f3cios CGD 17\u20ac e assinam o livro;<\/li>\n\n\n\n<li>convidados 37\u20ac;<\/li>\n\n\n\n<li>s\u00f3cios da Quinta do Peru, pagam de acordo com as suas condi\u00e7\u00f5es habituais no Clube.<\/li>\n<\/ul>\n<\/li>\n\n\n\n<li>Jogadores que n\u00e3o tenham a situa\u00e7\u00e3o regularizada junto da Federa\u00e7\u00e3o Portuguesa de Golfe, bem como handicaps de clube, n\u00e3o podem ser premiados nem participar no Match Play e nas Ordens de M\u00e9rito.<\/li>\n<\/ul>\n\n\n\n<p><strong>Anula\u00e7\u00e3o e altera\u00e7\u00e3o ao Regulamento<\/strong><\/p>\n\n\n\n<p>Em qualquer altura, a Comiss\u00e3o T\u00e9cnica poder\u00e1:<\/p>\n\n\n\n<ul class=\"wp-block-list\">\n<li>Completar ou alterar o presente;<\/li>\n\n\n\n<li>Suspender ou cancelar qualquer das voltas;<\/li>\n\n\n\n<li>Anular ou cancelar a competi\u00e7\u00e3o.<\/li>\n<\/ul>\n\n\n\n<p><strong>Comiss\u00e3o T\u00e9cnica<\/strong><\/p>\n\n\n\n<p>A Comiss\u00e3o T\u00e9cnica \u00e9 constitu\u00edda por:<\/p>\n\n\n\n<ul class=\"wp-block-list\">\n<li>1 representante do Campo<\/li>\n\n\n\n<li>2 representantes do Clube CGD<\/li>\n<\/ul>\n","protected":false},"excerpt":{"rendered":"<p>Quinta do Peru \u2013 19 de Janeiro de 2025 Regulamento Participa\u00e7\u00e3o Prova reservada a s\u00f3cios do Clube e convidados de s\u00f3cios. Modalidade O torneio \u00e9 disputado em 18 buracos na modalidade de Stableford, com in\u00edcio \u00e0s 9:30h em shot-gun. Regras As regras a aplicar s\u00e3o as aprovadas pelo Royal and Ancient Golf Club of St. [&hellip;]<\/p>\n","protected":false},"author":1,"featured_media":0,"parent":0,"menu_order":0,"comment_status":"closed","ping_status":"closed","template":"page-template-blank.php","meta":{"_et_pb_use_builder":"off","_et_pb_old_content":"","_et_gb_content_width":"1080","footnotes":""},"class_list":["post-43077","page","type-page","status-publish","hentry"],"_links":{"self":[{"href":"https:\/\/clubegolfecaixa.pt\/golfe\/wp-json\/wp\/v2\/pages\/43077","targetHints":{"allow":["GET"]}}],"collection":[{"href":"https:\/\/clubegolfecaixa.pt\/golfe\/wp-json\/wp\/v2\/pages"}],"about":[{"href":"https:\/\/clubegolfecaixa.pt\/golfe\/wp-json\/wp\/v2\/types\/page"}],"author":[{"embeddable":true,"href":"https:\/\/clubegolfecaixa.pt\/golfe\/wp-json\/wp\/v2\/users\/1"}],"replies":[{"embeddable":true,"href":"https:\/\/clubegolfecaixa.pt\/golfe\/wp-json\/wp\/v2\/comments?post=43077"}],"version-history":[{"count":2,"href":"https:\/\/clubegolfecaixa.pt\/golfe\/wp-json\/wp\/v2\/pages\/43077\/revisions"}],"predecessor-version":[{"id":43092,"href":"https:\/\/clubegolfecaixa.pt\/golfe\/wp-json\/wp\/v2\/pages\/43077\/revisions\/43092"}],"wp:attachment":[{"href":"https:\/\/clubegolfecaixa.pt\/golfe\/wp-json\/wp\/v2\/media?parent=43077"}],"curies":[{"name":"wp","href":"https:\/\/api.w.org\/{rel}","templated":true}]}}