{"id":43183,"date":"2025-12-11T00:56:50","date_gmt":"2025-12-11T00:56:50","guid":{"rendered":"https:\/\/clubegolfecaixa.pt\/golfe\/?page_id=43183"},"modified":"2025-12-11T00:56:52","modified_gmt":"2025-12-11T00:56:52","slug":"regulamento_3936","status":"publish","type":"page","link":"https:\/\/clubegolfecaixa.pt\/golfe\/regulamento_3936\/","title":{"rendered":"Regulamento"},"content":{"rendered":"\n<p><strong>Participa\u00e7\u00e3o<\/strong><\/p>\n\n\n\n<p>Prova reservada a s\u00f3cios do Clube e convidados de s\u00f3cios.<\/p>\n\n\n\n<p><strong>Modalidade<\/strong><\/p>\n\n\n\n<p>O torneio \u00e9 disputado em 18 buracos na modalidade de Stableford, Pares, Texas Scramble, com in\u00edcio \u00e0s 9:00h, em shotgun.<\/p>\n\n\n\n<p>Cada jogador joga uma bola, escolhendo o s\u00edtio da melhor, de onde jogar\u00e3o novamente os dois, jogando primeiro o dono da bola. No green joga-se alternado, jogando primeiro o que n\u00e3o \u00e9 o dono da bola.<br>Cada jogador tem que fazer um <strong>m\u00ednimo de 5 sa\u00eddas<\/strong>.<br>A pontua\u00e7\u00e3o de cada par \u00e9 a que corresponder \u00e0 pontua\u00e7\u00e3o Stableford net calculados com \u00be da m\u00e9dia do handicap de jogo. O handicap de jogo \u00e9 calculado atrav\u00e9s da soma de <strong>30% do handicap mais alto e 70%<\/strong> do handicap mais baixo.<\/p>\n\n\n\n<p><strong>Regras<\/strong><\/p>\n\n\n\n<p>As regras a aplicar s\u00e3o as aprovadas pelo Royal and Ancient Golf Club of St. Andrews e as Regras Locais do campo onde se disputa o torneio que s\u00e3o estabelecidas pela Comiss\u00e3o T\u00e9cnica.<\/p>\n\n\n\n<p><strong>Empates<\/strong><\/p>\n\n\n\n<p>Em caso de empate, o desempate ser\u00e1 feito, em Gross, a favor do handicap mais alto, e em Net, a favor do handicap mais baixo, e, caso continue o empate, por sorteio.<\/p>\n\n\n\n<p><strong>Trof\u00e9us<\/strong><\/p>\n\n\n\n<p>Ser\u00e3o atribu\u00eddos os seguintes trof\u00e9us:<\/p>\n\n\n\n<ul class=\"wp-block-list\">\n<li>1\u00ba.,2\u00ba.,3\u00ba. Par Gross<\/li>\n\n\n\n<li>1\u00ba.,2\u00ba.,3\u00ba. Par Net<\/li>\n\n\n\n<li>Nearest to the pin<\/li>\n\n\n\n<li>Nearest to the pin<\/li>\n<\/ul>\n\n\n\n<p><strong>Notas<\/strong><\/p>\n\n\n\n<ul class=\"wp-block-list\">\n<li>Os trof\u00e9us desportivos n\u00e3o s\u00e3o acumul\u00e1veis, prevalecendo sempre a categoria mais importante, i.e., conforme a sequ\u00eancia dos trof\u00e9us.<\/li>\n\n\n\n<li>Os trof\u00e9us respeitam as Regras do Estatuto do Amador.<\/li>\n\n\n\n<li>\u00c9 permitido colocar a bola.<\/li>\n\n\n\n<li>O jogo lento poder\u00e1 ser penalizado com duas pancadas para toda a forma\u00e7\u00e3o a partir do segundo aviso.<\/li>\n\n\n\n<li>\u00c9 permitida a utiliza\u00e7\u00e3o de instrumentos electr\u00f3nicos de medi\u00e7\u00e3o de dist\u00e2ncias.<\/li>\n<\/ul>\n\n\n\n<p><strong>Resultados da competi\u00e7\u00e3o<\/strong><\/p>\n\n\n\n<p>Considera-se que o resultado da competi\u00e7\u00e3o foi oficialmente encerrado, 15 minutos ap\u00f3s a folha de<br>resultados finais ser divulgada.<\/p>\n\n\n\n<p><strong>Condi\u00e7\u00f5es de participa\u00e7\u00e3o<\/strong><\/p>\n\n\n\n<ul class=\"wp-block-list\">\n<li>Pre\u00e7os (inclui almo\u00e7o, pr\u00e9mios e t\u00f4mbola)::\n<ul class=\"wp-block-list\">\n<li class=\"has-text-color has-link-color wp-elements-40375d6fcd248bbaa1809e582184a210\" style=\"color:#b56b04\">S\u00f3cios CGD: 33,00\u20ac;<\/li>\n\n\n\n<li class=\"has-text-color has-link-color wp-elements-93e8d113591c252e87204fe4c1089d3c\" style=\"color:#b56b04\">Convidados: 63,00\u20ac;<\/li>\n\n\n\n<li class=\"has-text-color has-link-color wp-elements-15be41b51c7f27c0a897d6929bee9075\" style=\"color:#b56b04\">Almo\u00e7os extra \u2013 25,00\u20ac<\/li>\n<\/ul>\n<\/li>\n\n\n\n<li class=\"has-vivid-cyan-blue-color has-text-color has-link-color wp-elements-fc950590d4081c016823918e35a02849\">As inscri\u00e7\u00f5es podem ser feitas com os pares j\u00e1 constitu\u00eddos (s\u00f3cios com convidados, s\u00f3 s\u00f3cios, s\u00f3 convidados ou isoladamente, encarregando-se a organiza\u00e7\u00e3o de fazer os pares.<\/li>\n<\/ul>\n\n\n\n<p><strong>Anula\u00e7\u00e3o e altera\u00e7\u00e3o ao Regulamento<\/strong><\/p>\n\n\n\n<p>Em qualquer altura, a Comiss\u00e3o T\u00e9cnica poder\u00e1:<\/p>\n\n\n\n<ul class=\"wp-block-list\">\n<li>Completar ou alterar o presente;<\/li>\n\n\n\n<li>Suspender ou cancelar qualquer das voltas;<\/li>\n\n\n\n<li>Anular ou cancelar a competi\u00e7\u00e3o.<\/li>\n<\/ul>\n\n\n\n<p><strong>Comiss\u00e3o T\u00e9cnica<\/strong><\/p>\n\n\n\n<p>A Comiss\u00e3o T\u00e9cnica \u00e9 constitu\u00edda por:<\/p>\n\n\n\n<ul class=\"wp-block-list\">\n<li>1 representante do Campo<\/li>\n\n\n\n<li>2 representantes do Clube CGD<\/li>\n<\/ul>\n","protected":false},"excerpt":{"rendered":"<p>Participa\u00e7\u00e3o Prova reservada a s\u00f3cios do Clube e convidados de s\u00f3cios. Modalidade O torneio \u00e9 disputado em 18 buracos na modalidade de Stableford, Pares, Texas Scramble, com in\u00edcio \u00e0s 9:00h, em shotgun. Cada jogador joga uma bola, escolhendo o s\u00edtio da melhor, de onde jogar\u00e3o novamente os dois, jogando primeiro o dono da bola. No [&hellip;]<\/p>\n","protected":false},"author":1,"featured_media":0,"parent":0,"menu_order":0,"comment_status":"closed","ping_status":"closed","template":"page-template-blank.php","meta":{"_et_pb_use_builder":"off","_et_pb_old_content":"","_et_gb_content_width":"1080","footnotes":""},"class_list":["post-43183","page","type-page","status-publish","hentry"],"_links":{"self":[{"href":"https:\/\/clubegolfecaixa.pt\/golfe\/wp-json\/wp\/v2\/pages\/43183","targetHints":{"allow":["GET"]}}],"collection":[{"href":"https:\/\/clubegolfecaixa.pt\/golfe\/wp-json\/wp\/v2\/pages"}],"about":[{"href":"https:\/\/clubegolfecaixa.pt\/golfe\/wp-json\/wp\/v2\/types\/page"}],"author":[{"embeddable":true,"href":"https:\/\/clubegolfecaixa.pt\/golfe\/wp-json\/wp\/v2\/users\/1"}],"replies":[{"embeddable":true,"href":"https:\/\/clubegolfecaixa.pt\/golfe\/wp-json\/wp\/v2\/comments?post=43183"}],"version-history":[{"count":1,"href":"https:\/\/clubegolfecaixa.pt\/golfe\/wp-json\/wp\/v2\/pages\/43183\/revisions"}],"predecessor-version":[{"id":43185,"href":"https:\/\/clubegolfecaixa.pt\/golfe\/wp-json\/wp\/v2\/pages\/43183\/revisions\/43185"}],"wp:attachment":[{"href":"https:\/\/clubegolfecaixa.pt\/golfe\/wp-json\/wp\/v2\/media?parent=43183"}],"curies":[{"name":"wp","href":"https:\/\/api.w.org\/{rel}","templated":true}]}}